{"id":721,"date":"2020-08-04T11:16:23","date_gmt":"2020-08-04T09:16:23","guid":{"rendered":"https:\/\/albaluz.com\/?page_id=721"},"modified":"2020-08-04T11:19:01","modified_gmt":"2020-08-04T09:19:01","slug":"yoe-coleccion","status":"publish","type":"page","link":"https:\/\/albaluz.com\/en\/catalogo\/yoe-coleccion\/","title":{"rendered":"Yoe"},"content":{"rendered":"<div class=\"wp-block-columns is-layout-flex wp-container-core-columns-is-layout-9d6595d7 wp-block-columns-is-layout-flex\">\n<div class=\"wp-block-column is-layout-flow wp-block-column-is-layout-flow\">\n<div class=\"wp-block-image\"><figure class=\"alignright size-large\"><img loading=\"lazy\" decoding=\"async\" width=\"686\" height=\"317\" src=\"https:\/\/albaluz.com\/wp-content\/uploads\/2020\/08\/yoe-acabados.png\" alt=\"\" class=\"wp-image-718\" srcset=\"https:\/\/albaluz.com\/wp-content\/uploads\/2020\/08\/yoe-acabados.png 686w, https:\/\/albaluz.com\/wp-content\/uploads\/2020\/08\/yoe-acabados-300x139.png 300w\" sizes=\"auto, (max-width: 686px) 100vw, 686px\" \/><\/figure><\/div>\n<\/div>\n\n\n\n<div class=\"wp-block-column is-layout-flow wp-block-column-is-layout-flow\">\n<h2 class=\"has-text-align-center wp-block-heading\">Aplique-plaf\u00f3n ideal para ambientes p\u00fablicos o privados<\/h2>\n<\/div>\n<\/div>\n\n\n\n<h3 class=\"has-text-align-center wp-block-heading\"><strong>ACABADOS<\/strong><\/h3>\n\n\n\n<p class=\"has-drop-cap\"><strong>Metal:<\/strong> cromo, n\u00edquel mate, blanco, negro<br><strong>Difusor:<\/strong> policarbonato opal<\/p>\n\n\n\n<figure class=\"wp-block-image size-large\"><img loading=\"lazy\" decoding=\"async\" width=\"672\" height=\"355\" src=\"https:\/\/albaluz.com\/wp-content\/uploads\/2020\/08\/yoe-opciones.png\" alt=\"\" class=\"wp-image-720\" srcset=\"https:\/\/albaluz.com\/wp-content\/uploads\/2020\/08\/yoe-opciones.png 672w, https:\/\/albaluz.com\/wp-content\/uploads\/2020\/08\/yoe-opciones-300x158.png 300w\" sizes=\"auto, (max-width: 672px) 100vw, 672px\" \/><\/figure>","protected":false},"excerpt":{"rendered":"<p>Aplique-plaf\u00f3n ideal para ambientes p\u00fablicos o privados ACABADOS Metal: cromo, n\u00edquel mate, blanco, negroDifusor: policarbonato opal<\/p>","protected":false},"author":2,"featured_media":719,"parent":163,"menu_order":0,"comment_status":"closed","ping_status":"closed","template":"","meta":{"footnotes":""},"class_list":["post-721","page","type-page","status-publish","has-post-thumbnail","hentry"],"yoast_head":"<!-- This site is optimized with the Yoast SEO plugin v27.5 - https:\/\/yoast.com\/product\/yoast-seo-wordpress\/ -->\n<title>Yoe - ALBALUZ ILUMINACI\u00d3N<\/title>\n<meta name=\"robots\" content=\"index, follow, max-snippet:-1, max-image-preview:large, max-video-preview:-1\" \/>\n<link rel=\"canonical\" href=\"https:\/\/albaluz.com\/en\/catalogo\/yoe-coleccion\/\" \/>\n<meta property=\"og:locale\" content=\"en_GB\" \/>\n<meta property=\"og:type\" content=\"article\" \/>\n<meta property=\"og:title\" content=\"Yoe - ALBALUZ ILUMINACI\u00d3N\" \/>\n<meta property=\"og:description\" content=\"Aplique-plaf\u00f3n ideal para ambientes p\u00fablicos o privados ACABADOS Metal: cromo, n\u00edquel mate, blanco, negroDifusor: policarbonato opal\" \/>\n<meta property=\"og:url\" content=\"https:\/\/albaluz.com\/en\/catalogo\/yoe-coleccion\/\" \/>\n<meta property=\"og:site_name\" content=\"ALBALUZ ILUMINACI\u00d3N\" \/>\n<meta property=\"article:modified_time\" content=\"2020-08-04T09:19:01+00:00\" \/>\n<meta property=\"og:image\" content=\"https:\/\/albaluz.com\/wp-content\/uploads\/2020\/08\/yoe-ambiente.png\" \/>\n\t<meta property=\"og:image:width\" content=\"673\" \/>\n\t<meta property=\"og:image:height\" content=\"500\" \/>\n\t<meta property=\"og:image:type\" content=\"image\/png\" \/>\n<meta name=\"twitter:card\" content=\"summary_large_image\" \/>\n<script type=\"application\/ld+json\" class=\"yoast-schema-graph\">{\"@context\":\"https:\\\/\\\/schema.org\",\"@graph\":[{\"@type\":\"WebPage\",\"@id\":\"https:\\\/\\\/albaluz.com\\\/catalogo\\\/yoe-coleccion\\\/\",\"url\":\"https:\\\/\\\/albaluz.com\\\/catalogo\\\/yoe-coleccion\\\/\",\"name\":\"Yoe - ALBALUZ ILUMINACI\u00d3N\",\"isPartOf\":{\"@id\":\"https:\\\/\\\/albaluz.com\\\/#website\"},\"primaryImageOfPage\":{\"@id\":\"https:\\\/\\\/albaluz.com\\\/catalogo\\\/yoe-coleccion\\\/#primaryimage\"},\"image\":{\"@id\":\"https:\\\/\\\/albaluz.com\\\/catalogo\\\/yoe-coleccion\\\/#primaryimage\"},\"thumbnailUrl\":\"https:\\\/\\\/albaluz.com\\\/wp-content\\\/uploads\\\/2020\\\/08\\\/yoe-ambiente.png\",\"datePublished\":\"2020-08-04T09:16:23+00:00\",\"dateModified\":\"2020-08-04T09:19:01+00:00\",\"breadcrumb\":{\"@id\":\"https:\\\/\\\/albaluz.com\\\/catalogo\\\/yoe-coleccion\\\/#breadcrumb\"},\"inLanguage\":\"en-GB\",\"potentialAction\":[{\"@type\":\"ReadAction\",\"target\":[\"https:\\\/\\\/albaluz.com\\\/catalogo\\\/yoe-coleccion\\\/\"]}]},{\"@type\":\"ImageObject\",\"inLanguage\":\"en-GB\",\"@id\":\"https:\\\/\\\/albaluz.com\\\/catalogo\\\/yoe-coleccion\\\/#primaryimage\",\"url\":\"https:\\\/\\\/albaluz.com\\\/wp-content\\\/uploads\\\/2020\\\/08\\\/yoe-ambiente.png\",\"contentUrl\":\"https:\\\/\\\/albaluz.com\\\/wp-content\\\/uploads\\\/2020\\\/08\\\/yoe-ambiente.png\",\"width\":673,\"height\":500},{\"@type\":\"BreadcrumbList\",\"@id\":\"https:\\\/\\\/albaluz.com\\\/catalogo\\\/yoe-coleccion\\\/#breadcrumb\",\"itemListElement\":[{\"@type\":\"ListItem\",\"position\":1,\"name\":\"Portada\",\"item\":\"https:\\\/\\\/albaluz.com\\\/\"},{\"@type\":\"ListItem\",\"position\":2,\"name\":\"Cat\u00e1logo\",\"item\":\"https:\\\/\\\/albaluz.com\\\/catalogo\\\/\"},{\"@type\":\"ListItem\",\"position\":3,\"name\":\"Yoe\"}]},{\"@type\":\"WebSite\",\"@id\":\"https:\\\/\\\/albaluz.com\\\/#website\",\"url\":\"https:\\\/\\\/albaluz.com\\\/\",\"name\":\"ALBALUZ ILUMINACI\u00d3N\",\"description\":\"Proyectos de dise\u00f1o exclusivo\",\"publisher\":{\"@id\":\"https:\\\/\\\/albaluz.com\\\/#organization\"},\"potentialAction\":[{\"@type\":\"SearchAction\",\"target\":{\"@type\":\"EntryPoint\",\"urlTemplate\":\"https:\\\/\\\/albaluz.com\\\/?s={search_term_string}\"},\"query-input\":{\"@type\":\"PropertyValueSpecification\",\"valueRequired\":true,\"valueName\":\"search_term_string\"}}],\"inLanguage\":\"en-GB\"},{\"@type\":\"Organization\",\"@id\":\"https:\\\/\\\/albaluz.com\\\/#organization\",\"name\":\"ALBALUZ ILUMINACI\u00d3N\",\"url\":\"https:\\\/\\\/albaluz.com\\\/\",\"logo\":{\"@type\":\"ImageObject\",\"inLanguage\":\"en-GB\",\"@id\":\"https:\\\/\\\/albaluz.com\\\/#\\\/schema\\\/logo\\\/image\\\/\",\"url\":\"https:\\\/\\\/albaluz.com\\\/wp-content\\\/uploads\\\/2020\\\/06\\\/albaluz-new-logo.jpg\",\"contentUrl\":\"https:\\\/\\\/albaluz.com\\\/wp-content\\\/uploads\\\/2020\\\/06\\\/albaluz-new-logo.jpg\",\"width\":977,\"height\":176,\"caption\":\"ALBALUZ ILUMINACI\u00d3N\"},\"image\":{\"@id\":\"https:\\\/\\\/albaluz.com\\\/#\\\/schema\\\/logo\\\/image\\\/\"}}]}<\/script>\n<!-- \/ Yoast SEO plugin. -->","yoast_head_json":{"title":"Yoe - ALBALUZ ILUMINACI\u00d3N","robots":{"index":"index","follow":"follow","max-snippet":"max-snippet:-1","max-image-preview":"max-image-preview:large","max-video-preview":"max-video-preview:-1"},"canonical":"https:\/\/albaluz.com\/en\/catalogo\/yoe-coleccion\/","og_locale":"en_GB","og_type":"article","og_title":"Yoe - ALBALUZ ILUMINACI\u00d3N","og_description":"Aplique-plaf\u00f3n ideal para ambientes p\u00fablicos o privados ACABADOS Metal: cromo, n\u00edquel mate, blanco, negroDifusor: policarbonato opal","og_url":"https:\/\/albaluz.com\/en\/catalogo\/yoe-coleccion\/","og_site_name":"ALBALUZ ILUMINACI\u00d3N","article_modified_time":"2020-08-04T09:19:01+00:00","og_image":[{"width":673,"height":500,"url":"https:\/\/albaluz.com\/wp-content\/uploads\/2020\/08\/yoe-ambiente.png","type":"image\/png"}],"twitter_card":"summary_large_image","schema":{"@context":"https:\/\/schema.org","@graph":[{"@type":"WebPage","@id":"https:\/\/albaluz.com\/catalogo\/yoe-coleccion\/","url":"https:\/\/albaluz.com\/catalogo\/yoe-coleccion\/","name":"Yoe - ALBALUZ ILUMINACI\u00d3N","isPartOf":{"@id":"https:\/\/albaluz.com\/#website"},"primaryImageOfPage":{"@id":"https:\/\/albaluz.com\/catalogo\/yoe-coleccion\/#primaryimage"},"image":{"@id":"https:\/\/albaluz.com\/catalogo\/yoe-coleccion\/#primaryimage"},"thumbnailUrl":"https:\/\/albaluz.com\/wp-content\/uploads\/2020\/08\/yoe-ambiente.png","datePublished":"2020-08-04T09:16:23+00:00","dateModified":"2020-08-04T09:19:01+00:00","breadcrumb":{"@id":"https:\/\/albaluz.com\/catalogo\/yoe-coleccion\/#breadcrumb"},"inLanguage":"en-GB","potentialAction":[{"@type":"ReadAction","target":["https:\/\/albaluz.com\/catalogo\/yoe-coleccion\/"]}]},{"@type":"ImageObject","inLanguage":"en-GB","@id":"https:\/\/albaluz.com\/catalogo\/yoe-coleccion\/#primaryimage","url":"https:\/\/albaluz.com\/wp-content\/uploads\/2020\/08\/yoe-ambiente.png","contentUrl":"https:\/\/albaluz.com\/wp-content\/uploads\/2020\/08\/yoe-ambiente.png","width":673,"height":500},{"@type":"BreadcrumbList","@id":"https:\/\/albaluz.com\/catalogo\/yoe-coleccion\/#breadcrumb","itemListElement":[{"@type":"ListItem","position":1,"name":"Portada","item":"https:\/\/albaluz.com\/"},{"@type":"ListItem","position":2,"name":"Cat\u00e1logo","item":"https:\/\/albaluz.com\/catalogo\/"},{"@type":"ListItem","position":3,"name":"Yoe"}]},{"@type":"WebSite","@id":"https:\/\/albaluz.com\/#website","url":"https:\/\/albaluz.com\/","name":"ALBALUZ ILUMINACI\u00d3N","description":"Proyectos de dise\u00f1o exclusivo","publisher":{"@id":"https:\/\/albaluz.com\/#organization"},"potentialAction":[{"@type":"SearchAction","target":{"@type":"EntryPoint","urlTemplate":"https:\/\/albaluz.com\/?s={search_term_string}"},"query-input":{"@type":"PropertyValueSpecification","valueRequired":true,"valueName":"search_term_string"}}],"inLanguage":"en-GB"},{"@type":"Organization","@id":"https:\/\/albaluz.com\/#organization","name":"ALBALUZ ILUMINACI\u00d3N","url":"https:\/\/albaluz.com\/","logo":{"@type":"ImageObject","inLanguage":"en-GB","@id":"https:\/\/albaluz.com\/#\/schema\/logo\/image\/","url":"https:\/\/albaluz.com\/wp-content\/uploads\/2020\/06\/albaluz-new-logo.jpg","contentUrl":"https:\/\/albaluz.com\/wp-content\/uploads\/2020\/06\/albaluz-new-logo.jpg","width":977,"height":176,"caption":"ALBALUZ ILUMINACI\u00d3N"},"image":{"@id":"https:\/\/albaluz.com\/#\/schema\/logo\/image\/"}}]}},"acf":[],"jetpack_sharing_enabled":true,"_links":{"self":[{"href":"https:\/\/albaluz.com\/en\/wp-json\/wp\/v2\/pages\/721","targetHints":{"allow":["GET"]}}],"collection":[{"href":"https:\/\/albaluz.com\/en\/wp-json\/wp\/v2\/pages"}],"about":[{"href":"https:\/\/albaluz.com\/en\/wp-json\/wp\/v2\/types\/page"}],"author":[{"embeddable":true,"href":"https:\/\/albaluz.com\/en\/wp-json\/wp\/v2\/users\/2"}],"replies":[{"embeddable":true,"href":"https:\/\/albaluz.com\/en\/wp-json\/wp\/v2\/comments?post=721"}],"version-history":[{"count":2,"href":"https:\/\/albaluz.com\/en\/wp-json\/wp\/v2\/pages\/721\/revisions"}],"predecessor-version":[{"id":723,"href":"https:\/\/albaluz.com\/en\/wp-json\/wp\/v2\/pages\/721\/revisions\/723"}],"up":[{"embeddable":true,"href":"https:\/\/albaluz.com\/en\/wp-json\/wp\/v2\/pages\/163"}],"wp:featuredmedia":[{"embeddable":true,"href":"https:\/\/albaluz.com\/en\/wp-json\/wp\/v2\/media\/719"}],"wp:attachment":[{"href":"https:\/\/albaluz.com\/en\/wp-json\/wp\/v2\/media?parent=721"}],"curies":[{"name":"wp","href":"https:\/\/api.w.org\/{rel}","templated":true}]}}