{"id":713,"date":"2020-08-04T11:08:18","date_gmt":"2020-08-04T09:08:18","guid":{"rendered":"https:\/\/albaluz.com\/?page_id=713"},"modified":"2020-08-04T11:11:59","modified_gmt":"2020-08-04T09:11:59","slug":"slim-coleccion","status":"publish","type":"page","link":"https:\/\/albaluz.com\/en\/catalogo\/slim-coleccion\/","title":{"rendered":"Slim"},"content":{"rendered":"<div class=\"wp-block-columns is-layout-flex wp-container-core-columns-is-layout-9d6595d7 wp-block-columns-is-layout-flex\">\n<div class=\"wp-block-column is-layout-flow wp-block-column-is-layout-flow\">\n<div class=\"wp-block-image\"><figure class=\"alignright size-large\"><img loading=\"lazy\" decoding=\"async\" width=\"740\" height=\"243\" src=\"https:\/\/albaluz.com\/wp-content\/uploads\/2020\/08\/slim-acabados.png\" alt=\"\" class=\"wp-image-710\" srcset=\"https:\/\/albaluz.com\/wp-content\/uploads\/2020\/08\/slim-acabados.png 740w, https:\/\/albaluz.com\/wp-content\/uploads\/2020\/08\/slim-acabados-300x99.png 300w\" sizes=\"auto, (max-width: 740px) 100vw, 740px\" \/><\/figure><\/div>\n<\/div>\n\n\n\n<div class=\"wp-block-column is-layout-flow wp-block-column-is-layout-flow\">\n<h2 class=\"has-text-align-center wp-block-heading\">Aplique de \u00faltima generaci\u00f3n<\/h2>\n\n\n\n<p>La tecnolog\u00eda LED integrada en este dise\u00f1o de escaso grosor, hace que esta pieza consiga cumplir con los m\u00e1s altos requerimientos del dise\u00f1o actual<\/p>\n<\/div>\n<\/div>\n\n\n\n<h3 class=\"has-text-align-center wp-block-heading\"><strong>ACABADOS<\/strong><\/h3>\n\n\n\n<p class=\"has-drop-cap\"><strong>Metal:<\/strong> cromo, n\u00edquel, blanco, negro<br><strong>Difusor:<\/strong> policarbonato opal<\/p>\n\n\n\n<figure class=\"wp-block-image size-large\"><img loading=\"lazy\" decoding=\"async\" width=\"695\" height=\"410\" src=\"https:\/\/albaluz.com\/wp-content\/uploads\/2020\/08\/slim-opciones.png\" alt=\"\" class=\"wp-image-712\" srcset=\"https:\/\/albaluz.com\/wp-content\/uploads\/2020\/08\/slim-opciones.png 695w, https:\/\/albaluz.com\/wp-content\/uploads\/2020\/08\/slim-opciones-300x177.png 300w\" sizes=\"auto, (max-width: 695px) 100vw, 695px\" \/><\/figure>","protected":false},"excerpt":{"rendered":"<p>Aplique de \u00faltima generaci\u00f3n La tecnolog\u00eda LED integrada en este dise\u00f1o de escaso grosor, hace que esta pieza consiga cumplir con los m\u00e1s altos requerimientos del dise\u00f1o actual ACABADOS Metal: cromo, n\u00edquel, blanco, negroDifusor: policarbonato opal<\/p>","protected":false},"author":2,"featured_media":711,"parent":163,"menu_order":0,"comment_status":"closed","ping_status":"closed","template":"","meta":{"footnotes":""},"class_list":["post-713","page","type-page","status-publish","has-post-thumbnail","hentry"],"yoast_head":"<!-- This site is optimized with the Yoast SEO plugin v27.3 - https:\/\/yoast.com\/product\/yoast-seo-wordpress\/ -->\n<title>Slim - ALBALUZ ILUMINACI\u00d3N<\/title>\n<meta name=\"robots\" content=\"index, follow, max-snippet:-1, max-image-preview:large, max-video-preview:-1\" \/>\n<link rel=\"canonical\" href=\"https:\/\/albaluz.com\/en\/catalogo\/slim-coleccion\/\" \/>\n<meta property=\"og:locale\" content=\"en_GB\" \/>\n<meta property=\"og:type\" content=\"article\" \/>\n<meta property=\"og:title\" content=\"Slim - ALBALUZ ILUMINACI\u00d3N\" \/>\n<meta property=\"og:description\" content=\"Aplique de \u00faltima generaci\u00f3n La tecnolog\u00eda LED integrada en este dise\u00f1o de escaso grosor, hace que esta pieza consiga cumplir con los m\u00e1s altos requerimientos del dise\u00f1o actual ACABADOS Metal: cromo, n\u00edquel, blanco, negroDifusor: policarbonato opal\" \/>\n<meta property=\"og:url\" content=\"https:\/\/albaluz.com\/en\/catalogo\/slim-coleccion\/\" \/>\n<meta property=\"og:site_name\" content=\"ALBALUZ ILUMINACI\u00d3N\" \/>\n<meta property=\"article:modified_time\" content=\"2020-08-04T09:11:59+00:00\" \/>\n<meta property=\"og:image\" content=\"https:\/\/albaluz.com\/wp-content\/uploads\/2020\/08\/slim-ambiente.png\" \/>\n\t<meta property=\"og:image:width\" content=\"803\" \/>\n\t<meta property=\"og:image:height\" content=\"462\" \/>\n\t<meta property=\"og:image:type\" content=\"image\/png\" \/>\n<meta name=\"twitter:card\" content=\"summary_large_image\" \/>\n<script type=\"application\/ld+json\" class=\"yoast-schema-graph\">{\"@context\":\"https:\\\/\\\/schema.org\",\"@graph\":[{\"@type\":\"WebPage\",\"@id\":\"https:\\\/\\\/albaluz.com\\\/catalogo\\\/slim-coleccion\\\/\",\"url\":\"https:\\\/\\\/albaluz.com\\\/catalogo\\\/slim-coleccion\\\/\",\"name\":\"Slim - ALBALUZ ILUMINACI\u00d3N\",\"isPartOf\":{\"@id\":\"https:\\\/\\\/albaluz.com\\\/#website\"},\"primaryImageOfPage\":{\"@id\":\"https:\\\/\\\/albaluz.com\\\/catalogo\\\/slim-coleccion\\\/#primaryimage\"},\"image\":{\"@id\":\"https:\\\/\\\/albaluz.com\\\/catalogo\\\/slim-coleccion\\\/#primaryimage\"},\"thumbnailUrl\":\"https:\\\/\\\/albaluz.com\\\/wp-content\\\/uploads\\\/2020\\\/08\\\/slim-ambiente.png\",\"datePublished\":\"2020-08-04T09:08:18+00:00\",\"dateModified\":\"2020-08-04T09:11:59+00:00\",\"breadcrumb\":{\"@id\":\"https:\\\/\\\/albaluz.com\\\/catalogo\\\/slim-coleccion\\\/#breadcrumb\"},\"inLanguage\":\"en-GB\",\"potentialAction\":[{\"@type\":\"ReadAction\",\"target\":[\"https:\\\/\\\/albaluz.com\\\/catalogo\\\/slim-coleccion\\\/\"]}]},{\"@type\":\"ImageObject\",\"inLanguage\":\"en-GB\",\"@id\":\"https:\\\/\\\/albaluz.com\\\/catalogo\\\/slim-coleccion\\\/#primaryimage\",\"url\":\"https:\\\/\\\/albaluz.com\\\/wp-content\\\/uploads\\\/2020\\\/08\\\/slim-ambiente.png\",\"contentUrl\":\"https:\\\/\\\/albaluz.com\\\/wp-content\\\/uploads\\\/2020\\\/08\\\/slim-ambiente.png\",\"width\":803,\"height\":462},{\"@type\":\"BreadcrumbList\",\"@id\":\"https:\\\/\\\/albaluz.com\\\/catalogo\\\/slim-coleccion\\\/#breadcrumb\",\"itemListElement\":[{\"@type\":\"ListItem\",\"position\":1,\"name\":\"Portada\",\"item\":\"https:\\\/\\\/albaluz.com\\\/\"},{\"@type\":\"ListItem\",\"position\":2,\"name\":\"Cat\u00e1logo\",\"item\":\"https:\\\/\\\/albaluz.com\\\/catalogo\\\/\"},{\"@type\":\"ListItem\",\"position\":3,\"name\":\"Slim\"}]},{\"@type\":\"WebSite\",\"@id\":\"https:\\\/\\\/albaluz.com\\\/#website\",\"url\":\"https:\\\/\\\/albaluz.com\\\/\",\"name\":\"ALBALUZ ILUMINACI\u00d3N\",\"description\":\"Proyectos de dise\u00f1o exclusivo\",\"publisher\":{\"@id\":\"https:\\\/\\\/albaluz.com\\\/#organization\"},\"potentialAction\":[{\"@type\":\"SearchAction\",\"target\":{\"@type\":\"EntryPoint\",\"urlTemplate\":\"https:\\\/\\\/albaluz.com\\\/?s={search_term_string}\"},\"query-input\":{\"@type\":\"PropertyValueSpecification\",\"valueRequired\":true,\"valueName\":\"search_term_string\"}}],\"inLanguage\":\"en-GB\"},{\"@type\":\"Organization\",\"@id\":\"https:\\\/\\\/albaluz.com\\\/#organization\",\"name\":\"ALBALUZ ILUMINACI\u00d3N\",\"url\":\"https:\\\/\\\/albaluz.com\\\/\",\"logo\":{\"@type\":\"ImageObject\",\"inLanguage\":\"en-GB\",\"@id\":\"https:\\\/\\\/albaluz.com\\\/#\\\/schema\\\/logo\\\/image\\\/\",\"url\":\"https:\\\/\\\/albaluz.com\\\/wp-content\\\/uploads\\\/2020\\\/06\\\/albaluz-new-logo.jpg\",\"contentUrl\":\"https:\\\/\\\/albaluz.com\\\/wp-content\\\/uploads\\\/2020\\\/06\\\/albaluz-new-logo.jpg\",\"width\":977,\"height\":176,\"caption\":\"ALBALUZ ILUMINACI\u00d3N\"},\"image\":{\"@id\":\"https:\\\/\\\/albaluz.com\\\/#\\\/schema\\\/logo\\\/image\\\/\"}}]}<\/script>\n<!-- \/ Yoast SEO plugin. -->","yoast_head_json":{"title":"Slim - ALBALUZ ILUMINACI\u00d3N","robots":{"index":"index","follow":"follow","max-snippet":"max-snippet:-1","max-image-preview":"max-image-preview:large","max-video-preview":"max-video-preview:-1"},"canonical":"https:\/\/albaluz.com\/en\/catalogo\/slim-coleccion\/","og_locale":"en_GB","og_type":"article","og_title":"Slim - ALBALUZ ILUMINACI\u00d3N","og_description":"Aplique de \u00faltima generaci\u00f3n La tecnolog\u00eda LED integrada en este dise\u00f1o de escaso grosor, hace que esta pieza consiga cumplir con los m\u00e1s altos requerimientos del dise\u00f1o actual ACABADOS Metal: cromo, n\u00edquel, blanco, negroDifusor: policarbonato opal","og_url":"https:\/\/albaluz.com\/en\/catalogo\/slim-coleccion\/","og_site_name":"ALBALUZ ILUMINACI\u00d3N","article_modified_time":"2020-08-04T09:11:59+00:00","og_image":[{"width":803,"height":462,"url":"https:\/\/albaluz.com\/wp-content\/uploads\/2020\/08\/slim-ambiente.png","type":"image\/png"}],"twitter_card":"summary_large_image","schema":{"@context":"https:\/\/schema.org","@graph":[{"@type":"WebPage","@id":"https:\/\/albaluz.com\/catalogo\/slim-coleccion\/","url":"https:\/\/albaluz.com\/catalogo\/slim-coleccion\/","name":"Slim - ALBALUZ ILUMINACI\u00d3N","isPartOf":{"@id":"https:\/\/albaluz.com\/#website"},"primaryImageOfPage":{"@id":"https:\/\/albaluz.com\/catalogo\/slim-coleccion\/#primaryimage"},"image":{"@id":"https:\/\/albaluz.com\/catalogo\/slim-coleccion\/#primaryimage"},"thumbnailUrl":"https:\/\/albaluz.com\/wp-content\/uploads\/2020\/08\/slim-ambiente.png","datePublished":"2020-08-04T09:08:18+00:00","dateModified":"2020-08-04T09:11:59+00:00","breadcrumb":{"@id":"https:\/\/albaluz.com\/catalogo\/slim-coleccion\/#breadcrumb"},"inLanguage":"en-GB","potentialAction":[{"@type":"ReadAction","target":["https:\/\/albaluz.com\/catalogo\/slim-coleccion\/"]}]},{"@type":"ImageObject","inLanguage":"en-GB","@id":"https:\/\/albaluz.com\/catalogo\/slim-coleccion\/#primaryimage","url":"https:\/\/albaluz.com\/wp-content\/uploads\/2020\/08\/slim-ambiente.png","contentUrl":"https:\/\/albaluz.com\/wp-content\/uploads\/2020\/08\/slim-ambiente.png","width":803,"height":462},{"@type":"BreadcrumbList","@id":"https:\/\/albaluz.com\/catalogo\/slim-coleccion\/#breadcrumb","itemListElement":[{"@type":"ListItem","position":1,"name":"Portada","item":"https:\/\/albaluz.com\/"},{"@type":"ListItem","position":2,"name":"Cat\u00e1logo","item":"https:\/\/albaluz.com\/catalogo\/"},{"@type":"ListItem","position":3,"name":"Slim"}]},{"@type":"WebSite","@id":"https:\/\/albaluz.com\/#website","url":"https:\/\/albaluz.com\/","name":"ALBALUZ ILUMINACI\u00d3N","description":"Proyectos de dise\u00f1o exclusivo","publisher":{"@id":"https:\/\/albaluz.com\/#organization"},"potentialAction":[{"@type":"SearchAction","target":{"@type":"EntryPoint","urlTemplate":"https:\/\/albaluz.com\/?s={search_term_string}"},"query-input":{"@type":"PropertyValueSpecification","valueRequired":true,"valueName":"search_term_string"}}],"inLanguage":"en-GB"},{"@type":"Organization","@id":"https:\/\/albaluz.com\/#organization","name":"ALBALUZ ILUMINACI\u00d3N","url":"https:\/\/albaluz.com\/","logo":{"@type":"ImageObject","inLanguage":"en-GB","@id":"https:\/\/albaluz.com\/#\/schema\/logo\/image\/","url":"https:\/\/albaluz.com\/wp-content\/uploads\/2020\/06\/albaluz-new-logo.jpg","contentUrl":"https:\/\/albaluz.com\/wp-content\/uploads\/2020\/06\/albaluz-new-logo.jpg","width":977,"height":176,"caption":"ALBALUZ ILUMINACI\u00d3N"},"image":{"@id":"https:\/\/albaluz.com\/#\/schema\/logo\/image\/"}}]}},"acf":[],"jetpack_sharing_enabled":true,"_links":{"self":[{"href":"https:\/\/albaluz.com\/en\/wp-json\/wp\/v2\/pages\/713","targetHints":{"allow":["GET"]}}],"collection":[{"href":"https:\/\/albaluz.com\/en\/wp-json\/wp\/v2\/pages"}],"about":[{"href":"https:\/\/albaluz.com\/en\/wp-json\/wp\/v2\/types\/page"}],"author":[{"embeddable":true,"href":"https:\/\/albaluz.com\/en\/wp-json\/wp\/v2\/users\/2"}],"replies":[{"embeddable":true,"href":"https:\/\/albaluz.com\/en\/wp-json\/wp\/v2\/comments?post=713"}],"version-history":[{"count":3,"href":"https:\/\/albaluz.com\/en\/wp-json\/wp\/v2\/pages\/713\/revisions"}],"predecessor-version":[{"id":717,"href":"https:\/\/albaluz.com\/en\/wp-json\/wp\/v2\/pages\/713\/revisions\/717"}],"up":[{"embeddable":true,"href":"https:\/\/albaluz.com\/en\/wp-json\/wp\/v2\/pages\/163"}],"wp:featuredmedia":[{"embeddable":true,"href":"https:\/\/albaluz.com\/en\/wp-json\/wp\/v2\/media\/711"}],"wp:attachment":[{"href":"https:\/\/albaluz.com\/en\/wp-json\/wp\/v2\/media?parent=713"}],"curies":[{"name":"wp","href":"https:\/\/api.w.org\/{rel}","templated":true}]}}