{"id":701,"date":"2020-08-04T10:09:46","date_gmt":"2020-08-04T08:09:46","guid":{"rendered":"https:\/\/albaluz.com\/?page_id=701"},"modified":"2020-08-04T11:03:04","modified_gmt":"2020-08-04T09:03:04","slug":"perla-coleccion","status":"publish","type":"page","link":"https:\/\/albaluz.com\/en\/catalogo\/perla-coleccion\/","title":{"rendered":"Perla"},"content":{"rendered":"<div class=\"wp-block-columns is-layout-flex wp-container-core-columns-is-layout-9d6595d7 wp-block-columns-is-layout-flex\">\n<div class=\"wp-block-column is-layout-flow wp-block-column-is-layout-flow\">\n<div class=\"wp-block-image\"><figure class=\"alignright size-full\"><img loading=\"lazy\" decoding=\"async\" width=\"379\" height=\"295\" src=\"https:\/\/albaluz.com\/wp-content\/uploads\/2020\/08\/perla-acabados-opciones-5.png\" alt=\"\" class=\"wp-image-706\" srcset=\"https:\/\/albaluz.com\/wp-content\/uploads\/2020\/08\/perla-acabados-opciones-5.png 379w, https:\/\/albaluz.com\/wp-content\/uploads\/2020\/08\/perla-acabados-opciones-5-300x234.png 300w\" sizes=\"auto, (max-width: 379px) 100vw, 379px\" \/><\/figure><\/div>\n<\/div>\n\n\n\n<div class=\"wp-block-column is-layout-flow wp-block-column-is-layout-flow\">\n<h2 class=\"has-text-align-center wp-block-heading\">L\u00e1mparas suspendidas y sobremesa, un cl\u00e1sico renovado<\/h2>\n\n\n\n<p><\/p>\n<\/div>\n<\/div>\n\n\n\n<h3 class=\"has-text-align-center wp-block-heading\"><strong>ACABADOS<\/strong><\/h3>\n\n\n\n<p class=\"has-drop-cap\"><strong>Metal:<\/strong> oro, oro rosa, blanco, negro<br><strong>Difusor:<\/strong> cristal opal triples<\/p>\n\n\n\n<div class=\"wp-block-jetpack-tiled-gallery aligncenter is-style-rectangular\"><div class=\"tiled-gallery__gallery\"><div class=\"tiled-gallery__row\"><div class=\"tiled-gallery__col\" style=\"flex-basis:48.36226496209793%\"><figure class=\"tiled-gallery__item\"><img decoding=\"async\" srcset=\"https:\/\/i1.wp.com\/albaluz.com\/wp-content\/uploads\/2020\/08\/perla-acabados-opciones-1-2.png?strip=info&#038;w=600&#038;ssl=1 600w,https:\/\/i1.wp.com\/albaluz.com\/wp-content\/uploads\/2020\/08\/perla-acabados-opciones-1-2.png?strip=info&#038;w=767&#038;ssl=1 767w\" alt=\"\" data-height=\"850\" data-id=\"703\" data-link=\"https:\/\/albaluz.com\/perla-acabados-opciones-1-2\/\" data-url=\"https:\/\/albaluz.com\/wp-content\/uploads\/2020\/08\/perla-acabados-opciones-1-2.png\" data-width=\"767\" src=\"https:\/\/i1.wp.com\/albaluz.com\/wp-content\/uploads\/2020\/08\/perla-acabados-opciones-1-2.png?ssl=1\" layout=\"responsive\"\/><\/figure><\/div><div class=\"tiled-gallery__col\" style=\"flex-basis:19.13974957809837%\"><figure class=\"tiled-gallery__item\"><img decoding=\"async\" srcset=\"https:\/\/i2.wp.com\/albaluz.com\/wp-content\/uploads\/2020\/08\/perla-acabados-opciones-3.png?strip=info&#038;w=379&#038;ssl=1 379w\" alt=\"\" data-height=\"1065\" data-id=\"704\" data-link=\"https:\/\/albaluz.com\/perla-acabados-opciones-3\/\" data-url=\"https:\/\/albaluz.com\/wp-content\/uploads\/2020\/08\/perla-acabados-opciones-3.png\" data-width=\"379\" src=\"https:\/\/i2.wp.com\/albaluz.com\/wp-content\/uploads\/2020\/08\/perla-acabados-opciones-3.png?ssl=1\" layout=\"responsive\"\/><\/figure><\/div><div class=\"tiled-gallery__col\" style=\"flex-basis:32.4979854598037%\"><figure class=\"tiled-gallery__item\"><img decoding=\"async\" srcset=\"https:\/\/i0.wp.com\/albaluz.com\/wp-content\/uploads\/2020\/08\/perla-acabados-opciones-4.png?strip=info&#038;w=384&#038;ssl=1 384w\" alt=\"\" data-height=\"634\" data-id=\"705\" data-link=\"https:\/\/albaluz.com\/perla-acabados-opciones-4\/\" data-url=\"https:\/\/albaluz.com\/wp-content\/uploads\/2020\/08\/perla-acabados-opciones-4.png\" data-width=\"384\" src=\"https:\/\/i0.wp.com\/albaluz.com\/wp-content\/uploads\/2020\/08\/perla-acabados-opciones-4.png?ssl=1\" layout=\"responsive\"\/><\/figure><\/div><\/div><\/div><\/div>","protected":false},"excerpt":{"rendered":"<p>L\u00e1mparas suspendidas y sobremesa, un cl\u00e1sico renovado ACABADOS Metal: oro, oro rosa, blanco, negroDifusor: cristal opal triples<\/p>","protected":false},"author":2,"featured_media":584,"parent":163,"menu_order":0,"comment_status":"closed","ping_status":"closed","template":"","meta":{"footnotes":""},"class_list":["post-701","page","type-page","status-publish","has-post-thumbnail","hentry"],"yoast_head":"<!-- This site is optimized with the Yoast SEO plugin v27.3 - https:\/\/yoast.com\/product\/yoast-seo-wordpress\/ -->\n<title>Perla - ALBALUZ ILUMINACI\u00d3N<\/title>\n<meta name=\"robots\" content=\"index, follow, max-snippet:-1, max-image-preview:large, max-video-preview:-1\" \/>\n<link rel=\"canonical\" href=\"https:\/\/albaluz.com\/en\/catalogo\/perla-coleccion\/\" \/>\n<meta property=\"og:locale\" content=\"en_GB\" \/>\n<meta property=\"og:type\" content=\"article\" \/>\n<meta property=\"og:title\" content=\"Perla - ALBALUZ ILUMINACI\u00d3N\" \/>\n<meta property=\"og:description\" content=\"L\u00e1mparas suspendidas y sobremesa, un cl\u00e1sico renovado ACABADOS Metal: oro, oro rosa, blanco, negroDifusor: cristal opal triples\" \/>\n<meta property=\"og:url\" content=\"https:\/\/albaluz.com\/en\/catalogo\/perla-coleccion\/\" \/>\n<meta property=\"og:site_name\" content=\"ALBALUZ ILUMINACI\u00d3N\" \/>\n<meta property=\"article:modified_time\" content=\"2020-08-04T09:03:04+00:00\" \/>\n<meta property=\"og:image\" content=\"https:\/\/albaluz.com\/wp-content\/uploads\/2020\/07\/st-regis-mardavall-hotel-10-955x505_c.jpg\" \/>\n\t<meta property=\"og:image:width\" content=\"955\" \/>\n\t<meta property=\"og:image:height\" content=\"505\" \/>\n\t<meta property=\"og:image:type\" content=\"image\/jpeg\" \/>\n<meta name=\"twitter:card\" content=\"summary_large_image\" \/>\n<script type=\"application\/ld+json\" class=\"yoast-schema-graph\">{\"@context\":\"https:\\\/\\\/schema.org\",\"@graph\":[{\"@type\":\"WebPage\",\"@id\":\"https:\\\/\\\/albaluz.com\\\/catalogo\\\/perla-coleccion\\\/\",\"url\":\"https:\\\/\\\/albaluz.com\\\/catalogo\\\/perla-coleccion\\\/\",\"name\":\"Perla - ALBALUZ ILUMINACI\u00d3N\",\"isPartOf\":{\"@id\":\"https:\\\/\\\/albaluz.com\\\/#website\"},\"primaryImageOfPage\":{\"@id\":\"https:\\\/\\\/albaluz.com\\\/catalogo\\\/perla-coleccion\\\/#primaryimage\"},\"image\":{\"@id\":\"https:\\\/\\\/albaluz.com\\\/catalogo\\\/perla-coleccion\\\/#primaryimage\"},\"thumbnailUrl\":\"https:\\\/\\\/albaluz.com\\\/wp-content\\\/uploads\\\/2020\\\/07\\\/st-regis-mardavall-hotel-10-955x505_c.jpg\",\"datePublished\":\"2020-08-04T08:09:46+00:00\",\"dateModified\":\"2020-08-04T09:03:04+00:00\",\"breadcrumb\":{\"@id\":\"https:\\\/\\\/albaluz.com\\\/catalogo\\\/perla-coleccion\\\/#breadcrumb\"},\"inLanguage\":\"en-GB\",\"potentialAction\":[{\"@type\":\"ReadAction\",\"target\":[\"https:\\\/\\\/albaluz.com\\\/catalogo\\\/perla-coleccion\\\/\"]}]},{\"@type\":\"ImageObject\",\"inLanguage\":\"en-GB\",\"@id\":\"https:\\\/\\\/albaluz.com\\\/catalogo\\\/perla-coleccion\\\/#primaryimage\",\"url\":\"https:\\\/\\\/albaluz.com\\\/wp-content\\\/uploads\\\/2020\\\/07\\\/st-regis-mardavall-hotel-10-955x505_c.jpg\",\"contentUrl\":\"https:\\\/\\\/albaluz.com\\\/wp-content\\\/uploads\\\/2020\\\/07\\\/st-regis-mardavall-hotel-10-955x505_c.jpg\",\"width\":955,\"height\":505},{\"@type\":\"BreadcrumbList\",\"@id\":\"https:\\\/\\\/albaluz.com\\\/catalogo\\\/perla-coleccion\\\/#breadcrumb\",\"itemListElement\":[{\"@type\":\"ListItem\",\"position\":1,\"name\":\"Portada\",\"item\":\"https:\\\/\\\/albaluz.com\\\/\"},{\"@type\":\"ListItem\",\"position\":2,\"name\":\"Cat\u00e1logo\",\"item\":\"https:\\\/\\\/albaluz.com\\\/catalogo\\\/\"},{\"@type\":\"ListItem\",\"position\":3,\"name\":\"Perla\"}]},{\"@type\":\"WebSite\",\"@id\":\"https:\\\/\\\/albaluz.com\\\/#website\",\"url\":\"https:\\\/\\\/albaluz.com\\\/\",\"name\":\"ALBALUZ ILUMINACI\u00d3N\",\"description\":\"Proyectos de dise\u00f1o exclusivo\",\"publisher\":{\"@id\":\"https:\\\/\\\/albaluz.com\\\/#organization\"},\"potentialAction\":[{\"@type\":\"SearchAction\",\"target\":{\"@type\":\"EntryPoint\",\"urlTemplate\":\"https:\\\/\\\/albaluz.com\\\/?s={search_term_string}\"},\"query-input\":{\"@type\":\"PropertyValueSpecification\",\"valueRequired\":true,\"valueName\":\"search_term_string\"}}],\"inLanguage\":\"en-GB\"},{\"@type\":\"Organization\",\"@id\":\"https:\\\/\\\/albaluz.com\\\/#organization\",\"name\":\"ALBALUZ ILUMINACI\u00d3N\",\"url\":\"https:\\\/\\\/albaluz.com\\\/\",\"logo\":{\"@type\":\"ImageObject\",\"inLanguage\":\"en-GB\",\"@id\":\"https:\\\/\\\/albaluz.com\\\/#\\\/schema\\\/logo\\\/image\\\/\",\"url\":\"https:\\\/\\\/albaluz.com\\\/wp-content\\\/uploads\\\/2020\\\/06\\\/albaluz-new-logo.jpg\",\"contentUrl\":\"https:\\\/\\\/albaluz.com\\\/wp-content\\\/uploads\\\/2020\\\/06\\\/albaluz-new-logo.jpg\",\"width\":977,\"height\":176,\"caption\":\"ALBALUZ ILUMINACI\u00d3N\"},\"image\":{\"@id\":\"https:\\\/\\\/albaluz.com\\\/#\\\/schema\\\/logo\\\/image\\\/\"}}]}<\/script>\n<!-- \/ Yoast SEO plugin. -->","yoast_head_json":{"title":"Perla - ALBALUZ ILUMINACI\u00d3N","robots":{"index":"index","follow":"follow","max-snippet":"max-snippet:-1","max-image-preview":"max-image-preview:large","max-video-preview":"max-video-preview:-1"},"canonical":"https:\/\/albaluz.com\/en\/catalogo\/perla-coleccion\/","og_locale":"en_GB","og_type":"article","og_title":"Perla - ALBALUZ ILUMINACI\u00d3N","og_description":"L\u00e1mparas suspendidas y sobremesa, un cl\u00e1sico renovado ACABADOS Metal: oro, oro rosa, blanco, negroDifusor: cristal opal triples","og_url":"https:\/\/albaluz.com\/en\/catalogo\/perla-coleccion\/","og_site_name":"ALBALUZ ILUMINACI\u00d3N","article_modified_time":"2020-08-04T09:03:04+00:00","og_image":[{"width":955,"height":505,"url":"https:\/\/albaluz.com\/wp-content\/uploads\/2020\/07\/st-regis-mardavall-hotel-10-955x505_c.jpg","type":"image\/jpeg"}],"twitter_card":"summary_large_image","schema":{"@context":"https:\/\/schema.org","@graph":[{"@type":"WebPage","@id":"https:\/\/albaluz.com\/catalogo\/perla-coleccion\/","url":"https:\/\/albaluz.com\/catalogo\/perla-coleccion\/","name":"Perla - ALBALUZ ILUMINACI\u00d3N","isPartOf":{"@id":"https:\/\/albaluz.com\/#website"},"primaryImageOfPage":{"@id":"https:\/\/albaluz.com\/catalogo\/perla-coleccion\/#primaryimage"},"image":{"@id":"https:\/\/albaluz.com\/catalogo\/perla-coleccion\/#primaryimage"},"thumbnailUrl":"https:\/\/albaluz.com\/wp-content\/uploads\/2020\/07\/st-regis-mardavall-hotel-10-955x505_c.jpg","datePublished":"2020-08-04T08:09:46+00:00","dateModified":"2020-08-04T09:03:04+00:00","breadcrumb":{"@id":"https:\/\/albaluz.com\/catalogo\/perla-coleccion\/#breadcrumb"},"inLanguage":"en-GB","potentialAction":[{"@type":"ReadAction","target":["https:\/\/albaluz.com\/catalogo\/perla-coleccion\/"]}]},{"@type":"ImageObject","inLanguage":"en-GB","@id":"https:\/\/albaluz.com\/catalogo\/perla-coleccion\/#primaryimage","url":"https:\/\/albaluz.com\/wp-content\/uploads\/2020\/07\/st-regis-mardavall-hotel-10-955x505_c.jpg","contentUrl":"https:\/\/albaluz.com\/wp-content\/uploads\/2020\/07\/st-regis-mardavall-hotel-10-955x505_c.jpg","width":955,"height":505},{"@type":"BreadcrumbList","@id":"https:\/\/albaluz.com\/catalogo\/perla-coleccion\/#breadcrumb","itemListElement":[{"@type":"ListItem","position":1,"name":"Portada","item":"https:\/\/albaluz.com\/"},{"@type":"ListItem","position":2,"name":"Cat\u00e1logo","item":"https:\/\/albaluz.com\/catalogo\/"},{"@type":"ListItem","position":3,"name":"Perla"}]},{"@type":"WebSite","@id":"https:\/\/albaluz.com\/#website","url":"https:\/\/albaluz.com\/","name":"ALBALUZ ILUMINACI\u00d3N","description":"Proyectos de dise\u00f1o exclusivo","publisher":{"@id":"https:\/\/albaluz.com\/#organization"},"potentialAction":[{"@type":"SearchAction","target":{"@type":"EntryPoint","urlTemplate":"https:\/\/albaluz.com\/?s={search_term_string}"},"query-input":{"@type":"PropertyValueSpecification","valueRequired":true,"valueName":"search_term_string"}}],"inLanguage":"en-GB"},{"@type":"Organization","@id":"https:\/\/albaluz.com\/#organization","name":"ALBALUZ ILUMINACI\u00d3N","url":"https:\/\/albaluz.com\/","logo":{"@type":"ImageObject","inLanguage":"en-GB","@id":"https:\/\/albaluz.com\/#\/schema\/logo\/image\/","url":"https:\/\/albaluz.com\/wp-content\/uploads\/2020\/06\/albaluz-new-logo.jpg","contentUrl":"https:\/\/albaluz.com\/wp-content\/uploads\/2020\/06\/albaluz-new-logo.jpg","width":977,"height":176,"caption":"ALBALUZ ILUMINACI\u00d3N"},"image":{"@id":"https:\/\/albaluz.com\/#\/schema\/logo\/image\/"}}]}},"acf":[],"jetpack_sharing_enabled":true,"_links":{"self":[{"href":"https:\/\/albaluz.com\/en\/wp-json\/wp\/v2\/pages\/701","targetHints":{"allow":["GET"]}}],"collection":[{"href":"https:\/\/albaluz.com\/en\/wp-json\/wp\/v2\/pages"}],"about":[{"href":"https:\/\/albaluz.com\/en\/wp-json\/wp\/v2\/types\/page"}],"author":[{"embeddable":true,"href":"https:\/\/albaluz.com\/en\/wp-json\/wp\/v2\/users\/2"}],"replies":[{"embeddable":true,"href":"https:\/\/albaluz.com\/en\/wp-json\/wp\/v2\/comments?post=701"}],"version-history":[{"count":3,"href":"https:\/\/albaluz.com\/en\/wp-json\/wp\/v2\/pages\/701\/revisions"}],"predecessor-version":[{"id":708,"href":"https:\/\/albaluz.com\/en\/wp-json\/wp\/v2\/pages\/701\/revisions\/708"}],"up":[{"embeddable":true,"href":"https:\/\/albaluz.com\/en\/wp-json\/wp\/v2\/pages\/163"}],"wp:featuredmedia":[{"embeddable":true,"href":"https:\/\/albaluz.com\/en\/wp-json\/wp\/v2\/media\/584"}],"wp:attachment":[{"href":"https:\/\/albaluz.com\/en\/wp-json\/wp\/v2\/media?parent=701"}],"curies":[{"name":"wp","href":"https:\/\/api.w.org\/{rel}","templated":true}]}}