{"id":289,"date":"2020-06-25T16:21:34","date_gmt":"2020-06-25T14:21:34","guid":{"rendered":"https:\/\/albaluz.com\/?page_id=289"},"modified":"2020-07-24T17:13:31","modified_gmt":"2020-07-24T15:13:31","slug":"cumbia-coleccion","status":"publish","type":"page","link":"https:\/\/albaluz.com\/en\/catalogo\/cumbia-coleccion\/","title":{"rendered":"Cumbia"},"content":{"rendered":"<div class=\"wp-block-columns is-layout-flex wp-container-core-columns-is-layout-9d6595d7 wp-block-columns-is-layout-flex\">\n<div class=\"wp-block-column is-layout-flow wp-block-column-is-layout-flow\">\n<div class=\"wp-block-image\"><figure class=\"alignright size-large\"><img loading=\"lazy\" decoding=\"async\" width=\"350\" height=\"350\" src=\"https:\/\/albaluz.com\/wp-content\/uploads\/2020\/06\/cumbia.png\" alt=\"\" class=\"wp-image-291\" srcset=\"https:\/\/albaluz.com\/wp-content\/uploads\/2020\/06\/cumbia.png 350w, https:\/\/albaluz.com\/wp-content\/uploads\/2020\/06\/cumbia-300x300.png 300w, https:\/\/albaluz.com\/wp-content\/uploads\/2020\/06\/cumbia-150x150.png 150w, https:\/\/albaluz.com\/wp-content\/uploads\/2020\/06\/cumbia-75x75.png 75w\" sizes=\"auto, (max-width: 350px) 100vw, 350px\" \/><\/figure><\/div>\n<\/div>\n\n\n\n<div class=\"wp-block-column is-layout-flow wp-block-column-is-layout-flow\">\n<h2 class=\"has-text-align-center wp-block-heading\">L\u00e1mpara de suspensi\u00f3n y sobremesa, cristal soplado artesanalmente<\/h2>\n\n\n\n<p><\/p>\n<\/div>\n<\/div>\n\n\n\n<h3 class=\"has-text-align-center wp-block-heading\"><strong>ACABADOS<\/strong><\/h3>\n\n\n\n<div class=\"wp-block-image\"><figure class=\"aligncenter size-large\"><img decoding=\"async\" src=\"https:\/\/albaluz.com\/wp-content\/uploads\/2020\/06\/cumbia-ambiente-1.png\" alt=\"\" class=\"wp-image-294\"\/><\/figure><\/div>\n\n\n\n<p class=\"has-drop-cap\"><strong>Metal:<\/strong> cromo y n\u00edquel mate<br><strong>Swarovski Crystals:<\/strong> transparente, rojo y negro<br><strong>Difusor:<\/strong> cristal borosilicato soplado artesanalmente<\/p>\n\n\n\n<figure class=\"wp-block-image size-large\"><img loading=\"lazy\" decoding=\"async\" width=\"665\" height=\"707\" src=\"https:\/\/albaluz.com\/wp-content\/uploads\/2020\/06\/cumbia-opciones.png\" alt=\"\" class=\"wp-image-292\" srcset=\"https:\/\/albaluz.com\/wp-content\/uploads\/2020\/06\/cumbia-opciones.png 665w, https:\/\/albaluz.com\/wp-content\/uploads\/2020\/06\/cumbia-opciones-282x300.png 282w\" sizes=\"auto, (max-width: 665px) 100vw, 665px\" \/><\/figure>","protected":false},"excerpt":{"rendered":"<p>L\u00e1mpara de suspensi\u00f3n y sobremesa, cristal soplado artesanalmente ACABADOS Metal: cromo y n\u00edquel mateSwarovski Crystals: transparente, rojo y negroDifusor: cristal borosilicato soplado artesanalmente<\/p>","protected":false},"author":2,"featured_media":12,"parent":163,"menu_order":0,"comment_status":"closed","ping_status":"closed","template":"","meta":{"footnotes":""},"class_list":["post-289","page","type-page","status-publish","has-post-thumbnail","hentry"],"yoast_head":"<!-- This site is optimized with the Yoast SEO plugin v27.5 - https:\/\/yoast.com\/product\/yoast-seo-wordpress\/ -->\n<title>Cumbia - ALBALUZ ILUMINACI\u00d3N<\/title>\n<meta name=\"robots\" content=\"index, follow, max-snippet:-1, max-image-preview:large, max-video-preview:-1\" \/>\n<link rel=\"canonical\" href=\"https:\/\/albaluz.com\/en\/catalogo\/cumbia-coleccion\/\" \/>\n<meta property=\"og:locale\" content=\"en_GB\" \/>\n<meta property=\"og:type\" content=\"article\" \/>\n<meta property=\"og:title\" content=\"Cumbia - ALBALUZ ILUMINACI\u00d3N\" \/>\n<meta property=\"og:description\" content=\"L\u00e1mpara de suspensi\u00f3n y sobremesa, cristal soplado artesanalmente ACABADOS Metal: cromo y n\u00edquel mateSwarovski Crystals: transparente, rojo y negroDifusor: cristal borosilicato soplado artesanalmente\" \/>\n<meta property=\"og:url\" content=\"https:\/\/albaluz.com\/en\/catalogo\/cumbia-coleccion\/\" \/>\n<meta property=\"og:site_name\" content=\"ALBALUZ ILUMINACI\u00d3N\" \/>\n<meta property=\"article:modified_time\" content=\"2020-07-24T15:13:31+00:00\" \/>\n<meta property=\"og:image\" content=\"https:\/\/albaluz.com\/wp-content\/uploads\/2020\/06\/lamparas-techo-cumbia-cristal-bombilla-vista.png\" \/>\n\t<meta property=\"og:image:width\" content=\"891\" \/>\n\t<meta property=\"og:image:height\" content=\"1172\" \/>\n\t<meta property=\"og:image:type\" content=\"image\/png\" \/>\n<meta name=\"twitter:card\" content=\"summary_large_image\" \/>\n<script type=\"application\/ld+json\" class=\"yoast-schema-graph\">{\"@context\":\"https:\\\/\\\/schema.org\",\"@graph\":[{\"@type\":\"WebPage\",\"@id\":\"https:\\\/\\\/albaluz.com\\\/catalogo\\\/cumbia-coleccion\\\/\",\"url\":\"https:\\\/\\\/albaluz.com\\\/catalogo\\\/cumbia-coleccion\\\/\",\"name\":\"Cumbia - ALBALUZ ILUMINACI\u00d3N\",\"isPartOf\":{\"@id\":\"https:\\\/\\\/albaluz.com\\\/#website\"},\"primaryImageOfPage\":{\"@id\":\"https:\\\/\\\/albaluz.com\\\/catalogo\\\/cumbia-coleccion\\\/#primaryimage\"},\"image\":{\"@id\":\"https:\\\/\\\/albaluz.com\\\/catalogo\\\/cumbia-coleccion\\\/#primaryimage\"},\"thumbnailUrl\":\"https:\\\/\\\/albaluz.com\\\/wp-content\\\/uploads\\\/2020\\\/06\\\/lamparas-techo-cumbia-cristal-bombilla-vista.png\",\"datePublished\":\"2020-06-25T14:21:34+00:00\",\"dateModified\":\"2020-07-24T15:13:31+00:00\",\"breadcrumb\":{\"@id\":\"https:\\\/\\\/albaluz.com\\\/catalogo\\\/cumbia-coleccion\\\/#breadcrumb\"},\"inLanguage\":\"en-GB\",\"potentialAction\":[{\"@type\":\"ReadAction\",\"target\":[\"https:\\\/\\\/albaluz.com\\\/catalogo\\\/cumbia-coleccion\\\/\"]}]},{\"@type\":\"ImageObject\",\"inLanguage\":\"en-GB\",\"@id\":\"https:\\\/\\\/albaluz.com\\\/catalogo\\\/cumbia-coleccion\\\/#primaryimage\",\"url\":\"https:\\\/\\\/albaluz.com\\\/wp-content\\\/uploads\\\/2020\\\/06\\\/lamparas-techo-cumbia-cristal-bombilla-vista.png\",\"contentUrl\":\"https:\\\/\\\/albaluz.com\\\/wp-content\\\/uploads\\\/2020\\\/06\\\/lamparas-techo-cumbia-cristal-bombilla-vista.png\",\"width\":891,\"height\":1172,\"caption\":\"lamparas cumbia suspensi\u00f3n cristal soplado\"},{\"@type\":\"BreadcrumbList\",\"@id\":\"https:\\\/\\\/albaluz.com\\\/catalogo\\\/cumbia-coleccion\\\/#breadcrumb\",\"itemListElement\":[{\"@type\":\"ListItem\",\"position\":1,\"name\":\"Portada\",\"item\":\"https:\\\/\\\/albaluz.com\\\/\"},{\"@type\":\"ListItem\",\"position\":2,\"name\":\"Cat\u00e1logo\",\"item\":\"https:\\\/\\\/albaluz.com\\\/catalogo\\\/\"},{\"@type\":\"ListItem\",\"position\":3,\"name\":\"Cumbia\"}]},{\"@type\":\"WebSite\",\"@id\":\"https:\\\/\\\/albaluz.com\\\/#website\",\"url\":\"https:\\\/\\\/albaluz.com\\\/\",\"name\":\"ALBALUZ ILUMINACI\u00d3N\",\"description\":\"Proyectos de dise\u00f1o exclusivo\",\"publisher\":{\"@id\":\"https:\\\/\\\/albaluz.com\\\/#organization\"},\"potentialAction\":[{\"@type\":\"SearchAction\",\"target\":{\"@type\":\"EntryPoint\",\"urlTemplate\":\"https:\\\/\\\/albaluz.com\\\/?s={search_term_string}\"},\"query-input\":{\"@type\":\"PropertyValueSpecification\",\"valueRequired\":true,\"valueName\":\"search_term_string\"}}],\"inLanguage\":\"en-GB\"},{\"@type\":\"Organization\",\"@id\":\"https:\\\/\\\/albaluz.com\\\/#organization\",\"name\":\"ALBALUZ ILUMINACI\u00d3N\",\"url\":\"https:\\\/\\\/albaluz.com\\\/\",\"logo\":{\"@type\":\"ImageObject\",\"inLanguage\":\"en-GB\",\"@id\":\"https:\\\/\\\/albaluz.com\\\/#\\\/schema\\\/logo\\\/image\\\/\",\"url\":\"https:\\\/\\\/albaluz.com\\\/wp-content\\\/uploads\\\/2020\\\/06\\\/albaluz-new-logo.jpg\",\"contentUrl\":\"https:\\\/\\\/albaluz.com\\\/wp-content\\\/uploads\\\/2020\\\/06\\\/albaluz-new-logo.jpg\",\"width\":977,\"height\":176,\"caption\":\"ALBALUZ ILUMINACI\u00d3N\"},\"image\":{\"@id\":\"https:\\\/\\\/albaluz.com\\\/#\\\/schema\\\/logo\\\/image\\\/\"}}]}<\/script>\n<!-- \/ Yoast SEO plugin. -->","yoast_head_json":{"title":"Cumbia - ALBALUZ ILUMINACI\u00d3N","robots":{"index":"index","follow":"follow","max-snippet":"max-snippet:-1","max-image-preview":"max-image-preview:large","max-video-preview":"max-video-preview:-1"},"canonical":"https:\/\/albaluz.com\/en\/catalogo\/cumbia-coleccion\/","og_locale":"en_GB","og_type":"article","og_title":"Cumbia - ALBALUZ ILUMINACI\u00d3N","og_description":"L\u00e1mpara de suspensi\u00f3n y sobremesa, cristal soplado artesanalmente ACABADOS Metal: cromo y n\u00edquel mateSwarovski Crystals: transparente, rojo y negroDifusor: cristal borosilicato soplado artesanalmente","og_url":"https:\/\/albaluz.com\/en\/catalogo\/cumbia-coleccion\/","og_site_name":"ALBALUZ ILUMINACI\u00d3N","article_modified_time":"2020-07-24T15:13:31+00:00","og_image":[{"width":891,"height":1172,"url":"https:\/\/albaluz.com\/wp-content\/uploads\/2020\/06\/lamparas-techo-cumbia-cristal-bombilla-vista.png","type":"image\/png"}],"twitter_card":"summary_large_image","schema":{"@context":"https:\/\/schema.org","@graph":[{"@type":"WebPage","@id":"https:\/\/albaluz.com\/catalogo\/cumbia-coleccion\/","url":"https:\/\/albaluz.com\/catalogo\/cumbia-coleccion\/","name":"Cumbia - ALBALUZ ILUMINACI\u00d3N","isPartOf":{"@id":"https:\/\/albaluz.com\/#website"},"primaryImageOfPage":{"@id":"https:\/\/albaluz.com\/catalogo\/cumbia-coleccion\/#primaryimage"},"image":{"@id":"https:\/\/albaluz.com\/catalogo\/cumbia-coleccion\/#primaryimage"},"thumbnailUrl":"https:\/\/albaluz.com\/wp-content\/uploads\/2020\/06\/lamparas-techo-cumbia-cristal-bombilla-vista.png","datePublished":"2020-06-25T14:21:34+00:00","dateModified":"2020-07-24T15:13:31+00:00","breadcrumb":{"@id":"https:\/\/albaluz.com\/catalogo\/cumbia-coleccion\/#breadcrumb"},"inLanguage":"en-GB","potentialAction":[{"@type":"ReadAction","target":["https:\/\/albaluz.com\/catalogo\/cumbia-coleccion\/"]}]},{"@type":"ImageObject","inLanguage":"en-GB","@id":"https:\/\/albaluz.com\/catalogo\/cumbia-coleccion\/#primaryimage","url":"https:\/\/albaluz.com\/wp-content\/uploads\/2020\/06\/lamparas-techo-cumbia-cristal-bombilla-vista.png","contentUrl":"https:\/\/albaluz.com\/wp-content\/uploads\/2020\/06\/lamparas-techo-cumbia-cristal-bombilla-vista.png","width":891,"height":1172,"caption":"lamparas cumbia suspensi\u00f3n cristal soplado"},{"@type":"BreadcrumbList","@id":"https:\/\/albaluz.com\/catalogo\/cumbia-coleccion\/#breadcrumb","itemListElement":[{"@type":"ListItem","position":1,"name":"Portada","item":"https:\/\/albaluz.com\/"},{"@type":"ListItem","position":2,"name":"Cat\u00e1logo","item":"https:\/\/albaluz.com\/catalogo\/"},{"@type":"ListItem","position":3,"name":"Cumbia"}]},{"@type":"WebSite","@id":"https:\/\/albaluz.com\/#website","url":"https:\/\/albaluz.com\/","name":"ALBALUZ ILUMINACI\u00d3N","description":"Proyectos de dise\u00f1o exclusivo","publisher":{"@id":"https:\/\/albaluz.com\/#organization"},"potentialAction":[{"@type":"SearchAction","target":{"@type":"EntryPoint","urlTemplate":"https:\/\/albaluz.com\/?s={search_term_string}"},"query-input":{"@type":"PropertyValueSpecification","valueRequired":true,"valueName":"search_term_string"}}],"inLanguage":"en-GB"},{"@type":"Organization","@id":"https:\/\/albaluz.com\/#organization","name":"ALBALUZ ILUMINACI\u00d3N","url":"https:\/\/albaluz.com\/","logo":{"@type":"ImageObject","inLanguage":"en-GB","@id":"https:\/\/albaluz.com\/#\/schema\/logo\/image\/","url":"https:\/\/albaluz.com\/wp-content\/uploads\/2020\/06\/albaluz-new-logo.jpg","contentUrl":"https:\/\/albaluz.com\/wp-content\/uploads\/2020\/06\/albaluz-new-logo.jpg","width":977,"height":176,"caption":"ALBALUZ ILUMINACI\u00d3N"},"image":{"@id":"https:\/\/albaluz.com\/#\/schema\/logo\/image\/"}}]}},"acf":[],"jetpack_sharing_enabled":true,"_links":{"self":[{"href":"https:\/\/albaluz.com\/en\/wp-json\/wp\/v2\/pages\/289","targetHints":{"allow":["GET"]}}],"collection":[{"href":"https:\/\/albaluz.com\/en\/wp-json\/wp\/v2\/pages"}],"about":[{"href":"https:\/\/albaluz.com\/en\/wp-json\/wp\/v2\/types\/page"}],"author":[{"embeddable":true,"href":"https:\/\/albaluz.com\/en\/wp-json\/wp\/v2\/users\/2"}],"replies":[{"embeddable":true,"href":"https:\/\/albaluz.com\/en\/wp-json\/wp\/v2\/comments?post=289"}],"version-history":[{"count":4,"href":"https:\/\/albaluz.com\/en\/wp-json\/wp\/v2\/pages\/289\/revisions"}],"predecessor-version":[{"id":508,"href":"https:\/\/albaluz.com\/en\/wp-json\/wp\/v2\/pages\/289\/revisions\/508"}],"up":[{"embeddable":true,"href":"https:\/\/albaluz.com\/en\/wp-json\/wp\/v2\/pages\/163"}],"wp:featuredmedia":[{"embeddable":true,"href":"https:\/\/albaluz.com\/en\/wp-json\/wp\/v2\/media\/12"}],"wp:attachment":[{"href":"https:\/\/albaluz.com\/en\/wp-json\/wp\/v2\/media?parent=289"}],"curies":[{"name":"wp","href":"https:\/\/api.w.org\/{rel}","templated":true}]}}