{"id":23,"date":"2020-06-20T15:46:38","date_gmt":"2020-06-20T13:46:38","guid":{"rendered":"http:\/\/albaluz.com\/?page_id=23"},"modified":"2020-07-24T16:06:12","modified_gmt":"2020-07-24T14:06:12","slug":"contacto","status":"publish","type":"page","link":"https:\/\/albaluz.com\/en\/contacto\/","title":{"rendered":"Contact"},"content":{"rendered":"<div class=\"wp-block-columns is-layout-flex wp-container-core-columns-is-layout-9d6595d7 wp-block-columns-is-layout-flex\">\n<div class=\"wp-block-column is-layout-flow wp-block-column-is-layout-flow\" style=\"flex-basis:66.66%\">\n<figure class=\"wp-block-image size-large\"><img loading=\"lazy\" decoding=\"async\" width=\"1024\" height=\"1365\" src=\"https:\/\/albaluz.com\/wp-content\/uploads\/2020\/06\/villa-chiquita-hotel2.jpg\" alt=\"Villa Chiquita Hotel Resort &amp; Spa\" class=\"wp-image-45\"\/><\/figure>\n<\/div>\n\n\n\n<div class=\"wp-block-column is-layout-flow wp-block-column-is-layout-flow\" style=\"flex-basis:33.33%\">\n<p>Please fill in the following form, we will be happy to answer your questions... Thank you<\/p>\n\n\n\n\n<div class=\"wpcf7 no-js\" id=\"wpcf7-f5-o1\" lang=\"es-ES\" dir=\"ltr\" data-wpcf7-id=\"5\">\n<div class=\"screen-reader-response\"><p role=\"status\" aria-live=\"polite\" aria-atomic=\"true\"><\/p> <ul><\/ul><\/div>\n<form action=\"\/en\/wp-json\/wp\/v2\/pages\/23#wpcf7-f5-o1\" method=\"post\" class=\"wpcf7-form init\" aria-label=\"Formulario de contacto\" novalidate=\"novalidate\" data-status=\"init\" data-trp-original-action=\"\/en\/wp-json\/wp\/v2\/pages\/23#wpcf7-f5-o1\">\n<fieldset class=\"hidden-fields-container\"><input type=\"hidden\" name=\"_wpcf7\" value=\"5\" \/><input type=\"hidden\" name=\"_wpcf7_version\" value=\"6.1.5\" \/><input type=\"hidden\" name=\"_wpcf7_locale\" value=\"es_ES\" \/><input type=\"hidden\" name=\"_wpcf7_unit_tag\" value=\"wpcf7-f5-o1\" \/><input type=\"hidden\" name=\"_wpcf7_container_post\" value=\"0\" \/><input type=\"hidden\" name=\"_wpcf7_posted_data_hash\" value=\"\" \/><input type=\"hidden\" name=\"_wpcf7_recaptcha_response\" value=\"\" \/>\n<\/fieldset>\n<p><label> Full name *<br \/>\n<span class=\"wpcf7-form-control-wrap\" data-name=\"your-name\"><input size=\"40\" maxlength=\"400\" class=\"wpcf7-form-control wpcf7-text wpcf7-validates-as-required\" aria-required=\"true\" aria-invalid=\"false\" value=\"\" type=\"text\" name=\"your-name\" \/><\/span> <\/label>\n<\/p>\n<p><label> Email *<br \/>\n<span class=\"wpcf7-form-control-wrap\" data-name=\"your-email\"><input size=\"40\" maxlength=\"400\" class=\"wpcf7-form-control wpcf7-email wpcf7-validates-as-required wpcf7-text wpcf7-validates-as-email\" aria-required=\"true\" aria-invalid=\"false\" value=\"\" type=\"email\" name=\"your-email\" \/><\/span> <\/label>\n<\/p>\n<p><label> Enquiry *<br \/>\n<span class=\"wpcf7-form-control-wrap\" data-name=\"your-message\"><textarea cols=\"40\" rows=\"10\" maxlength=\"2000\" class=\"wpcf7-form-control wpcf7-textarea wpcf7-validates-as-required\" aria-required=\"true\" aria-invalid=\"false\" name=\"your-message\"><\/textarea><\/span> <\/label>\n<\/p>\n<p><label><br \/>\n<span class=\"wpcf7-form-control-wrap\" data-name=\"acceptance-rgpd\"><span class=\"wpcf7-form-control wpcf7-acceptance\"><span class=\"wpcf7-list-item\"><input type=\"checkbox\" name=\"acceptance-rgpd\" value=\"1\" aria-invalid=\"false\" \/><\/span><\/span><\/span> I have read and accept the Privacy Policy *<\/label>\n<\/p>\n<p><input class=\"wpcf7-form-control wpcf7-submit has-spinner\" type=\"submit\" value=\"Enviar\" \/>\n<\/p><div class=\"wpcf7-response-output\" aria-hidden=\"true\"><\/div>\n<input type=\"hidden\" name=\"trp-form-language\" value=\"en\"\/><\/form>\n<\/div>\n\n\n\n\n<h4 class=\"wp-block-heading\">Informaci\u00f3n b\u00e1sica sobre Protecci\u00f3n de Datos<\/h4>\n\n\n\n<p>Responsable:&nbsp;<a href=\"https:\/\/albaluz.com\/en\/\">Albaluz Iluminaci\u00f3n<\/a>&nbsp;(ALBALUZ)<br>Finalidad: Responder a la consulta solicitada<br>Legitimaci\u00f3n: Consentimiento del interesado<br>Destinatarios: Administradores de ALBALUZ<br>Derechos: A acceder, rectificar y suprimir los datos<br>Por favor lea nuestra&nbsp;<a href=\"https:\/\/albaluz.com\/en\/politica-privacidad\/\" target=\"_blank\" rel=\"noreferrer noopener\">Pol\u00edtica de Privacidad<\/a><\/p>\n<\/div>\n<\/div>\n\n\n\n<iframe loading=\"lazy\" src=\"https:\/\/www.google.com\/maps\/embed?pb=!1m18!1m12!1m3!1d2980.2058381724337!2d2.2775925517877114!3d41.67289777913733!2m3!1f0!2f0!3f0!3m2!1i1024!2i768!4f13.1!3m3!1m2!1s0x12a4bd236cb9b95b%3A0xbc2540869cd8451e!2sAlbaluz%20J.M.%20S.L.!5e0!3m2!1ses!2ses!4v1592821465249!5m2!1ses!2ses\" width=\"1080\" height=\"450\" frameborder=\"0\" style=\"border:0;\" allowfullscreen=\"\" aria-hidden=\"false\" tabindex=\"0\"><\/iframe>","protected":false},"excerpt":{"rendered":"<p>Rellene el siguiente formulario, estaremos encantados de contestar sus dudas&#8230; Gracias Informaci\u00f3n b\u00e1sica sobre Protecci\u00f3n de Datos Responsable:&nbsp;Albaluz Iluminaci\u00f3n&nbsp;(ALBALUZ)Finalidad: Responder a la consulta solicitadaLegitimaci\u00f3n: Consentimiento del interesadoDestinatarios: Administradores de ALBALUZDerechos: A acceder, rectificar y suprimir los datosPor favor lea nuestra&nbsp;Pol\u00edtica de Privacidad<\/p>","protected":false},"author":2,"featured_media":0,"parent":0,"menu_order":0,"comment_status":"closed","ping_status":"closed","template":"","meta":{"footnotes":""},"class_list":["post-23","page","type-page","status-publish","hentry"],"yoast_head":"<!-- This site is optimized with the Yoast SEO plugin v27.3 - https:\/\/yoast.com\/product\/yoast-seo-wordpress\/ -->\n<title>Contacto - ALBALUZ ILUMINACI\u00d3N<\/title>\n<meta name=\"robots\" content=\"index, follow, max-snippet:-1, max-image-preview:large, max-video-preview:-1\" \/>\n<link rel=\"canonical\" href=\"https:\/\/albaluz.com\/en\/contacto\/\" \/>\n<meta property=\"og:locale\" content=\"en_GB\" \/>\n<meta property=\"og:type\" content=\"article\" \/>\n<meta property=\"og:title\" content=\"Contacto - ALBALUZ ILUMINACI\u00d3N\" \/>\n<meta property=\"og:description\" content=\"Rellene el siguiente formulario, estaremos encantados de contestar sus dudas&#8230; Gracias Informaci\u00f3n b\u00e1sica sobre Protecci\u00f3n de Datos Responsable:&nbsp;Albaluz Iluminaci\u00f3n&nbsp;(ALBALUZ)Finalidad: Responder a la consulta solicitadaLegitimaci\u00f3n: Consentimiento del interesadoDestinatarios: Administradores de ALBALUZDerechos: A acceder, rectificar y suprimir los datosPor favor lea nuestra&nbsp;Pol\u00edtica de Privacidad\" \/>\n<meta property=\"og:url\" content=\"https:\/\/albaluz.com\/en\/contacto\/\" \/>\n<meta property=\"og:site_name\" content=\"ALBALUZ ILUMINACI\u00d3N\" \/>\n<meta property=\"article:modified_time\" content=\"2020-07-24T14:06:12+00:00\" \/>\n<meta property=\"og:image\" content=\"https:\/\/albaluz.com\/wp-content\/uploads\/2020\/06\/villa-chiquita-hotel2.jpg\" \/>\n\t<meta property=\"og:image:width\" content=\"1024\" \/>\n\t<meta property=\"og:image:height\" content=\"1365\" \/>\n\t<meta property=\"og:image:type\" content=\"image\/jpeg\" \/>\n<meta name=\"twitter:card\" content=\"summary_large_image\" \/>\n<script type=\"application\/ld+json\" class=\"yoast-schema-graph\">{\"@context\":\"https:\\\/\\\/schema.org\",\"@graph\":[{\"@type\":\"WebPage\",\"@id\":\"https:\\\/\\\/albaluz.com\\\/en\\\/contacto\\\/\",\"url\":\"https:\\\/\\\/albaluz.com\\\/en\\\/contacto\\\/\",\"name\":\"Contacto - ALBALUZ ILUMINACI\u00d3N\",\"isPartOf\":{\"@id\":\"https:\\\/\\\/albaluz.com\\\/#website\"},\"primaryImageOfPage\":{\"@id\":\"https:\\\/\\\/albaluz.com\\\/en\\\/contacto\\\/#primaryimage\"},\"image\":{\"@id\":\"https:\\\/\\\/albaluz.com\\\/en\\\/contacto\\\/#primaryimage\"},\"thumbnailUrl\":\"https:\\\/\\\/albaluz.com\\\/wp-content\\\/uploads\\\/2020\\\/06\\\/villa-chiquita-hotel2.jpg\",\"datePublished\":\"2020-06-20T13:46:38+00:00\",\"dateModified\":\"2020-07-24T14:06:12+00:00\",\"breadcrumb\":{\"@id\":\"https:\\\/\\\/albaluz.com\\\/en\\\/contacto\\\/#breadcrumb\"},\"inLanguage\":\"en-GB\",\"potentialAction\":[{\"@type\":\"ReadAction\",\"target\":[\"https:\\\/\\\/albaluz.com\\\/en\\\/contacto\\\/\"]}]},{\"@type\":\"ImageObject\",\"inLanguage\":\"en-GB\",\"@id\":\"https:\\\/\\\/albaluz.com\\\/en\\\/contacto\\\/#primaryimage\",\"url\":\"https:\\\/\\\/albaluz.com\\\/wp-content\\\/uploads\\\/2020\\\/06\\\/villa-chiquita-hotel2.jpg\",\"contentUrl\":\"https:\\\/\\\/albaluz.com\\\/wp-content\\\/uploads\\\/2020\\\/06\\\/villa-chiquita-hotel2.jpg\"},{\"@type\":\"BreadcrumbList\",\"@id\":\"https:\\\/\\\/albaluz.com\\\/en\\\/contacto\\\/#breadcrumb\",\"itemListElement\":[{\"@type\":\"ListItem\",\"position\":1,\"name\":\"Portada\",\"item\":\"https:\\\/\\\/albaluz.com\\\/\"},{\"@type\":\"ListItem\",\"position\":2,\"name\":\"Contacto\"}]},{\"@type\":\"WebSite\",\"@id\":\"https:\\\/\\\/albaluz.com\\\/#website\",\"url\":\"https:\\\/\\\/albaluz.com\\\/\",\"name\":\"ALBALUZ ILUMINACI\u00d3N\",\"description\":\"Proyectos de dise\u00f1o exclusivo\",\"publisher\":{\"@id\":\"https:\\\/\\\/albaluz.com\\\/#organization\"},\"potentialAction\":[{\"@type\":\"SearchAction\",\"target\":{\"@type\":\"EntryPoint\",\"urlTemplate\":\"https:\\\/\\\/albaluz.com\\\/?s={search_term_string}\"},\"query-input\":{\"@type\":\"PropertyValueSpecification\",\"valueRequired\":true,\"valueName\":\"search_term_string\"}}],\"inLanguage\":\"en-GB\"},{\"@type\":\"Organization\",\"@id\":\"https:\\\/\\\/albaluz.com\\\/#organization\",\"name\":\"ALBALUZ ILUMINACI\u00d3N\",\"url\":\"https:\\\/\\\/albaluz.com\\\/\",\"logo\":{\"@type\":\"ImageObject\",\"inLanguage\":\"en-GB\",\"@id\":\"https:\\\/\\\/albaluz.com\\\/#\\\/schema\\\/logo\\\/image\\\/\",\"url\":\"https:\\\/\\\/albaluz.com\\\/wp-content\\\/uploads\\\/2020\\\/06\\\/albaluz-new-logo.jpg\",\"contentUrl\":\"https:\\\/\\\/albaluz.com\\\/wp-content\\\/uploads\\\/2020\\\/06\\\/albaluz-new-logo.jpg\",\"width\":977,\"height\":176,\"caption\":\"ALBALUZ ILUMINACI\u00d3N\"},\"image\":{\"@id\":\"https:\\\/\\\/albaluz.com\\\/#\\\/schema\\\/logo\\\/image\\\/\"}}]}<\/script>\n<!-- \/ Yoast SEO plugin. -->","yoast_head_json":{"title":"Contacto - ALBALUZ ILUMINACI\u00d3N","robots":{"index":"index","follow":"follow","max-snippet":"max-snippet:-1","max-image-preview":"max-image-preview:large","max-video-preview":"max-video-preview:-1"},"canonical":"https:\/\/albaluz.com\/en\/contacto\/","og_locale":"en_GB","og_type":"article","og_title":"Contacto - ALBALUZ ILUMINACI\u00d3N","og_description":"Rellene el siguiente formulario, estaremos encantados de contestar sus dudas&#8230; Gracias Informaci\u00f3n b\u00e1sica sobre Protecci\u00f3n de Datos Responsable:&nbsp;Albaluz Iluminaci\u00f3n&nbsp;(ALBALUZ)Finalidad: Responder a la consulta solicitadaLegitimaci\u00f3n: Consentimiento del interesadoDestinatarios: Administradores de ALBALUZDerechos: A acceder, rectificar y suprimir los datosPor favor lea nuestra&nbsp;Pol\u00edtica de Privacidad","og_url":"https:\/\/albaluz.com\/en\/contacto\/","og_site_name":"ALBALUZ ILUMINACI\u00d3N","article_modified_time":"2020-07-24T14:06:12+00:00","og_image":[{"width":1024,"height":1365,"url":"https:\/\/albaluz.com\/wp-content\/uploads\/2020\/06\/villa-chiquita-hotel2.jpg","type":"image\/jpeg"}],"twitter_card":"summary_large_image","schema":{"@context":"https:\/\/schema.org","@graph":[{"@type":"WebPage","@id":"https:\/\/albaluz.com\/en\/contacto\/","url":"https:\/\/albaluz.com\/en\/contacto\/","name":"Contacto - ALBALUZ ILUMINACI\u00d3N","isPartOf":{"@id":"https:\/\/albaluz.com\/#website"},"primaryImageOfPage":{"@id":"https:\/\/albaluz.com\/en\/contacto\/#primaryimage"},"image":{"@id":"https:\/\/albaluz.com\/en\/contacto\/#primaryimage"},"thumbnailUrl":"https:\/\/albaluz.com\/wp-content\/uploads\/2020\/06\/villa-chiquita-hotel2.jpg","datePublished":"2020-06-20T13:46:38+00:00","dateModified":"2020-07-24T14:06:12+00:00","breadcrumb":{"@id":"https:\/\/albaluz.com\/en\/contacto\/#breadcrumb"},"inLanguage":"en-GB","potentialAction":[{"@type":"ReadAction","target":["https:\/\/albaluz.com\/en\/contacto\/"]}]},{"@type":"ImageObject","inLanguage":"en-GB","@id":"https:\/\/albaluz.com\/en\/contacto\/#primaryimage","url":"https:\/\/albaluz.com\/wp-content\/uploads\/2020\/06\/villa-chiquita-hotel2.jpg","contentUrl":"https:\/\/albaluz.com\/wp-content\/uploads\/2020\/06\/villa-chiquita-hotel2.jpg"},{"@type":"BreadcrumbList","@id":"https:\/\/albaluz.com\/en\/contacto\/#breadcrumb","itemListElement":[{"@type":"ListItem","position":1,"name":"Portada","item":"https:\/\/albaluz.com\/"},{"@type":"ListItem","position":2,"name":"Contacto"}]},{"@type":"WebSite","@id":"https:\/\/albaluz.com\/#website","url":"https:\/\/albaluz.com\/","name":"ALBALUZ ILUMINACI\u00d3N","description":"Proyectos de dise\u00f1o exclusivo","publisher":{"@id":"https:\/\/albaluz.com\/#organization"},"potentialAction":[{"@type":"SearchAction","target":{"@type":"EntryPoint","urlTemplate":"https:\/\/albaluz.com\/?s={search_term_string}"},"query-input":{"@type":"PropertyValueSpecification","valueRequired":true,"valueName":"search_term_string"}}],"inLanguage":"en-GB"},{"@type":"Organization","@id":"https:\/\/albaluz.com\/#organization","name":"ALBALUZ ILUMINACI\u00d3N","url":"https:\/\/albaluz.com\/","logo":{"@type":"ImageObject","inLanguage":"en-GB","@id":"https:\/\/albaluz.com\/#\/schema\/logo\/image\/","url":"https:\/\/albaluz.com\/wp-content\/uploads\/2020\/06\/albaluz-new-logo.jpg","contentUrl":"https:\/\/albaluz.com\/wp-content\/uploads\/2020\/06\/albaluz-new-logo.jpg","width":977,"height":176,"caption":"ALBALUZ ILUMINACI\u00d3N"},"image":{"@id":"https:\/\/albaluz.com\/#\/schema\/logo\/image\/"}}]}},"acf":[],"jetpack_sharing_enabled":true,"_links":{"self":[{"href":"https:\/\/albaluz.com\/en\/wp-json\/wp\/v2\/pages\/23","targetHints":{"allow":["GET"]}}],"collection":[{"href":"https:\/\/albaluz.com\/en\/wp-json\/wp\/v2\/pages"}],"about":[{"href":"https:\/\/albaluz.com\/en\/wp-json\/wp\/v2\/types\/page"}],"author":[{"embeddable":true,"href":"https:\/\/albaluz.com\/en\/wp-json\/wp\/v2\/users\/2"}],"replies":[{"embeddable":true,"href":"https:\/\/albaluz.com\/en\/wp-json\/wp\/v2\/comments?post=23"}],"version-history":[{"count":5,"href":"https:\/\/albaluz.com\/en\/wp-json\/wp\/v2\/pages\/23\/revisions"}],"predecessor-version":[{"id":480,"href":"https:\/\/albaluz.com\/en\/wp-json\/wp\/v2\/pages\/23\/revisions\/480"}],"wp:attachment":[{"href":"https:\/\/albaluz.com\/en\/wp-json\/wp\/v2\/media?parent=23"}],"curies":[{"name":"wp","href":"https:\/\/api.w.org\/{rel}","templated":true}]}}