{"id":21,"date":"2020-06-20T15:46:22","date_gmt":"2020-06-20T13:46:22","guid":{"rendered":"http:\/\/albaluz.com\/?page_id=21"},"modified":"2020-07-31T13:54:24","modified_gmt":"2020-07-31T11:54:24","slug":"nosotros","status":"publish","type":"page","link":"https:\/\/albaluz.com\/en\/nosotros\/","title":{"rendered":"About us"},"content":{"rendered":"<div class=\"wp-block-columns is-layout-flex wp-container-core-columns-is-layout-9d6595d7 wp-block-columns-is-layout-flex\">\n<div class=\"wp-block-column is-layout-flow wp-block-column-is-layout-flow\" style=\"flex-basis:66.6%\">\n<figure class=\"wp-block-image size-large\"><img loading=\"lazy\" decoding=\"async\" width=\"891\" height=\"1172\" src=\"http:\/\/albaluz.com\/wp-content\/uploads\/2020\/06\/lamparas-techo-cumbia-cristal-bombilla-vista.png\" alt=\"lamparas cumbia suspensi\u00f3n cristal soplado\" class=\"wp-image-12\"\/><\/figure>\n<\/div>\n\n\n\n<div class=\"wp-block-column is-layout-flow wp-block-column-is-layout-flow\" style=\"flex-basis:33.3%\">\n<p class=\"has-text-align-left translation-block\"><strong>Albaluz<\/strong>\u00a0was born in Barcelona in 1991, although we have more than  <strong>50 years<\/strong> of experience. We are the second generation of a <strong>familiar business<\/strong> which started making components for important companies in the sector<\/p>\n\n\n\n<h4 class=\"wp-block-heading translation-block\">At <strong>Albaluz<\/strong>, we create lamps for ilumination projects.<\/h4>\n\n\n\n<p class=\"has-text-align-left translation-block\">We develop specific and exclusive designs for each of those <a href=\"https:\/\/albaluz.com\/en\/proyectos\/\" target=\"_self\">projects<\/a>, always following the style indications and light characteristics provided by the client or offering alternatives when necessary.<\/p>\n\n\n\n<h4 class=\"wp-block-heading translation-block\">Our professional team is specialised in <strong>Custom Product<\/strong>.<\/h4>\n\n\n\n<p class=\"has-text-align-left translation-block\">All of our projects begin with an exhaustive <strong>analysis of the space<\/strong> that allows us to completely integrate our design with its location. Collaborating with professionals and clients is key to achieve a <strong>perfect, exclusive and accessible result<\/strong>.<\/p>\n\n\n\n<h4 class=\"wp-block-heading\">In this website, you can find a \nsmall sample of luminaria with character, designed for decoration projects for hotels, restaurants, commercial locals, among others.<\/h4>\n\n\n\n<p><\/p>\n<\/div>\n<\/div>","protected":false},"excerpt":{"rendered":"<p>Albaluz&nbsp;se cre\u00f3 en Barcelona en 1991, aunque nuestra experiencia proviene de m\u00e1s de 50 a\u00f1os. Somos la segunda generaci\u00f3n de una empresa familiar que en sus inicios realizaban componentes para importantes empresas del sector. En&nbsp;Albaluz&nbsp;nos dedicamos a la fabricaci\u00f3n de l\u00e1mparas para proyectos de iluminaci\u00f3n. Desarrollamos dise\u00f1os espec\u00edficos y exclusivos para cada proyecto, siguiendo las indicaciones del estilo y caracter\u00edsticas lum\u00ednicas del cliente, o proponiendo alternativas. Disponemos de un equipo profesional especializado en el&nbsp;Custom Product. Todos nuestros proyectos empiezan con un exhaustivo an\u00e1lisis del espacio que permite crear un dise\u00f1o que se integre en su ubicaci\u00f3n. La colaboraci\u00f3n con los profesionales y clientes resulta clave para lograr el resultado perfecto, exclusivo y accesible. En esta web podr\u00e1 ver una peque\u00f1a muestra de luminarias con car\u00e1cter, dise\u00f1adas&nbsp;para proyectos de decoraci\u00f3n de hoteles, restaurantes y locales comerciales, entre otros.<\/p>","protected":false},"author":2,"featured_media":0,"parent":0,"menu_order":0,"comment_status":"closed","ping_status":"closed","template":"","meta":{"footnotes":""},"class_list":["post-21","page","type-page","status-publish","hentry"],"yoast_head":"<!-- This site is optimized with the Yoast SEO plugin v27.4 - https:\/\/yoast.com\/product\/yoast-seo-wordpress\/ -->\n<title>Nosotros - ALBALUZ ILUMINACI\u00d3N<\/title>\n<meta name=\"description\" content=\"Con m\u00e1s de 50 a\u00f1os de experiencia, somos la segunda generaci\u00f3n de una empresa familiar. Realizamos proyectos de iluminaci\u00f3n. Especialistas en Custom Product\" \/>\n<meta name=\"robots\" content=\"index, follow, max-snippet:-1, max-image-preview:large, max-video-preview:-1\" \/>\n<link rel=\"canonical\" href=\"https:\/\/albaluz.com\/en\/nosotros\/\" \/>\n<meta property=\"og:locale\" content=\"en_GB\" \/>\n<meta property=\"og:type\" content=\"article\" \/>\n<meta property=\"og:title\" content=\"Nosotros - ALBALUZ ILUMINACI\u00d3N\" \/>\n<meta property=\"og:description\" content=\"Con m\u00e1s de 50 a\u00f1os de experiencia, somos la segunda generaci\u00f3n de una empresa familiar. Realizamos proyectos de iluminaci\u00f3n. Especialistas en Custom Product\" \/>\n<meta property=\"og:url\" content=\"https:\/\/albaluz.com\/en\/nosotros\/\" \/>\n<meta property=\"og:site_name\" content=\"ALBALUZ ILUMINACI\u00d3N\" \/>\n<meta property=\"article:modified_time\" content=\"2020-07-31T11:54:24+00:00\" \/>\n<meta property=\"og:image\" content=\"https:\/\/albaluz.com\/wp-content\/uploads\/2020\/06\/lamparas-techo-cumbia-cristal-bombilla-vista.png\" \/>\n\t<meta property=\"og:image:width\" content=\"891\" \/>\n\t<meta property=\"og:image:height\" content=\"1172\" \/>\n\t<meta property=\"og:image:type\" content=\"image\/png\" \/>\n<meta name=\"twitter:card\" content=\"summary_large_image\" \/>\n<meta name=\"twitter:label1\" content=\"Estimated reading time\" \/>\n\t<meta name=\"twitter:data1\" content=\"1 minute\" \/>\n<script type=\"application\/ld+json\" class=\"yoast-schema-graph\">{\"@context\":\"https:\\\/\\\/schema.org\",\"@graph\":[{\"@type\":\"WebPage\",\"@id\":\"https:\\\/\\\/albaluz.com\\\/en\\\/nosotros\\\/\",\"url\":\"https:\\\/\\\/albaluz.com\\\/en\\\/nosotros\\\/\",\"name\":\"Nosotros - ALBALUZ ILUMINACI\u00d3N\",\"isPartOf\":{\"@id\":\"https:\\\/\\\/albaluz.com\\\/#website\"},\"primaryImageOfPage\":{\"@id\":\"https:\\\/\\\/albaluz.com\\\/en\\\/nosotros\\\/#primaryimage\"},\"image\":{\"@id\":\"https:\\\/\\\/albaluz.com\\\/en\\\/nosotros\\\/#primaryimage\"},\"thumbnailUrl\":\"http:\\\/\\\/albaluz.com\\\/wp-content\\\/uploads\\\/2020\\\/06\\\/lamparas-techo-cumbia-cristal-bombilla-vista.png\",\"datePublished\":\"2020-06-20T13:46:22+00:00\",\"dateModified\":\"2020-07-31T11:54:24+00:00\",\"description\":\"Con m\u00e1s de 50 a\u00f1os de experiencia, somos la segunda generaci\u00f3n de una empresa familiar. Realizamos proyectos de iluminaci\u00f3n. Especialistas en Custom Product\",\"breadcrumb\":{\"@id\":\"https:\\\/\\\/albaluz.com\\\/en\\\/nosotros\\\/#breadcrumb\"},\"inLanguage\":\"en-GB\",\"potentialAction\":[{\"@type\":\"ReadAction\",\"target\":[\"https:\\\/\\\/albaluz.com\\\/en\\\/nosotros\\\/\"]}]},{\"@type\":\"ImageObject\",\"inLanguage\":\"en-GB\",\"@id\":\"https:\\\/\\\/albaluz.com\\\/en\\\/nosotros\\\/#primaryimage\",\"url\":\"http:\\\/\\\/albaluz.com\\\/wp-content\\\/uploads\\\/2020\\\/06\\\/lamparas-techo-cumbia-cristal-bombilla-vista.png\",\"contentUrl\":\"http:\\\/\\\/albaluz.com\\\/wp-content\\\/uploads\\\/2020\\\/06\\\/lamparas-techo-cumbia-cristal-bombilla-vista.png\"},{\"@type\":\"BreadcrumbList\",\"@id\":\"https:\\\/\\\/albaluz.com\\\/en\\\/nosotros\\\/#breadcrumb\",\"itemListElement\":[{\"@type\":\"ListItem\",\"position\":1,\"name\":\"Portada\",\"item\":\"https:\\\/\\\/albaluz.com\\\/\"},{\"@type\":\"ListItem\",\"position\":2,\"name\":\"Nosotros\"}]},{\"@type\":\"WebSite\",\"@id\":\"https:\\\/\\\/albaluz.com\\\/#website\",\"url\":\"https:\\\/\\\/albaluz.com\\\/\",\"name\":\"ALBALUZ ILUMINACI\u00d3N\",\"description\":\"Proyectos de dise\u00f1o exclusivo\",\"publisher\":{\"@id\":\"https:\\\/\\\/albaluz.com\\\/#organization\"},\"potentialAction\":[{\"@type\":\"SearchAction\",\"target\":{\"@type\":\"EntryPoint\",\"urlTemplate\":\"https:\\\/\\\/albaluz.com\\\/?s={search_term_string}\"},\"query-input\":{\"@type\":\"PropertyValueSpecification\",\"valueRequired\":true,\"valueName\":\"search_term_string\"}}],\"inLanguage\":\"en-GB\"},{\"@type\":\"Organization\",\"@id\":\"https:\\\/\\\/albaluz.com\\\/#organization\",\"name\":\"ALBALUZ ILUMINACI\u00d3N\",\"url\":\"https:\\\/\\\/albaluz.com\\\/\",\"logo\":{\"@type\":\"ImageObject\",\"inLanguage\":\"en-GB\",\"@id\":\"https:\\\/\\\/albaluz.com\\\/#\\\/schema\\\/logo\\\/image\\\/\",\"url\":\"https:\\\/\\\/albaluz.com\\\/wp-content\\\/uploads\\\/2020\\\/06\\\/albaluz-new-logo.jpg\",\"contentUrl\":\"https:\\\/\\\/albaluz.com\\\/wp-content\\\/uploads\\\/2020\\\/06\\\/albaluz-new-logo.jpg\",\"width\":977,\"height\":176,\"caption\":\"ALBALUZ ILUMINACI\u00d3N\"},\"image\":{\"@id\":\"https:\\\/\\\/albaluz.com\\\/#\\\/schema\\\/logo\\\/image\\\/\"}}]}<\/script>\n<!-- \/ Yoast SEO plugin. -->","yoast_head_json":{"title":"Nosotros - ALBALUZ ILUMINACI\u00d3N","description":"Con m\u00e1s de 50 a\u00f1os de experiencia, somos la segunda generaci\u00f3n de una empresa familiar. Realizamos proyectos de iluminaci\u00f3n. Especialistas en Custom Product","robots":{"index":"index","follow":"follow","max-snippet":"max-snippet:-1","max-image-preview":"max-image-preview:large","max-video-preview":"max-video-preview:-1"},"canonical":"https:\/\/albaluz.com\/en\/nosotros\/","og_locale":"en_GB","og_type":"article","og_title":"Nosotros - ALBALUZ ILUMINACI\u00d3N","og_description":"Con m\u00e1s de 50 a\u00f1os de experiencia, somos la segunda generaci\u00f3n de una empresa familiar. Realizamos proyectos de iluminaci\u00f3n. Especialistas en Custom Product","og_url":"https:\/\/albaluz.com\/en\/nosotros\/","og_site_name":"ALBALUZ ILUMINACI\u00d3N","article_modified_time":"2020-07-31T11:54:24+00:00","og_image":[{"width":891,"height":1172,"url":"https:\/\/albaluz.com\/wp-content\/uploads\/2020\/06\/lamparas-techo-cumbia-cristal-bombilla-vista.png","type":"image\/png"}],"twitter_card":"summary_large_image","twitter_misc":{"Estimated reading time":"1 minute"},"schema":{"@context":"https:\/\/schema.org","@graph":[{"@type":"WebPage","@id":"https:\/\/albaluz.com\/en\/nosotros\/","url":"https:\/\/albaluz.com\/en\/nosotros\/","name":"Nosotros - ALBALUZ ILUMINACI\u00d3N","isPartOf":{"@id":"https:\/\/albaluz.com\/#website"},"primaryImageOfPage":{"@id":"https:\/\/albaluz.com\/en\/nosotros\/#primaryimage"},"image":{"@id":"https:\/\/albaluz.com\/en\/nosotros\/#primaryimage"},"thumbnailUrl":"http:\/\/albaluz.com\/wp-content\/uploads\/2020\/06\/lamparas-techo-cumbia-cristal-bombilla-vista.png","datePublished":"2020-06-20T13:46:22+00:00","dateModified":"2020-07-31T11:54:24+00:00","description":"Con m\u00e1s de 50 a\u00f1os de experiencia, somos la segunda generaci\u00f3n de una empresa familiar. Realizamos proyectos de iluminaci\u00f3n. Especialistas en Custom Product","breadcrumb":{"@id":"https:\/\/albaluz.com\/en\/nosotros\/#breadcrumb"},"inLanguage":"en-GB","potentialAction":[{"@type":"ReadAction","target":["https:\/\/albaluz.com\/en\/nosotros\/"]}]},{"@type":"ImageObject","inLanguage":"en-GB","@id":"https:\/\/albaluz.com\/en\/nosotros\/#primaryimage","url":"http:\/\/albaluz.com\/wp-content\/uploads\/2020\/06\/lamparas-techo-cumbia-cristal-bombilla-vista.png","contentUrl":"http:\/\/albaluz.com\/wp-content\/uploads\/2020\/06\/lamparas-techo-cumbia-cristal-bombilla-vista.png"},{"@type":"BreadcrumbList","@id":"https:\/\/albaluz.com\/en\/nosotros\/#breadcrumb","itemListElement":[{"@type":"ListItem","position":1,"name":"Portada","item":"https:\/\/albaluz.com\/"},{"@type":"ListItem","position":2,"name":"Nosotros"}]},{"@type":"WebSite","@id":"https:\/\/albaluz.com\/#website","url":"https:\/\/albaluz.com\/","name":"ALBALUZ ILUMINACI\u00d3N","description":"Proyectos de dise\u00f1o exclusivo","publisher":{"@id":"https:\/\/albaluz.com\/#organization"},"potentialAction":[{"@type":"SearchAction","target":{"@type":"EntryPoint","urlTemplate":"https:\/\/albaluz.com\/?s={search_term_string}"},"query-input":{"@type":"PropertyValueSpecification","valueRequired":true,"valueName":"search_term_string"}}],"inLanguage":"en-GB"},{"@type":"Organization","@id":"https:\/\/albaluz.com\/#organization","name":"ALBALUZ ILUMINACI\u00d3N","url":"https:\/\/albaluz.com\/","logo":{"@type":"ImageObject","inLanguage":"en-GB","@id":"https:\/\/albaluz.com\/#\/schema\/logo\/image\/","url":"https:\/\/albaluz.com\/wp-content\/uploads\/2020\/06\/albaluz-new-logo.jpg","contentUrl":"https:\/\/albaluz.com\/wp-content\/uploads\/2020\/06\/albaluz-new-logo.jpg","width":977,"height":176,"caption":"ALBALUZ ILUMINACI\u00d3N"},"image":{"@id":"https:\/\/albaluz.com\/#\/schema\/logo\/image\/"}}]}},"acf":[],"jetpack_sharing_enabled":true,"_links":{"self":[{"href":"https:\/\/albaluz.com\/en\/wp-json\/wp\/v2\/pages\/21","targetHints":{"allow":["GET"]}}],"collection":[{"href":"https:\/\/albaluz.com\/en\/wp-json\/wp\/v2\/pages"}],"about":[{"href":"https:\/\/albaluz.com\/en\/wp-json\/wp\/v2\/types\/page"}],"author":[{"embeddable":true,"href":"https:\/\/albaluz.com\/en\/wp-json\/wp\/v2\/users\/2"}],"replies":[{"embeddable":true,"href":"https:\/\/albaluz.com\/en\/wp-json\/wp\/v2\/comments?post=21"}],"version-history":[{"count":17,"href":"https:\/\/albaluz.com\/en\/wp-json\/wp\/v2\/pages\/21\/revisions"}],"predecessor-version":[{"id":477,"href":"https:\/\/albaluz.com\/en\/wp-json\/wp\/v2\/pages\/21\/revisions\/477"}],"wp:attachment":[{"href":"https:\/\/albaluz.com\/en\/wp-json\/wp\/v2\/media?parent=21"}],"curies":[{"name":"wp","href":"https:\/\/api.w.org\/{rel}","templated":true}]}}