{"id":19,"date":"2020-06-20T15:46:07","date_gmt":"2020-06-20T13:46:07","guid":{"rendered":"http:\/\/albaluz.com\/?page_id=19"},"modified":"2020-07-24T16:00:24","modified_gmt":"2020-07-24T14:00:24","slug":"proyectos","status":"publish","type":"page","link":"https:\/\/albaluz.com\/en\/proyectos\/","title":{"rendered":"Projects"},"content":{"rendered":"<div class=\"wp-block-columns is-layout-flex wp-container-core-columns-is-layout-9d6595d7 wp-block-columns-is-layout-flex\">\n<div class=\"wp-block-column is-layout-flow wp-block-column-is-layout-flow\">\n<h3 class=\"has-text-align-center wp-block-heading\">Hotels<\/h3>\n\n\n\n<div class=\"wp-block-image is-style-default\"><figure class=\"aligncenter size-large\"><a href=\"https:\/\/albaluz.com\/en\/proyectos\/hoteles\/\"><img loading=\"lazy\" decoding=\"async\" width=\"1103\" height=\"736\" src=\"https:\/\/albaluz.com\/wp-content\/uploads\/2020\/06\/IBSTAR_HEN_IB_BARS_NIGHT_D1908_001_low.jpg\" alt=\"Iberostar Herceg Novi (Montenegro)\" class=\"wp-image-55\"\/><\/a><\/figure><\/div>\n<\/div>\n\n\n\n<div class=\"wp-block-column is-layout-flow wp-block-column-is-layout-flow\">\n<h3 class=\"has-text-align-center wp-block-heading\">Restaurants<\/h3>\n\n\n\n<figure class=\"wp-block-image size-large is-style-default\"><a href=\"https:\/\/albaluz.com\/en\/proyectos\/restaurantes\/\"><img loading=\"lazy\" decoding=\"async\" width=\"1024\" height=\"683\" src=\"https:\/\/albaluz.com\/wp-content\/uploads\/2020\/06\/restaurante-kodama-mesas-cuadradas-1024x683.jpg\" alt=\"Kodama - Restaurante Japon\u00e9s&amp;Sushi\" class=\"wp-image-367\" srcset=\"https:\/\/albaluz.com\/wp-content\/uploads\/2020\/06\/restaurante-kodama-mesas-cuadradas-1024x683.jpg 1024w, https:\/\/albaluz.com\/wp-content\/uploads\/2020\/06\/restaurante-kodama-mesas-cuadradas-300x200.jpg 300w, https:\/\/albaluz.com\/wp-content\/uploads\/2020\/06\/restaurante-kodama-mesas-cuadradas-768x512.jpg 768w, https:\/\/albaluz.com\/wp-content\/uploads\/2020\/06\/restaurante-kodama-mesas-cuadradas-1140x760.jpg 1140w, https:\/\/albaluz.com\/wp-content\/uploads\/2020\/06\/restaurante-kodama-mesas-cuadradas.jpg 1200w\" sizes=\"auto, (max-width: 1024px) 100vw, 1024px\" \/><\/a><\/figure>\n<\/div>\n\n\n\n<div class=\"wp-block-column is-layout-flow wp-block-column-is-layout-flow\">\n<h3 class=\"has-text-align-center wp-block-heading\">Stores<\/h3>\n\n\n\n<figure class=\"wp-block-image size-large\"><a href=\"https:\/\/albaluz.com\/en\/proyectos\/comercios\/\"><img loading=\"lazy\" decoding=\"async\" width=\"1024\" height=\"684\" src=\"https:\/\/albaluz.com\/wp-content\/uploads\/2020\/06\/IMGP2278-BAJA-scaled-e1593187209684-1024x684.jpg\" alt=\"TIENDA ROPA BUS URBAN WEAR PORTUGAL\" class=\"wp-image-395\" srcset=\"https:\/\/albaluz.com\/wp-content\/uploads\/2020\/06\/IMGP2278-BAJA-scaled-e1593187209684-1024x684.jpg 1024w, https:\/\/albaluz.com\/wp-content\/uploads\/2020\/06\/IMGP2278-BAJA-scaled-e1593187209684-300x200.jpg 300w, https:\/\/albaluz.com\/wp-content\/uploads\/2020\/06\/IMGP2278-BAJA-scaled-e1593187209684-768x513.jpg 768w, https:\/\/albaluz.com\/wp-content\/uploads\/2020\/06\/IMGP2278-BAJA-scaled-e1593187209684-1140x761.jpg 1140w, https:\/\/albaluz.com\/wp-content\/uploads\/2020\/06\/IMGP2278-BAJA-scaled-e1593187209684.jpg 1200w\" sizes=\"auto, (max-width: 1024px) 100vw, 1024px\" \/><\/a><\/figure>\n<\/div>\n<\/div>\n\n\n\n<div class=\"wp-block-columns is-layout-flex wp-container-core-columns-is-layout-9d6595d7 wp-block-columns-is-layout-flex\">\n<div class=\"wp-block-column is-layout-flow wp-block-column-is-layout-flow\">\n<h3 class=\"has-text-align-center wp-block-heading\">Private homes<\/h3>\n\n\n\n<figure class=\"wp-block-image size-large\"><a href=\"https:\/\/albaluz.com\/en\/proyectos\/viviendas-particulares\/\"><img loading=\"lazy\" decoding=\"async\" width=\"756\" height=\"504\" src=\"https:\/\/albaluz.com\/wp-content\/uploads\/2020\/06\/proyecto-vivienda-barcelona-lampara-cuerda-e1593182314531.png\" alt=\"\" class=\"wp-image-381\" srcset=\"https:\/\/albaluz.com\/wp-content\/uploads\/2020\/06\/proyecto-vivienda-barcelona-lampara-cuerda-e1593182314531.png 756w, https:\/\/albaluz.com\/wp-content\/uploads\/2020\/06\/proyecto-vivienda-barcelona-lampara-cuerda-e1593182314531-300x200.png 300w\" sizes=\"auto, (max-width: 756px) 100vw, 756px\" \/><\/a><\/figure>\n<\/div>\n\n\n\n<div class=\"wp-block-column is-layout-flow wp-block-column-is-layout-flow\"><\/div>\n\n\n\n<div class=\"wp-block-column is-layout-flow wp-block-column-is-layout-flow\"><\/div>\n<\/div>","protected":false},"excerpt":{"rendered":"<p>Hoteles Restaurantes Comercios Viviendas particulares<\/p>","protected":false},"author":2,"featured_media":0,"parent":0,"menu_order":0,"comment_status":"closed","ping_status":"closed","template":"","meta":{"footnotes":""},"class_list":["post-19","page","type-page","status-publish","hentry"],"yoast_head":"<!-- This site is optimized with the Yoast SEO plugin v27.5 - https:\/\/yoast.com\/product\/yoast-seo-wordpress\/ -->\n<title>Proyectos - ALBALUZ ILUMINACI\u00d3N<\/title>\n<meta name=\"description\" content=\"Ofrecemos productos exclusivos y \u00fanicos, ajust\u00e1ndonos a las ideas y necesidades del cliente. Especialistas en Custom Product.\" \/>\n<meta name=\"robots\" content=\"index, follow, max-snippet:-1, max-image-preview:large, max-video-preview:-1\" \/>\n<link rel=\"canonical\" href=\"https:\/\/albaluz.com\/en\/proyectos\/\" \/>\n<meta property=\"og:locale\" content=\"en_GB\" \/>\n<meta property=\"og:type\" content=\"article\" \/>\n<meta property=\"og:title\" content=\"Proyectos - ALBALUZ ILUMINACI\u00d3N\" \/>\n<meta property=\"og:description\" content=\"Ofrecemos productos exclusivos y \u00fanicos, ajust\u00e1ndonos a las ideas y necesidades del cliente. Especialistas en Custom Product.\" \/>\n<meta property=\"og:url\" content=\"https:\/\/albaluz.com\/en\/proyectos\/\" \/>\n<meta property=\"og:site_name\" content=\"ALBALUZ ILUMINACI\u00d3N\" \/>\n<meta property=\"article:modified_time\" content=\"2020-07-24T14:00:24+00:00\" \/>\n<meta property=\"og:image\" content=\"https:\/\/albaluz.com\/wp-content\/uploads\/2020\/06\/IBSTAR_HEN_IB_BARS_NIGHT_D1908_001_low.jpg\" \/>\n\t<meta property=\"og:image:width\" content=\"1103\" \/>\n\t<meta property=\"og:image:height\" content=\"736\" \/>\n\t<meta property=\"og:image:type\" content=\"image\/jpeg\" \/>\n<meta name=\"twitter:card\" content=\"summary_large_image\" \/>\n<script type=\"application\/ld+json\" class=\"yoast-schema-graph\">{\"@context\":\"https:\\\/\\\/schema.org\",\"@graph\":[{\"@type\":\"WebPage\",\"@id\":\"https:\\\/\\\/albaluz.com\\\/proyectos\\\/\",\"url\":\"https:\\\/\\\/albaluz.com\\\/proyectos\\\/\",\"name\":\"Proyectos - ALBALUZ ILUMINACI\u00d3N\",\"isPartOf\":{\"@id\":\"https:\\\/\\\/albaluz.com\\\/#website\"},\"primaryImageOfPage\":{\"@id\":\"https:\\\/\\\/albaluz.com\\\/proyectos\\\/#primaryimage\"},\"image\":{\"@id\":\"https:\\\/\\\/albaluz.com\\\/proyectos\\\/#primaryimage\"},\"thumbnailUrl\":\"https:\\\/\\\/albaluz.com\\\/wp-content\\\/uploads\\\/2020\\\/06\\\/IBSTAR_HEN_IB_BARS_NIGHT_D1908_001_low.jpg\",\"datePublished\":\"2020-06-20T13:46:07+00:00\",\"dateModified\":\"2020-07-24T14:00:24+00:00\",\"description\":\"Ofrecemos productos exclusivos y \u00fanicos, ajust\u00e1ndonos a las ideas y necesidades del cliente. Especialistas en Custom Product.\",\"breadcrumb\":{\"@id\":\"https:\\\/\\\/albaluz.com\\\/proyectos\\\/#breadcrumb\"},\"inLanguage\":\"en-GB\",\"potentialAction\":[{\"@type\":\"ReadAction\",\"target\":[\"https:\\\/\\\/albaluz.com\\\/proyectos\\\/\"]}]},{\"@type\":\"ImageObject\",\"inLanguage\":\"en-GB\",\"@id\":\"https:\\\/\\\/albaluz.com\\\/proyectos\\\/#primaryimage\",\"url\":\"https:\\\/\\\/albaluz.com\\\/wp-content\\\/uploads\\\/2020\\\/06\\\/IBSTAR_HEN_IB_BARS_NIGHT_D1908_001_low.jpg\",\"contentUrl\":\"https:\\\/\\\/albaluz.com\\\/wp-content\\\/uploads\\\/2020\\\/06\\\/IBSTAR_HEN_IB_BARS_NIGHT_D1908_001_low.jpg\"},{\"@type\":\"BreadcrumbList\",\"@id\":\"https:\\\/\\\/albaluz.com\\\/proyectos\\\/#breadcrumb\",\"itemListElement\":[{\"@type\":\"ListItem\",\"position\":1,\"name\":\"Portada\",\"item\":\"https:\\\/\\\/albaluz.com\\\/\"},{\"@type\":\"ListItem\",\"position\":2,\"name\":\"Proyectos\"}]},{\"@type\":\"WebSite\",\"@id\":\"https:\\\/\\\/albaluz.com\\\/#website\",\"url\":\"https:\\\/\\\/albaluz.com\\\/\",\"name\":\"ALBALUZ ILUMINACI\u00d3N\",\"description\":\"Proyectos de dise\u00f1o exclusivo\",\"publisher\":{\"@id\":\"https:\\\/\\\/albaluz.com\\\/#organization\"},\"potentialAction\":[{\"@type\":\"SearchAction\",\"target\":{\"@type\":\"EntryPoint\",\"urlTemplate\":\"https:\\\/\\\/albaluz.com\\\/?s={search_term_string}\"},\"query-input\":{\"@type\":\"PropertyValueSpecification\",\"valueRequired\":true,\"valueName\":\"search_term_string\"}}],\"inLanguage\":\"en-GB\"},{\"@type\":\"Organization\",\"@id\":\"https:\\\/\\\/albaluz.com\\\/#organization\",\"name\":\"ALBALUZ ILUMINACI\u00d3N\",\"url\":\"https:\\\/\\\/albaluz.com\\\/\",\"logo\":{\"@type\":\"ImageObject\",\"inLanguage\":\"en-GB\",\"@id\":\"https:\\\/\\\/albaluz.com\\\/#\\\/schema\\\/logo\\\/image\\\/\",\"url\":\"https:\\\/\\\/albaluz.com\\\/wp-content\\\/uploads\\\/2020\\\/06\\\/albaluz-new-logo.jpg\",\"contentUrl\":\"https:\\\/\\\/albaluz.com\\\/wp-content\\\/uploads\\\/2020\\\/06\\\/albaluz-new-logo.jpg\",\"width\":977,\"height\":176,\"caption\":\"ALBALUZ ILUMINACI\u00d3N\"},\"image\":{\"@id\":\"https:\\\/\\\/albaluz.com\\\/#\\\/schema\\\/logo\\\/image\\\/\"}}]}<\/script>\n<!-- \/ Yoast SEO plugin. -->","yoast_head_json":{"title":"Proyectos - ALBALUZ ILUMINACI\u00d3N","description":"Ofrecemos productos exclusivos y \u00fanicos, ajust\u00e1ndonos a las ideas y necesidades del cliente. Especialistas en Custom Product.","robots":{"index":"index","follow":"follow","max-snippet":"max-snippet:-1","max-image-preview":"max-image-preview:large","max-video-preview":"max-video-preview:-1"},"canonical":"https:\/\/albaluz.com\/en\/proyectos\/","og_locale":"en_GB","og_type":"article","og_title":"Proyectos - ALBALUZ ILUMINACI\u00d3N","og_description":"Ofrecemos productos exclusivos y \u00fanicos, ajust\u00e1ndonos a las ideas y necesidades del cliente. Especialistas en Custom Product.","og_url":"https:\/\/albaluz.com\/en\/proyectos\/","og_site_name":"ALBALUZ ILUMINACI\u00d3N","article_modified_time":"2020-07-24T14:00:24+00:00","og_image":[{"width":1103,"height":736,"url":"https:\/\/albaluz.com\/wp-content\/uploads\/2020\/06\/IBSTAR_HEN_IB_BARS_NIGHT_D1908_001_low.jpg","type":"image\/jpeg"}],"twitter_card":"summary_large_image","schema":{"@context":"https:\/\/schema.org","@graph":[{"@type":"WebPage","@id":"https:\/\/albaluz.com\/proyectos\/","url":"https:\/\/albaluz.com\/proyectos\/","name":"Proyectos - ALBALUZ ILUMINACI\u00d3N","isPartOf":{"@id":"https:\/\/albaluz.com\/#website"},"primaryImageOfPage":{"@id":"https:\/\/albaluz.com\/proyectos\/#primaryimage"},"image":{"@id":"https:\/\/albaluz.com\/proyectos\/#primaryimage"},"thumbnailUrl":"https:\/\/albaluz.com\/wp-content\/uploads\/2020\/06\/IBSTAR_HEN_IB_BARS_NIGHT_D1908_001_low.jpg","datePublished":"2020-06-20T13:46:07+00:00","dateModified":"2020-07-24T14:00:24+00:00","description":"Ofrecemos productos exclusivos y \u00fanicos, ajust\u00e1ndonos a las ideas y necesidades del cliente. Especialistas en Custom Product.","breadcrumb":{"@id":"https:\/\/albaluz.com\/proyectos\/#breadcrumb"},"inLanguage":"en-GB","potentialAction":[{"@type":"ReadAction","target":["https:\/\/albaluz.com\/proyectos\/"]}]},{"@type":"ImageObject","inLanguage":"en-GB","@id":"https:\/\/albaluz.com\/proyectos\/#primaryimage","url":"https:\/\/albaluz.com\/wp-content\/uploads\/2020\/06\/IBSTAR_HEN_IB_BARS_NIGHT_D1908_001_low.jpg","contentUrl":"https:\/\/albaluz.com\/wp-content\/uploads\/2020\/06\/IBSTAR_HEN_IB_BARS_NIGHT_D1908_001_low.jpg"},{"@type":"BreadcrumbList","@id":"https:\/\/albaluz.com\/proyectos\/#breadcrumb","itemListElement":[{"@type":"ListItem","position":1,"name":"Portada","item":"https:\/\/albaluz.com\/"},{"@type":"ListItem","position":2,"name":"Proyectos"}]},{"@type":"WebSite","@id":"https:\/\/albaluz.com\/#website","url":"https:\/\/albaluz.com\/","name":"ALBALUZ ILUMINACI\u00d3N","description":"Proyectos de dise\u00f1o exclusivo","publisher":{"@id":"https:\/\/albaluz.com\/#organization"},"potentialAction":[{"@type":"SearchAction","target":{"@type":"EntryPoint","urlTemplate":"https:\/\/albaluz.com\/?s={search_term_string}"},"query-input":{"@type":"PropertyValueSpecification","valueRequired":true,"valueName":"search_term_string"}}],"inLanguage":"en-GB"},{"@type":"Organization","@id":"https:\/\/albaluz.com\/#organization","name":"ALBALUZ ILUMINACI\u00d3N","url":"https:\/\/albaluz.com\/","logo":{"@type":"ImageObject","inLanguage":"en-GB","@id":"https:\/\/albaluz.com\/#\/schema\/logo\/image\/","url":"https:\/\/albaluz.com\/wp-content\/uploads\/2020\/06\/albaluz-new-logo.jpg","contentUrl":"https:\/\/albaluz.com\/wp-content\/uploads\/2020\/06\/albaluz-new-logo.jpg","width":977,"height":176,"caption":"ALBALUZ ILUMINACI\u00d3N"},"image":{"@id":"https:\/\/albaluz.com\/#\/schema\/logo\/image\/"}}]}},"acf":[],"jetpack_sharing_enabled":true,"_links":{"self":[{"href":"https:\/\/albaluz.com\/en\/wp-json\/wp\/v2\/pages\/19","targetHints":{"allow":["GET"]}}],"collection":[{"href":"https:\/\/albaluz.com\/en\/wp-json\/wp\/v2\/pages"}],"about":[{"href":"https:\/\/albaluz.com\/en\/wp-json\/wp\/v2\/types\/page"}],"author":[{"embeddable":true,"href":"https:\/\/albaluz.com\/en\/wp-json\/wp\/v2\/users\/2"}],"replies":[{"embeddable":true,"href":"https:\/\/albaluz.com\/en\/wp-json\/wp\/v2\/comments?post=19"}],"version-history":[{"count":29,"href":"https:\/\/albaluz.com\/en\/wp-json\/wp\/v2\/pages\/19\/revisions"}],"predecessor-version":[{"id":472,"href":"https:\/\/albaluz.com\/en\/wp-json\/wp\/v2\/pages\/19\/revisions\/472"}],"wp:attachment":[{"href":"https:\/\/albaluz.com\/en\/wp-json\/wp\/v2\/media?parent=19"}],"curies":[{"name":"wp","href":"https:\/\/api.w.org\/{rel}","templated":true}]}}