{"id":123,"date":"2020-06-20T19:51:45","date_gmt":"2020-06-20T17:51:45","guid":{"rendered":"https:\/\/albaluz.com\/?page_id=123"},"modified":"2020-07-24T16:16:20","modified_gmt":"2020-07-24T14:16:20","slug":"diversidad-materiales","status":"publish","type":"page","link":"https:\/\/albaluz.com\/en\/diversidad-materiales\/","title":{"rendered":"Diversity of materials"},"content":{"rendered":"<h2 class=\"wp-block-heading\">We work with all sorts of materials, rope, fabrics, steel, wood, brass, glass, aluminum... 100% national<\/h2>\n\n\n\n<p>Designs made with materials such as steel, aluminum, brass, wood, blown glass... and made with the most exquisite handmade techniques, using the latest technologies to give our products great added value.<\/p>\n\n\n\n<p class=\"translation-block\"><strong>Albaluz<\/strong> gives the opportunity to develop customised luminaria based on the client's original designs.<\/p>","protected":false},"excerpt":{"rendered":"<p>Trabajamos con todo tipo de materiales, cuerda, tejidos, acero, madera, lat\u00f3n, cristal, aluminio\u2026 100% nacionales Dise\u00f1os fabricados con materiales como acero, aluminio, lat\u00f3n, madera, cristal soplado\u2026 y fabricados con las m\u00e1s exquisitas t\u00e9cnicas artesanales y utilizando las \u00faltimas tecnolog\u00edas para darle a nuestros productos un gran valor a\u00f1adido. Albaluz&nbsp;brinda la oportunidad de desarrollar luminarias customizadas bas\u00e1ndonos en los dise\u00f1os originales del cliente.<\/p>","protected":false},"author":2,"featured_media":11,"parent":0,"menu_order":0,"comment_status":"closed","ping_status":"closed","template":"","meta":{"footnotes":""},"class_list":["post-123","page","type-page","status-publish","has-post-thumbnail","hentry"],"yoast_head":"<!-- This site is optimized with the Yoast SEO plugin v27.4 - https:\/\/yoast.com\/product\/yoast-seo-wordpress\/ -->\n<title>Diversidad de materiales - ALBALUZ ILUMINACI\u00d3N<\/title>\n<meta name=\"robots\" content=\"index, follow, max-snippet:-1, max-image-preview:large, max-video-preview:-1\" \/>\n<link rel=\"canonical\" href=\"https:\/\/albaluz.com\/en\/diversidad-materiales\/\" \/>\n<meta property=\"og:locale\" content=\"en_GB\" \/>\n<meta property=\"og:type\" content=\"article\" \/>\n<meta property=\"og:title\" content=\"Diversidad de materiales - ALBALUZ ILUMINACI\u00d3N\" \/>\n<meta property=\"og:description\" content=\"Trabajamos con todo tipo de materiales, cuerda, tejidos, acero, madera, lat\u00f3n, cristal, aluminio\u2026 100% nacionales Dise\u00f1os fabricados con materiales como acero, aluminio, lat\u00f3n, madera, cristal soplado\u2026 y fabricados con las m\u00e1s exquisitas t\u00e9cnicas artesanales y utilizando las \u00faltimas tecnolog\u00edas para darle a nuestros productos un gran valor a\u00f1adido. Albaluz&nbsp;brinda la oportunidad de desarrollar luminarias customizadas bas\u00e1ndonos en los dise\u00f1os originales del cliente.\" \/>\n<meta property=\"og:url\" content=\"https:\/\/albaluz.com\/en\/diversidad-materiales\/\" \/>\n<meta property=\"og:site_name\" content=\"ALBALUZ ILUMINACI\u00d3N\" \/>\n<meta property=\"article:modified_time\" content=\"2020-07-24T14:16:20+00:00\" \/>\n<meta property=\"og:image\" content=\"https:\/\/albaluz.com\/wp-content\/uploads\/2020\/06\/materiales-acero-cuerda-tejido-cristal-laton-aluminio.png\" \/>\n\t<meta property=\"og:image:width\" content=\"425\" \/>\n\t<meta property=\"og:image:height\" content=\"157\" \/>\n\t<meta property=\"og:image:type\" content=\"image\/png\" \/>\n<meta name=\"twitter:card\" content=\"summary_large_image\" \/>\n<script type=\"application\/ld+json\" class=\"yoast-schema-graph\">{\"@context\":\"https:\\\/\\\/schema.org\",\"@graph\":[{\"@type\":\"WebPage\",\"@id\":\"https:\\\/\\\/albaluz.com\\\/en\\\/diversidad-materiales\\\/\",\"url\":\"https:\\\/\\\/albaluz.com\\\/en\\\/diversidad-materiales\\\/\",\"name\":\"Diversidad de materiales - ALBALUZ ILUMINACI\u00d3N\",\"isPartOf\":{\"@id\":\"https:\\\/\\\/albaluz.com\\\/#website\"},\"primaryImageOfPage\":{\"@id\":\"https:\\\/\\\/albaluz.com\\\/en\\\/diversidad-materiales\\\/#primaryimage\"},\"image\":{\"@id\":\"https:\\\/\\\/albaluz.com\\\/en\\\/diversidad-materiales\\\/#primaryimage\"},\"thumbnailUrl\":\"https:\\\/\\\/albaluz.com\\\/wp-content\\\/uploads\\\/2020\\\/06\\\/materiales-acero-cuerda-tejido-cristal-laton-aluminio.png\",\"datePublished\":\"2020-06-20T17:51:45+00:00\",\"dateModified\":\"2020-07-24T14:16:20+00:00\",\"breadcrumb\":{\"@id\":\"https:\\\/\\\/albaluz.com\\\/en\\\/diversidad-materiales\\\/#breadcrumb\"},\"inLanguage\":\"en-GB\",\"potentialAction\":[{\"@type\":\"ReadAction\",\"target\":[\"https:\\\/\\\/albaluz.com\\\/en\\\/diversidad-materiales\\\/\"]}]},{\"@type\":\"ImageObject\",\"inLanguage\":\"en-GB\",\"@id\":\"https:\\\/\\\/albaluz.com\\\/en\\\/diversidad-materiales\\\/#primaryimage\",\"url\":\"https:\\\/\\\/albaluz.com\\\/wp-content\\\/uploads\\\/2020\\\/06\\\/materiales-acero-cuerda-tejido-cristal-laton-aluminio.png\",\"contentUrl\":\"https:\\\/\\\/albaluz.com\\\/wp-content\\\/uploads\\\/2020\\\/06\\\/materiales-acero-cuerda-tejido-cristal-laton-aluminio.png\",\"width\":425,\"height\":157,\"caption\":\"Albaluz proyectos iluminaci\u00f3n\"},{\"@type\":\"BreadcrumbList\",\"@id\":\"https:\\\/\\\/albaluz.com\\\/en\\\/diversidad-materiales\\\/#breadcrumb\",\"itemListElement\":[{\"@type\":\"ListItem\",\"position\":1,\"name\":\"Portada\",\"item\":\"https:\\\/\\\/albaluz.com\\\/\"},{\"@type\":\"ListItem\",\"position\":2,\"name\":\"Diversidad de materiales\"}]},{\"@type\":\"WebSite\",\"@id\":\"https:\\\/\\\/albaluz.com\\\/#website\",\"url\":\"https:\\\/\\\/albaluz.com\\\/\",\"name\":\"ALBALUZ ILUMINACI\u00d3N\",\"description\":\"Proyectos de dise\u00f1o exclusivo\",\"publisher\":{\"@id\":\"https:\\\/\\\/albaluz.com\\\/#organization\"},\"potentialAction\":[{\"@type\":\"SearchAction\",\"target\":{\"@type\":\"EntryPoint\",\"urlTemplate\":\"https:\\\/\\\/albaluz.com\\\/?s={search_term_string}\"},\"query-input\":{\"@type\":\"PropertyValueSpecification\",\"valueRequired\":true,\"valueName\":\"search_term_string\"}}],\"inLanguage\":\"en-GB\"},{\"@type\":\"Organization\",\"@id\":\"https:\\\/\\\/albaluz.com\\\/#organization\",\"name\":\"ALBALUZ ILUMINACI\u00d3N\",\"url\":\"https:\\\/\\\/albaluz.com\\\/\",\"logo\":{\"@type\":\"ImageObject\",\"inLanguage\":\"en-GB\",\"@id\":\"https:\\\/\\\/albaluz.com\\\/#\\\/schema\\\/logo\\\/image\\\/\",\"url\":\"https:\\\/\\\/albaluz.com\\\/wp-content\\\/uploads\\\/2020\\\/06\\\/albaluz-new-logo.jpg\",\"contentUrl\":\"https:\\\/\\\/albaluz.com\\\/wp-content\\\/uploads\\\/2020\\\/06\\\/albaluz-new-logo.jpg\",\"width\":977,\"height\":176,\"caption\":\"ALBALUZ ILUMINACI\u00d3N\"},\"image\":{\"@id\":\"https:\\\/\\\/albaluz.com\\\/#\\\/schema\\\/logo\\\/image\\\/\"}}]}<\/script>\n<!-- \/ Yoast SEO plugin. -->","yoast_head_json":{"title":"Diversidad de materiales - ALBALUZ ILUMINACI\u00d3N","robots":{"index":"index","follow":"follow","max-snippet":"max-snippet:-1","max-image-preview":"max-image-preview:large","max-video-preview":"max-video-preview:-1"},"canonical":"https:\/\/albaluz.com\/en\/diversidad-materiales\/","og_locale":"en_GB","og_type":"article","og_title":"Diversidad de materiales - ALBALUZ ILUMINACI\u00d3N","og_description":"Trabajamos con todo tipo de materiales, cuerda, tejidos, acero, madera, lat\u00f3n, cristal, aluminio\u2026 100% nacionales Dise\u00f1os fabricados con materiales como acero, aluminio, lat\u00f3n, madera, cristal soplado\u2026 y fabricados con las m\u00e1s exquisitas t\u00e9cnicas artesanales y utilizando las \u00faltimas tecnolog\u00edas para darle a nuestros productos un gran valor a\u00f1adido. Albaluz&nbsp;brinda la oportunidad de desarrollar luminarias customizadas bas\u00e1ndonos en los dise\u00f1os originales del cliente.","og_url":"https:\/\/albaluz.com\/en\/diversidad-materiales\/","og_site_name":"ALBALUZ ILUMINACI\u00d3N","article_modified_time":"2020-07-24T14:16:20+00:00","og_image":[{"width":425,"height":157,"url":"https:\/\/albaluz.com\/wp-content\/uploads\/2020\/06\/materiales-acero-cuerda-tejido-cristal-laton-aluminio.png","type":"image\/png"}],"twitter_card":"summary_large_image","schema":{"@context":"https:\/\/schema.org","@graph":[{"@type":"WebPage","@id":"https:\/\/albaluz.com\/en\/diversidad-materiales\/","url":"https:\/\/albaluz.com\/en\/diversidad-materiales\/","name":"Diversidad de materiales - ALBALUZ ILUMINACI\u00d3N","isPartOf":{"@id":"https:\/\/albaluz.com\/#website"},"primaryImageOfPage":{"@id":"https:\/\/albaluz.com\/en\/diversidad-materiales\/#primaryimage"},"image":{"@id":"https:\/\/albaluz.com\/en\/diversidad-materiales\/#primaryimage"},"thumbnailUrl":"https:\/\/albaluz.com\/wp-content\/uploads\/2020\/06\/materiales-acero-cuerda-tejido-cristal-laton-aluminio.png","datePublished":"2020-06-20T17:51:45+00:00","dateModified":"2020-07-24T14:16:20+00:00","breadcrumb":{"@id":"https:\/\/albaluz.com\/en\/diversidad-materiales\/#breadcrumb"},"inLanguage":"en-GB","potentialAction":[{"@type":"ReadAction","target":["https:\/\/albaluz.com\/en\/diversidad-materiales\/"]}]},{"@type":"ImageObject","inLanguage":"en-GB","@id":"https:\/\/albaluz.com\/en\/diversidad-materiales\/#primaryimage","url":"https:\/\/albaluz.com\/wp-content\/uploads\/2020\/06\/materiales-acero-cuerda-tejido-cristal-laton-aluminio.png","contentUrl":"https:\/\/albaluz.com\/wp-content\/uploads\/2020\/06\/materiales-acero-cuerda-tejido-cristal-laton-aluminio.png","width":425,"height":157,"caption":"Albaluz proyectos iluminaci\u00f3n"},{"@type":"BreadcrumbList","@id":"https:\/\/albaluz.com\/en\/diversidad-materiales\/#breadcrumb","itemListElement":[{"@type":"ListItem","position":1,"name":"Portada","item":"https:\/\/albaluz.com\/"},{"@type":"ListItem","position":2,"name":"Diversidad de materiales"}]},{"@type":"WebSite","@id":"https:\/\/albaluz.com\/#website","url":"https:\/\/albaluz.com\/","name":"ALBALUZ ILUMINACI\u00d3N","description":"Proyectos de dise\u00f1o exclusivo","publisher":{"@id":"https:\/\/albaluz.com\/#organization"},"potentialAction":[{"@type":"SearchAction","target":{"@type":"EntryPoint","urlTemplate":"https:\/\/albaluz.com\/?s={search_term_string}"},"query-input":{"@type":"PropertyValueSpecification","valueRequired":true,"valueName":"search_term_string"}}],"inLanguage":"en-GB"},{"@type":"Organization","@id":"https:\/\/albaluz.com\/#organization","name":"ALBALUZ ILUMINACI\u00d3N","url":"https:\/\/albaluz.com\/","logo":{"@type":"ImageObject","inLanguage":"en-GB","@id":"https:\/\/albaluz.com\/#\/schema\/logo\/image\/","url":"https:\/\/albaluz.com\/wp-content\/uploads\/2020\/06\/albaluz-new-logo.jpg","contentUrl":"https:\/\/albaluz.com\/wp-content\/uploads\/2020\/06\/albaluz-new-logo.jpg","width":977,"height":176,"caption":"ALBALUZ ILUMINACI\u00d3N"},"image":{"@id":"https:\/\/albaluz.com\/#\/schema\/logo\/image\/"}}]}},"acf":[],"jetpack_sharing_enabled":true,"_links":{"self":[{"href":"https:\/\/albaluz.com\/en\/wp-json\/wp\/v2\/pages\/123","targetHints":{"allow":["GET"]}}],"collection":[{"href":"https:\/\/albaluz.com\/en\/wp-json\/wp\/v2\/pages"}],"about":[{"href":"https:\/\/albaluz.com\/en\/wp-json\/wp\/v2\/types\/page"}],"author":[{"embeddable":true,"href":"https:\/\/albaluz.com\/en\/wp-json\/wp\/v2\/users\/2"}],"replies":[{"embeddable":true,"href":"https:\/\/albaluz.com\/en\/wp-json\/wp\/v2\/comments?post=123"}],"version-history":[{"count":4,"href":"https:\/\/albaluz.com\/en\/wp-json\/wp\/v2\/pages\/123\/revisions"}],"predecessor-version":[{"id":491,"href":"https:\/\/albaluz.com\/en\/wp-json\/wp\/v2\/pages\/123\/revisions\/491"}],"wp:featuredmedia":[{"embeddable":true,"href":"https:\/\/albaluz.com\/en\/wp-json\/wp\/v2\/media\/11"}],"wp:attachment":[{"href":"https:\/\/albaluz.com\/en\/wp-json\/wp\/v2\/media?parent=123"}],"curies":[{"name":"wp","href":"https:\/\/api.w.org\/{rel}","templated":true}]}}