{"id":120,"date":"2020-06-20T19:46:35","date_gmt":"2020-06-20T17:46:35","guid":{"rendered":"https:\/\/albaluz.com\/?page_id=120"},"modified":"2020-07-24T16:17:24","modified_gmt":"2020-07-24T14:17:24","slug":"exclusividad-personalizacion","status":"publish","type":"page","link":"https:\/\/albaluz.com\/en\/exclusividad-personalizacion\/","title":{"rendered":"Exclusivity, customisation"},"content":{"rendered":"<h2 class=\"wp-block-heading translation-block\">Our flexibility allows us to adapt our work to the ideas and necessities of our clients, proving our ability to react in the <strong>Contract<\/strong> sector and offering exclusive and unique products.<\/h2>\n\n\n\n<p class=\"translation-block\">Once the design and technical characteristics  are established, we build each project on the agreed deadlines.<\/p>\n\n\n\n<p class=\"translation-block\">We control every step of the manufacturing process to guarantee the <strong>maximum efficiency<\/strong>. Our process is based on:<\/p>\n\n\n\n<ul class=\"wp-block-list\"><li>Conceptualising the clients\u2019 necessities<\/li><li>Technical department meeting<\/li><li>Product definition (materials, finishes,...)<\/li><li>Design and sketch creation<\/li><li>Prototype elaboration<\/li><li>Start of the manufacturing process<\/li><li>Assembly of the different elements<\/li><li>Packing and shipping products to their destination<\/li><\/ul>","protected":false},"excerpt":{"rendered":"<p>Nuestra flexibilidad nos permite adaptarnos a las ideas y necesidades del cliente, demostrando nuestra capacidad de reacci\u00f3n en el sector Contract, ofreciendo productos exclusivos y \u00fanicos. Una vez definido el dise\u00f1o y las caracter\u00edsticas t\u00e9cnicas, fabricamos integralmente su proyecto en los plazos acordados. Controlamos todas las fases del proceso de fabricaci\u00f3n para asegurar la m\u00e1xima eficiencia. Nuestro proceso de trabajo se basa en: Conceptualizaci\u00f3n de las necesidades del cliente Reuni\u00f3n del departamento t\u00e9cnico Definici\u00f3n del producto (materiales, acabados,\u2026) Creaci\u00f3n de dise\u00f1os y bocetos Elaboraci\u00f3n de los prototipos Inicio del proceso de fabricaci\u00f3n Ensamblaje de los diferentes elementos Embalaje y env\u00edo a su destino<\/p>","protected":false},"author":2,"featured_media":108,"parent":0,"menu_order":0,"comment_status":"closed","ping_status":"closed","template":"","meta":{"footnotes":""},"class_list":["post-120","page","type-page","status-publish","has-post-thumbnail","hentry"],"yoast_head":"<!-- This site is optimized with the Yoast SEO plugin v27.5 - https:\/\/yoast.com\/product\/yoast-seo-wordpress\/ -->\n<title>Exclusividad, personalizaci\u00f3n - ALBALUZ ILUMINACI\u00d3N<\/title>\n<meta name=\"robots\" content=\"index, follow, max-snippet:-1, max-image-preview:large, max-video-preview:-1\" \/>\n<link rel=\"canonical\" href=\"https:\/\/albaluz.com\/en\/exclusividad-personalizacion\/\" \/>\n<meta property=\"og:locale\" content=\"en_GB\" \/>\n<meta property=\"og:type\" content=\"article\" \/>\n<meta property=\"og:title\" content=\"Exclusividad, personalizaci\u00f3n - ALBALUZ ILUMINACI\u00d3N\" \/>\n<meta property=\"og:description\" content=\"Nuestra flexibilidad nos permite adaptarnos a las ideas y necesidades del cliente, demostrando nuestra capacidad de reacci\u00f3n en el sector Contract, ofreciendo productos exclusivos y \u00fanicos. Una vez definido el dise\u00f1o y las caracter\u00edsticas t\u00e9cnicas, fabricamos integralmente su proyecto en los plazos acordados. Controlamos todas las fases del proceso de fabricaci\u00f3n para asegurar la m\u00e1xima eficiencia. Nuestro proceso de trabajo se basa en: Conceptualizaci\u00f3n de las necesidades del cliente Reuni\u00f3n del departamento t\u00e9cnico Definici\u00f3n del producto (materiales, acabados,\u2026) Creaci\u00f3n de dise\u00f1os y bocetos Elaboraci\u00f3n de los prototipos Inicio del proceso de fabricaci\u00f3n Ensamblaje de los diferentes elementos Embalaje y env\u00edo a su destino\" \/>\n<meta property=\"og:url\" content=\"https:\/\/albaluz.com\/en\/exclusividad-personalizacion\/\" \/>\n<meta property=\"og:site_name\" content=\"ALBALUZ ILUMINACI\u00d3N\" \/>\n<meta property=\"article:modified_time\" content=\"2020-07-24T14:17:24+00:00\" \/>\n<meta property=\"og:image\" content=\"https:\/\/albaluz.com\/wp-content\/uploads\/2020\/06\/ALBALUZ-fabrica-disen\u0303os-personalizados.jpg\" \/>\n\t<meta property=\"og:image:width\" content=\"425\" \/>\n\t<meta property=\"og:image:height\" content=\"157\" \/>\n\t<meta property=\"og:image:type\" content=\"image\/jpeg\" \/>\n<meta name=\"twitter:card\" content=\"summary_large_image\" \/>\n<meta name=\"twitter:label1\" content=\"Estimated reading time\" \/>\n\t<meta name=\"twitter:data1\" content=\"1 minute\" \/>\n<script type=\"application\/ld+json\" class=\"yoast-schema-graph\">{\"@context\":\"https:\\\/\\\/schema.org\",\"@graph\":[{\"@type\":\"WebPage\",\"@id\":\"https:\\\/\\\/albaluz.com\\\/en\\\/exclusividad-personalizacion\\\/\",\"url\":\"https:\\\/\\\/albaluz.com\\\/en\\\/exclusividad-personalizacion\\\/\",\"name\":\"Exclusividad, personalizaci\u00f3n - ALBALUZ ILUMINACI\u00d3N\",\"isPartOf\":{\"@id\":\"https:\\\/\\\/albaluz.com\\\/#website\"},\"primaryImageOfPage\":{\"@id\":\"https:\\\/\\\/albaluz.com\\\/en\\\/exclusividad-personalizacion\\\/#primaryimage\"},\"image\":{\"@id\":\"https:\\\/\\\/albaluz.com\\\/en\\\/exclusividad-personalizacion\\\/#primaryimage\"},\"thumbnailUrl\":\"https:\\\/\\\/albaluz.com\\\/wp-content\\\/uploads\\\/2020\\\/06\\\/ALBALUZ-fabrica-disen\u0303os-personalizados.jpg\",\"datePublished\":\"2020-06-20T17:46:35+00:00\",\"dateModified\":\"2020-07-24T14:17:24+00:00\",\"breadcrumb\":{\"@id\":\"https:\\\/\\\/albaluz.com\\\/en\\\/exclusividad-personalizacion\\\/#breadcrumb\"},\"inLanguage\":\"en-GB\",\"potentialAction\":[{\"@type\":\"ReadAction\",\"target\":[\"https:\\\/\\\/albaluz.com\\\/en\\\/exclusividad-personalizacion\\\/\"]}]},{\"@type\":\"ImageObject\",\"inLanguage\":\"en-GB\",\"@id\":\"https:\\\/\\\/albaluz.com\\\/en\\\/exclusividad-personalizacion\\\/#primaryimage\",\"url\":\"https:\\\/\\\/albaluz.com\\\/wp-content\\\/uploads\\\/2020\\\/06\\\/ALBALUZ-fabrica-disen\u0303os-personalizados.jpg\",\"contentUrl\":\"https:\\\/\\\/albaluz.com\\\/wp-content\\\/uploads\\\/2020\\\/06\\\/ALBALUZ-fabrica-disen\u0303os-personalizados.jpg\",\"width\":425,\"height\":157,\"caption\":\"Albaluz proyectos iluminaci\u00f3n\"},{\"@type\":\"BreadcrumbList\",\"@id\":\"https:\\\/\\\/albaluz.com\\\/en\\\/exclusividad-personalizacion\\\/#breadcrumb\",\"itemListElement\":[{\"@type\":\"ListItem\",\"position\":1,\"name\":\"Portada\",\"item\":\"https:\\\/\\\/albaluz.com\\\/\"},{\"@type\":\"ListItem\",\"position\":2,\"name\":\"Exclusividad, personalizaci\u00f3n\"}]},{\"@type\":\"WebSite\",\"@id\":\"https:\\\/\\\/albaluz.com\\\/#website\",\"url\":\"https:\\\/\\\/albaluz.com\\\/\",\"name\":\"ALBALUZ ILUMINACI\u00d3N\",\"description\":\"Proyectos de dise\u00f1o exclusivo\",\"publisher\":{\"@id\":\"https:\\\/\\\/albaluz.com\\\/#organization\"},\"potentialAction\":[{\"@type\":\"SearchAction\",\"target\":{\"@type\":\"EntryPoint\",\"urlTemplate\":\"https:\\\/\\\/albaluz.com\\\/?s={search_term_string}\"},\"query-input\":{\"@type\":\"PropertyValueSpecification\",\"valueRequired\":true,\"valueName\":\"search_term_string\"}}],\"inLanguage\":\"en-GB\"},{\"@type\":\"Organization\",\"@id\":\"https:\\\/\\\/albaluz.com\\\/#organization\",\"name\":\"ALBALUZ ILUMINACI\u00d3N\",\"url\":\"https:\\\/\\\/albaluz.com\\\/\",\"logo\":{\"@type\":\"ImageObject\",\"inLanguage\":\"en-GB\",\"@id\":\"https:\\\/\\\/albaluz.com\\\/#\\\/schema\\\/logo\\\/image\\\/\",\"url\":\"https:\\\/\\\/albaluz.com\\\/wp-content\\\/uploads\\\/2020\\\/06\\\/albaluz-new-logo.jpg\",\"contentUrl\":\"https:\\\/\\\/albaluz.com\\\/wp-content\\\/uploads\\\/2020\\\/06\\\/albaluz-new-logo.jpg\",\"width\":977,\"height\":176,\"caption\":\"ALBALUZ ILUMINACI\u00d3N\"},\"image\":{\"@id\":\"https:\\\/\\\/albaluz.com\\\/#\\\/schema\\\/logo\\\/image\\\/\"}}]}<\/script>\n<!-- \/ Yoast SEO plugin. -->","yoast_head_json":{"title":"Exclusividad, personalizaci\u00f3n - ALBALUZ ILUMINACI\u00d3N","robots":{"index":"index","follow":"follow","max-snippet":"max-snippet:-1","max-image-preview":"max-image-preview:large","max-video-preview":"max-video-preview:-1"},"canonical":"https:\/\/albaluz.com\/en\/exclusividad-personalizacion\/","og_locale":"en_GB","og_type":"article","og_title":"Exclusividad, personalizaci\u00f3n - ALBALUZ ILUMINACI\u00d3N","og_description":"Nuestra flexibilidad nos permite adaptarnos a las ideas y necesidades del cliente, demostrando nuestra capacidad de reacci\u00f3n en el sector Contract, ofreciendo productos exclusivos y \u00fanicos. Una vez definido el dise\u00f1o y las caracter\u00edsticas t\u00e9cnicas, fabricamos integralmente su proyecto en los plazos acordados. Controlamos todas las fases del proceso de fabricaci\u00f3n para asegurar la m\u00e1xima eficiencia. Nuestro proceso de trabajo se basa en: Conceptualizaci\u00f3n de las necesidades del cliente Reuni\u00f3n del departamento t\u00e9cnico Definici\u00f3n del producto (materiales, acabados,\u2026) Creaci\u00f3n de dise\u00f1os y bocetos Elaboraci\u00f3n de los prototipos Inicio del proceso de fabricaci\u00f3n Ensamblaje de los diferentes elementos Embalaje y env\u00edo a su destino","og_url":"https:\/\/albaluz.com\/en\/exclusividad-personalizacion\/","og_site_name":"ALBALUZ ILUMINACI\u00d3N","article_modified_time":"2020-07-24T14:17:24+00:00","og_image":[{"width":425,"height":157,"url":"https:\/\/albaluz.com\/wp-content\/uploads\/2020\/06\/ALBALUZ-fabrica-disen\u0303os-personalizados.jpg","type":"image\/jpeg"}],"twitter_card":"summary_large_image","twitter_misc":{"Estimated reading time":"1 minute"},"schema":{"@context":"https:\/\/schema.org","@graph":[{"@type":"WebPage","@id":"https:\/\/albaluz.com\/en\/exclusividad-personalizacion\/","url":"https:\/\/albaluz.com\/en\/exclusividad-personalizacion\/","name":"Exclusividad, personalizaci\u00f3n - ALBALUZ ILUMINACI\u00d3N","isPartOf":{"@id":"https:\/\/albaluz.com\/#website"},"primaryImageOfPage":{"@id":"https:\/\/albaluz.com\/en\/exclusividad-personalizacion\/#primaryimage"},"image":{"@id":"https:\/\/albaluz.com\/en\/exclusividad-personalizacion\/#primaryimage"},"thumbnailUrl":"https:\/\/albaluz.com\/wp-content\/uploads\/2020\/06\/ALBALUZ-fabrica-disen\u0303os-personalizados.jpg","datePublished":"2020-06-20T17:46:35+00:00","dateModified":"2020-07-24T14:17:24+00:00","breadcrumb":{"@id":"https:\/\/albaluz.com\/en\/exclusividad-personalizacion\/#breadcrumb"},"inLanguage":"en-GB","potentialAction":[{"@type":"ReadAction","target":["https:\/\/albaluz.com\/en\/exclusividad-personalizacion\/"]}]},{"@type":"ImageObject","inLanguage":"en-GB","@id":"https:\/\/albaluz.com\/en\/exclusividad-personalizacion\/#primaryimage","url":"https:\/\/albaluz.com\/wp-content\/uploads\/2020\/06\/ALBALUZ-fabrica-disen\u0303os-personalizados.jpg","contentUrl":"https:\/\/albaluz.com\/wp-content\/uploads\/2020\/06\/ALBALUZ-fabrica-disen\u0303os-personalizados.jpg","width":425,"height":157,"caption":"Albaluz proyectos iluminaci\u00f3n"},{"@type":"BreadcrumbList","@id":"https:\/\/albaluz.com\/en\/exclusividad-personalizacion\/#breadcrumb","itemListElement":[{"@type":"ListItem","position":1,"name":"Portada","item":"https:\/\/albaluz.com\/"},{"@type":"ListItem","position":2,"name":"Exclusividad, personalizaci\u00f3n"}]},{"@type":"WebSite","@id":"https:\/\/albaluz.com\/#website","url":"https:\/\/albaluz.com\/","name":"ALBALUZ ILUMINACI\u00d3N","description":"Proyectos de dise\u00f1o exclusivo","publisher":{"@id":"https:\/\/albaluz.com\/#organization"},"potentialAction":[{"@type":"SearchAction","target":{"@type":"EntryPoint","urlTemplate":"https:\/\/albaluz.com\/?s={search_term_string}"},"query-input":{"@type":"PropertyValueSpecification","valueRequired":true,"valueName":"search_term_string"}}],"inLanguage":"en-GB"},{"@type":"Organization","@id":"https:\/\/albaluz.com\/#organization","name":"ALBALUZ ILUMINACI\u00d3N","url":"https:\/\/albaluz.com\/","logo":{"@type":"ImageObject","inLanguage":"en-GB","@id":"https:\/\/albaluz.com\/#\/schema\/logo\/image\/","url":"https:\/\/albaluz.com\/wp-content\/uploads\/2020\/06\/albaluz-new-logo.jpg","contentUrl":"https:\/\/albaluz.com\/wp-content\/uploads\/2020\/06\/albaluz-new-logo.jpg","width":977,"height":176,"caption":"ALBALUZ ILUMINACI\u00d3N"},"image":{"@id":"https:\/\/albaluz.com\/#\/schema\/logo\/image\/"}}]}},"acf":[],"jetpack_sharing_enabled":true,"_links":{"self":[{"href":"https:\/\/albaluz.com\/en\/wp-json\/wp\/v2\/pages\/120","targetHints":{"allow":["GET"]}}],"collection":[{"href":"https:\/\/albaluz.com\/en\/wp-json\/wp\/v2\/pages"}],"about":[{"href":"https:\/\/albaluz.com\/en\/wp-json\/wp\/v2\/types\/page"}],"author":[{"embeddable":true,"href":"https:\/\/albaluz.com\/en\/wp-json\/wp\/v2\/users\/2"}],"replies":[{"embeddable":true,"href":"https:\/\/albaluz.com\/en\/wp-json\/wp\/v2\/comments?post=120"}],"version-history":[{"count":4,"href":"https:\/\/albaluz.com\/en\/wp-json\/wp\/v2\/pages\/120\/revisions"}],"predecessor-version":[{"id":492,"href":"https:\/\/albaluz.com\/en\/wp-json\/wp\/v2\/pages\/120\/revisions\/492"}],"wp:featuredmedia":[{"embeddable":true,"href":"https:\/\/albaluz.com\/en\/wp-json\/wp\/v2\/media\/108"}],"wp:attachment":[{"href":"https:\/\/albaluz.com\/en\/wp-json\/wp\/v2\/media?parent=120"}],"curies":[{"name":"wp","href":"https:\/\/api.w.org\/{rel}","templated":true}]}}