{"id":665,"date":"2020-07-31T13:07:37","date_gmt":"2020-07-31T11:07:37","guid":{"rendered":"https:\/\/albaluz.com\/?page_id=665"},"modified":"2020-07-31T13:26:16","modified_gmt":"2020-07-31T11:26:16","slug":"guru-coleccion","status":"publish","type":"page","link":"http:\/\/albaluz.com\/en\/catalogo\/guru-coleccion\/","title":{"rendered":"Guru"},"content":{"rendered":"<div class=\"wp-block-columns is-layout-flex wp-container-core-columns-is-layout-9d6595d7 wp-block-columns-is-layout-flex\">\n<div class=\"wp-block-column is-layout-flow wp-block-column-is-layout-flow\">\n<div class=\"wp-block-image\"><figure class=\"alignright size-large is-resized\"><img loading=\"lazy\" decoding=\"async\" src=\"https:\/\/albaluz.com\/wp-content\/uploads\/2020\/07\/guru-acabados.png\" alt=\"\" class=\"wp-image-667\" width=\"262\" height=\"626\" srcset=\"https:\/\/albaluz.com\/wp-content\/uploads\/2020\/07\/guru-acabados.png 350w, https:\/\/albaluz.com\/wp-content\/uploads\/2020\/07\/guru-acabados-126x300.png 126w\" sizes=\"auto, (max-width: 262px) 100vw, 262px\" \/><\/figure><\/div>\n<\/div>\n\n\n\n<div class=\"wp-block-column is-layout-flow wp-block-column-is-layout-flow\">\n<h2 class=\"has-text-align-center wp-block-heading\">L\u00e1mparas de suspensi\u00f3n y sobremesas<\/h2>\n\n\n\n<p>Gracias a su especial l\u00ednea tan personal esta colecci\u00f3n es inconfundible, con la posibilidad de introducirse en diferentes contextos de viviendas, brillando en cualquier lugar por su clase y sobriedad<\/p>\n\n\n\n<figure class=\"wp-block-image size-large\"><img loading=\"lazy\" decoding=\"async\" width=\"713\" height=\"639\" src=\"https:\/\/albaluz.com\/wp-content\/uploads\/2020\/07\/guru-sobremesa.png\" alt=\"\" class=\"wp-image-673\" srcset=\"https:\/\/albaluz.com\/wp-content\/uploads\/2020\/07\/guru-sobremesa.png 713w, https:\/\/albaluz.com\/wp-content\/uploads\/2020\/07\/guru-sobremesa-300x269.png 300w\" sizes=\"auto, (max-width: 713px) 100vw, 713px\" \/><\/figure>\n<\/div>\n<\/div>\n\n\n\n<div class=\"wp-block-image\"><figure class=\"aligncenter size-large\"><img loading=\"lazy\" decoding=\"async\" width=\"805\" height=\"406\" src=\"https:\/\/albaluz.com\/wp-content\/uploads\/2020\/07\/guru-sobremesa-acabados.png\" alt=\"\" class=\"wp-image-674\" srcset=\"https:\/\/albaluz.com\/wp-content\/uploads\/2020\/07\/guru-sobremesa-acabados.png 805w, https:\/\/albaluz.com\/wp-content\/uploads\/2020\/07\/guru-sobremesa-acabados-300x151.png 300w, https:\/\/albaluz.com\/wp-content\/uploads\/2020\/07\/guru-sobremesa-acabados-768x387.png 768w\" sizes=\"auto, (max-width: 805px) 100vw, 805px\" \/><\/figure><\/div>\n\n\n\n<h3 class=\"has-text-align-center wp-block-heading\"><strong>ACABADOS<\/strong><\/h3>\n\n\n\n<p class=\"has-drop-cap\"><strong>Metal:<\/strong> cromo<br><strong>Difusor:<\/strong> cristal borosilicato soplado artesanalmente<br><strong>Pantalla:<\/strong> blanco-negro, marr\u00f3n-negro y dorado-negro<\/p>\n\n\n\n<figure class=\"wp-block-image size-large\"><img loading=\"lazy\" decoding=\"async\" width=\"689\" height=\"657\" src=\"https:\/\/albaluz.com\/wp-content\/uploads\/2020\/07\/guru-opciones.png\" alt=\"\" class=\"wp-image-669\" srcset=\"https:\/\/albaluz.com\/wp-content\/uploads\/2020\/07\/guru-opciones.png 689w, https:\/\/albaluz.com\/wp-content\/uploads\/2020\/07\/guru-opciones-300x286.png 300w\" sizes=\"auto, (max-width: 689px) 100vw, 689px\" \/><\/figure>","protected":false},"excerpt":{"rendered":"<p>L\u00e1mparas de suspensi\u00f3n y sobremesas Gracias a su especial l\u00ednea tan personal esta colecci\u00f3n es inconfundible, con la posibilidad de introducirse en diferentes contextos de viviendas, brillando en cualquier lugar por su clase y sobriedad ACABADOS Metal: cromoDifusor: cristal borosilicato soplado artesanalmentePantalla: blanco-negro, marr\u00f3n-negro y dorado-negro<\/p>","protected":false},"author":2,"featured_media":668,"parent":163,"menu_order":0,"comment_status":"closed","ping_status":"closed","template":"","meta":{"footnotes":""},"class_list":["post-665","page","type-page","status-publish","has-post-thumbnail","hentry"],"yoast_head":"<!-- This site is optimized with the Yoast SEO plugin v27.4 - https:\/\/yoast.com\/product\/yoast-seo-wordpress\/ -->\n<title>Guru - ALBALUZ ILUMINACI\u00d3N<\/title>\n<meta name=\"robots\" content=\"index, follow, max-snippet:-1, max-image-preview:large, max-video-preview:-1\" \/>\n<link rel=\"canonical\" href=\"https:\/\/albaluz.com\/en\/catalogo\/guru-coleccion\/\" \/>\n<meta property=\"og:locale\" content=\"en_GB\" \/>\n<meta property=\"og:type\" content=\"article\" \/>\n<meta property=\"og:title\" content=\"Guru - ALBALUZ ILUMINACI\u00d3N\" \/>\n<meta property=\"og:description\" content=\"L\u00e1mparas de suspensi\u00f3n y sobremesas Gracias a su especial l\u00ednea tan personal esta colecci\u00f3n es inconfundible, con la posibilidad de introducirse en diferentes contextos de viviendas, brillando en cualquier lugar por su clase y sobriedad ACABADOS Metal: cromoDifusor: cristal borosilicato soplado artesanalmentePantalla: blanco-negro, marr\u00f3n-negro y dorado-negro\" \/>\n<meta property=\"og:url\" content=\"https:\/\/albaluz.com\/en\/catalogo\/guru-coleccion\/\" \/>\n<meta property=\"og:site_name\" content=\"ALBALUZ ILUMINACI\u00d3N\" \/>\n<meta property=\"article:modified_time\" content=\"2020-07-31T11:26:16+00:00\" \/>\n<meta property=\"og:image\" content=\"https:\/\/albaluz.com\/wp-content\/uploads\/2020\/07\/guru-ambiente.png\" \/>\n\t<meta property=\"og:image:width\" content=\"678\" \/>\n\t<meta property=\"og:image:height\" content=\"646\" \/>\n\t<meta property=\"og:image:type\" content=\"image\/png\" \/>\n<meta name=\"twitter:card\" content=\"summary_large_image\" \/>\n<script type=\"application\/ld+json\" class=\"yoast-schema-graph\">{\"@context\":\"https:\\\/\\\/schema.org\",\"@graph\":[{\"@type\":\"WebPage\",\"@id\":\"https:\\\/\\\/albaluz.com\\\/catalogo\\\/guru-coleccion\\\/\",\"url\":\"https:\\\/\\\/albaluz.com\\\/catalogo\\\/guru-coleccion\\\/\",\"name\":\"Guru - ALBALUZ ILUMINACI\u00d3N\",\"isPartOf\":{\"@id\":\"https:\\\/\\\/albaluz.com\\\/#website\"},\"primaryImageOfPage\":{\"@id\":\"https:\\\/\\\/albaluz.com\\\/catalogo\\\/guru-coleccion\\\/#primaryimage\"},\"image\":{\"@id\":\"https:\\\/\\\/albaluz.com\\\/catalogo\\\/guru-coleccion\\\/#primaryimage\"},\"thumbnailUrl\":\"https:\\\/\\\/albaluz.com\\\/wp-content\\\/uploads\\\/2020\\\/07\\\/guru-ambiente.png\",\"datePublished\":\"2020-07-31T11:07:37+00:00\",\"dateModified\":\"2020-07-31T11:26:16+00:00\",\"breadcrumb\":{\"@id\":\"https:\\\/\\\/albaluz.com\\\/catalogo\\\/guru-coleccion\\\/#breadcrumb\"},\"inLanguage\":\"en-GB\",\"potentialAction\":[{\"@type\":\"ReadAction\",\"target\":[\"https:\\\/\\\/albaluz.com\\\/catalogo\\\/guru-coleccion\\\/\"]}]},{\"@type\":\"ImageObject\",\"inLanguage\":\"en-GB\",\"@id\":\"https:\\\/\\\/albaluz.com\\\/catalogo\\\/guru-coleccion\\\/#primaryimage\",\"url\":\"https:\\\/\\\/albaluz.com\\\/wp-content\\\/uploads\\\/2020\\\/07\\\/guru-ambiente.png\",\"contentUrl\":\"https:\\\/\\\/albaluz.com\\\/wp-content\\\/uploads\\\/2020\\\/07\\\/guru-ambiente.png\",\"width\":678,\"height\":646},{\"@type\":\"BreadcrumbList\",\"@id\":\"https:\\\/\\\/albaluz.com\\\/catalogo\\\/guru-coleccion\\\/#breadcrumb\",\"itemListElement\":[{\"@type\":\"ListItem\",\"position\":1,\"name\":\"Portada\",\"item\":\"https:\\\/\\\/albaluz.com\\\/\"},{\"@type\":\"ListItem\",\"position\":2,\"name\":\"Cat\u00e1logo\",\"item\":\"https:\\\/\\\/albaluz.com\\\/catalogo\\\/\"},{\"@type\":\"ListItem\",\"position\":3,\"name\":\"Guru\"}]},{\"@type\":\"WebSite\",\"@id\":\"https:\\\/\\\/albaluz.com\\\/#website\",\"url\":\"https:\\\/\\\/albaluz.com\\\/\",\"name\":\"ALBALUZ ILUMINACI\u00d3N\",\"description\":\"Proyectos de dise\u00f1o exclusivo\",\"publisher\":{\"@id\":\"https:\\\/\\\/albaluz.com\\\/#organization\"},\"potentialAction\":[{\"@type\":\"SearchAction\",\"target\":{\"@type\":\"EntryPoint\",\"urlTemplate\":\"https:\\\/\\\/albaluz.com\\\/?s={search_term_string}\"},\"query-input\":{\"@type\":\"PropertyValueSpecification\",\"valueRequired\":true,\"valueName\":\"search_term_string\"}}],\"inLanguage\":\"en-GB\"},{\"@type\":\"Organization\",\"@id\":\"https:\\\/\\\/albaluz.com\\\/#organization\",\"name\":\"ALBALUZ ILUMINACI\u00d3N\",\"url\":\"https:\\\/\\\/albaluz.com\\\/\",\"logo\":{\"@type\":\"ImageObject\",\"inLanguage\":\"en-GB\",\"@id\":\"https:\\\/\\\/albaluz.com\\\/#\\\/schema\\\/logo\\\/image\\\/\",\"url\":\"https:\\\/\\\/albaluz.com\\\/wp-content\\\/uploads\\\/2020\\\/06\\\/albaluz-new-logo.jpg\",\"contentUrl\":\"https:\\\/\\\/albaluz.com\\\/wp-content\\\/uploads\\\/2020\\\/06\\\/albaluz-new-logo.jpg\",\"width\":977,\"height\":176,\"caption\":\"ALBALUZ ILUMINACI\u00d3N\"},\"image\":{\"@id\":\"https:\\\/\\\/albaluz.com\\\/#\\\/schema\\\/logo\\\/image\\\/\"}}]}<\/script>\n<!-- \/ Yoast SEO plugin. -->","yoast_head_json":{"title":"Guru - ALBALUZ ILUMINACI\u00d3N","robots":{"index":"index","follow":"follow","max-snippet":"max-snippet:-1","max-image-preview":"max-image-preview:large","max-video-preview":"max-video-preview:-1"},"canonical":"https:\/\/albaluz.com\/en\/catalogo\/guru-coleccion\/","og_locale":"en_GB","og_type":"article","og_title":"Guru - ALBALUZ ILUMINACI\u00d3N","og_description":"L\u00e1mparas de suspensi\u00f3n y sobremesas Gracias a su especial l\u00ednea tan personal esta colecci\u00f3n es inconfundible, con la posibilidad de introducirse en diferentes contextos de viviendas, brillando en cualquier lugar por su clase y sobriedad ACABADOS Metal: cromoDifusor: cristal borosilicato soplado artesanalmentePantalla: blanco-negro, marr\u00f3n-negro y dorado-negro","og_url":"https:\/\/albaluz.com\/en\/catalogo\/guru-coleccion\/","og_site_name":"ALBALUZ ILUMINACI\u00d3N","article_modified_time":"2020-07-31T11:26:16+00:00","og_image":[{"width":678,"height":646,"url":"https:\/\/albaluz.com\/wp-content\/uploads\/2020\/07\/guru-ambiente.png","type":"image\/png"}],"twitter_card":"summary_large_image","schema":{"@context":"https:\/\/schema.org","@graph":[{"@type":"WebPage","@id":"https:\/\/albaluz.com\/catalogo\/guru-coleccion\/","url":"https:\/\/albaluz.com\/catalogo\/guru-coleccion\/","name":"Guru - ALBALUZ ILUMINACI\u00d3N","isPartOf":{"@id":"https:\/\/albaluz.com\/#website"},"primaryImageOfPage":{"@id":"https:\/\/albaluz.com\/catalogo\/guru-coleccion\/#primaryimage"},"image":{"@id":"https:\/\/albaluz.com\/catalogo\/guru-coleccion\/#primaryimage"},"thumbnailUrl":"https:\/\/albaluz.com\/wp-content\/uploads\/2020\/07\/guru-ambiente.png","datePublished":"2020-07-31T11:07:37+00:00","dateModified":"2020-07-31T11:26:16+00:00","breadcrumb":{"@id":"https:\/\/albaluz.com\/catalogo\/guru-coleccion\/#breadcrumb"},"inLanguage":"en-GB","potentialAction":[{"@type":"ReadAction","target":["https:\/\/albaluz.com\/catalogo\/guru-coleccion\/"]}]},{"@type":"ImageObject","inLanguage":"en-GB","@id":"https:\/\/albaluz.com\/catalogo\/guru-coleccion\/#primaryimage","url":"https:\/\/albaluz.com\/wp-content\/uploads\/2020\/07\/guru-ambiente.png","contentUrl":"https:\/\/albaluz.com\/wp-content\/uploads\/2020\/07\/guru-ambiente.png","width":678,"height":646},{"@type":"BreadcrumbList","@id":"https:\/\/albaluz.com\/catalogo\/guru-coleccion\/#breadcrumb","itemListElement":[{"@type":"ListItem","position":1,"name":"Portada","item":"https:\/\/albaluz.com\/"},{"@type":"ListItem","position":2,"name":"Cat\u00e1logo","item":"https:\/\/albaluz.com\/catalogo\/"},{"@type":"ListItem","position":3,"name":"Guru"}]},{"@type":"WebSite","@id":"https:\/\/albaluz.com\/#website","url":"https:\/\/albaluz.com\/","name":"ALBALUZ ILUMINACI\u00d3N","description":"Proyectos de dise\u00f1o exclusivo","publisher":{"@id":"https:\/\/albaluz.com\/#organization"},"potentialAction":[{"@type":"SearchAction","target":{"@type":"EntryPoint","urlTemplate":"https:\/\/albaluz.com\/?s={search_term_string}"},"query-input":{"@type":"PropertyValueSpecification","valueRequired":true,"valueName":"search_term_string"}}],"inLanguage":"en-GB"},{"@type":"Organization","@id":"https:\/\/albaluz.com\/#organization","name":"ALBALUZ ILUMINACI\u00d3N","url":"https:\/\/albaluz.com\/","logo":{"@type":"ImageObject","inLanguage":"en-GB","@id":"https:\/\/albaluz.com\/#\/schema\/logo\/image\/","url":"https:\/\/albaluz.com\/wp-content\/uploads\/2020\/06\/albaluz-new-logo.jpg","contentUrl":"https:\/\/albaluz.com\/wp-content\/uploads\/2020\/06\/albaluz-new-logo.jpg","width":977,"height":176,"caption":"ALBALUZ ILUMINACI\u00d3N"},"image":{"@id":"https:\/\/albaluz.com\/#\/schema\/logo\/image\/"}}]}},"acf":[],"jetpack_sharing_enabled":true,"_links":{"self":[{"href":"http:\/\/albaluz.com\/en\/wp-json\/wp\/v2\/pages\/665","targetHints":{"allow":["GET"]}}],"collection":[{"href":"http:\/\/albaluz.com\/en\/wp-json\/wp\/v2\/pages"}],"about":[{"href":"http:\/\/albaluz.com\/en\/wp-json\/wp\/v2\/types\/page"}],"author":[{"embeddable":true,"href":"http:\/\/albaluz.com\/en\/wp-json\/wp\/v2\/users\/2"}],"replies":[{"embeddable":true,"href":"http:\/\/albaluz.com\/en\/wp-json\/wp\/v2\/comments?post=665"}],"version-history":[{"count":9,"href":"http:\/\/albaluz.com\/en\/wp-json\/wp\/v2\/pages\/665\/revisions"}],"predecessor-version":[{"id":681,"href":"http:\/\/albaluz.com\/en\/wp-json\/wp\/v2\/pages\/665\/revisions\/681"}],"up":[{"embeddable":true,"href":"http:\/\/albaluz.com\/en\/wp-json\/wp\/v2\/pages\/163"}],"wp:featuredmedia":[{"embeddable":true,"href":"http:\/\/albaluz.com\/en\/wp-json\/wp\/v2\/media\/668"}],"wp:attachment":[{"href":"http:\/\/albaluz.com\/en\/wp-json\/wp\/v2\/media?parent=665"}],"curies":[{"name":"wp","href":"https:\/\/api.w.org\/{rel}","templated":true}]}}