{"id":281,"date":"2020-06-25T16:05:29","date_gmt":"2020-06-25T14:05:29","guid":{"rendered":"https:\/\/albaluz.com\/?page_id=281"},"modified":"2020-07-24T17:12:11","modified_gmt":"2020-07-24T15:12:11","slug":"born-coleccion","status":"publish","type":"page","link":"http:\/\/albaluz.com\/en\/catalogo\/born-coleccion\/","title":{"rendered":"Born"},"content":{"rendered":"<div class=\"wp-block-columns is-layout-flex wp-container-core-columns-is-layout-9d6595d7 wp-block-columns-is-layout-flex\">\n<div class=\"wp-block-column is-layout-flow wp-block-column-is-layout-flow\">\n<div class=\"wp-block-image\"><figure class=\"alignright size-large\"><img loading=\"lazy\" decoding=\"async\" width=\"683\" height=\"1024\" src=\"https:\/\/albaluz.com\/wp-content\/uploads\/2020\/07\/IMG_3466-683x1024.jpg\" alt=\"catalogo modelo born negro\" class=\"wp-image-430\" srcset=\"https:\/\/albaluz.com\/wp-content\/uploads\/2020\/07\/IMG_3466-683x1024.jpg 683w, https:\/\/albaluz.com\/wp-content\/uploads\/2020\/07\/IMG_3466-200x300.jpg 200w, https:\/\/albaluz.com\/wp-content\/uploads\/2020\/07\/IMG_3466-768x1152.jpg 768w, https:\/\/albaluz.com\/wp-content\/uploads\/2020\/07\/IMG_3466.jpg 899w\" sizes=\"auto, (max-width: 683px) 100vw, 683px\" \/><figcaption>l\u00e1mpara suspendida led acabado negro<\/figcaption><\/figure><\/div>\n<\/div>\n\n\n\n<div class=\"wp-block-column is-layout-flow wp-block-column-is-layout-flow\">\n<h2 class=\"has-text-align-center wp-block-heading\">L\u00e1mpara suspendida met\u00e1lica, opci\u00f3n en madera<\/h2>\n\n\n\n<p><\/p>\n<\/div>\n<\/div>\n\n\n\n<h3 class=\"has-text-align-center wp-block-heading\"><strong>ACABADOS<\/strong><\/h3>\n\n\n\n<p class=\"has-drop-cap\"><strong>Metal:<\/strong> blanco, negro y rojo<br><strong>Difusor:<\/strong> policarbonato opal<\/p>\n\n\n\n<figure class=\"wp-block-image size-large\"><img loading=\"lazy\" decoding=\"async\" width=\"743\" height=\"939\" src=\"https:\/\/albaluz.com\/wp-content\/uploads\/2020\/06\/born-acabados-opciones.png\" alt=\"\" class=\"wp-image-285\" srcset=\"https:\/\/albaluz.com\/wp-content\/uploads\/2020\/06\/born-acabados-opciones.png 743w, https:\/\/albaluz.com\/wp-content\/uploads\/2020\/06\/born-acabados-opciones-237x300.png 237w\" sizes=\"auto, (max-width: 743px) 100vw, 743px\" \/><\/figure>","protected":false},"excerpt":{"rendered":"<p>L\u00e1mpara suspendida met\u00e1lica, opci\u00f3n en madera ACABADOS Metal: blanco, negro y rojoDifusor: policarbonato opal<\/p>","protected":false},"author":2,"featured_media":70,"parent":163,"menu_order":0,"comment_status":"closed","ping_status":"closed","template":"","meta":{"footnotes":""},"class_list":["post-281","page","type-page","status-publish","has-post-thumbnail","hentry"],"yoast_head":"<!-- This site is optimized with the Yoast SEO plugin v27.4 - https:\/\/yoast.com\/product\/yoast-seo-wordpress\/ -->\n<title>Born - ALBALUZ ILUMINACI\u00d3N<\/title>\n<meta name=\"robots\" content=\"index, follow, max-snippet:-1, max-image-preview:large, max-video-preview:-1\" \/>\n<link rel=\"canonical\" href=\"https:\/\/albaluz.com\/en\/catalogo\/born-coleccion\/\" \/>\n<meta property=\"og:locale\" content=\"en_GB\" \/>\n<meta property=\"og:type\" content=\"article\" \/>\n<meta property=\"og:title\" content=\"Born - ALBALUZ ILUMINACI\u00d3N\" \/>\n<meta property=\"og:description\" content=\"L\u00e1mpara suspendida met\u00e1lica, opci\u00f3n en madera ACABADOS Metal: blanco, negro y rojoDifusor: policarbonato opal\" \/>\n<meta property=\"og:url\" content=\"https:\/\/albaluz.com\/en\/catalogo\/born-coleccion\/\" \/>\n<meta property=\"og:site_name\" content=\"ALBALUZ ILUMINACI\u00d3N\" \/>\n<meta property=\"article:modified_time\" content=\"2020-07-24T15:12:11+00:00\" \/>\n<meta property=\"og:image\" content=\"https:\/\/albaluz.com\/wp-content\/uploads\/2020\/06\/ALBALUZ-ILUMINACION-LIGTHING.jpg\" \/>\n\t<meta property=\"og:image:width\" content=\"726\" \/>\n\t<meta property=\"og:image:height\" content=\"395\" \/>\n\t<meta property=\"og:image:type\" content=\"image\/jpeg\" \/>\n<meta name=\"twitter:card\" content=\"summary_large_image\" \/>\n<script type=\"application\/ld+json\" class=\"yoast-schema-graph\">{\"@context\":\"https:\\\/\\\/schema.org\",\"@graph\":[{\"@type\":\"WebPage\",\"@id\":\"https:\\\/\\\/albaluz.com\\\/catalogo\\\/born-coleccion\\\/\",\"url\":\"https:\\\/\\\/albaluz.com\\\/catalogo\\\/born-coleccion\\\/\",\"name\":\"Born - ALBALUZ ILUMINACI\u00d3N\",\"isPartOf\":{\"@id\":\"https:\\\/\\\/albaluz.com\\\/#website\"},\"primaryImageOfPage\":{\"@id\":\"https:\\\/\\\/albaluz.com\\\/catalogo\\\/born-coleccion\\\/#primaryimage\"},\"image\":{\"@id\":\"https:\\\/\\\/albaluz.com\\\/catalogo\\\/born-coleccion\\\/#primaryimage\"},\"thumbnailUrl\":\"https:\\\/\\\/albaluz.com\\\/wp-content\\\/uploads\\\/2020\\\/06\\\/ALBALUZ-ILUMINACION-LIGTHING.jpg\",\"datePublished\":\"2020-06-25T14:05:29+00:00\",\"dateModified\":\"2020-07-24T15:12:11+00:00\",\"breadcrumb\":{\"@id\":\"https:\\\/\\\/albaluz.com\\\/catalogo\\\/born-coleccion\\\/#breadcrumb\"},\"inLanguage\":\"en-GB\",\"potentialAction\":[{\"@type\":\"ReadAction\",\"target\":[\"https:\\\/\\\/albaluz.com\\\/catalogo\\\/born-coleccion\\\/\"]}]},{\"@type\":\"ImageObject\",\"inLanguage\":\"en-GB\",\"@id\":\"https:\\\/\\\/albaluz.com\\\/catalogo\\\/born-coleccion\\\/#primaryimage\",\"url\":\"https:\\\/\\\/albaluz.com\\\/wp-content\\\/uploads\\\/2020\\\/06\\\/ALBALUZ-ILUMINACION-LIGTHING.jpg\",\"contentUrl\":\"https:\\\/\\\/albaluz.com\\\/wp-content\\\/uploads\\\/2020\\\/06\\\/ALBALUZ-ILUMINACION-LIGTHING.jpg\",\"width\":726,\"height\":395,\"caption\":\"Albaluz Colecci\u00f3n Born\"},{\"@type\":\"BreadcrumbList\",\"@id\":\"https:\\\/\\\/albaluz.com\\\/catalogo\\\/born-coleccion\\\/#breadcrumb\",\"itemListElement\":[{\"@type\":\"ListItem\",\"position\":1,\"name\":\"Portada\",\"item\":\"https:\\\/\\\/albaluz.com\\\/\"},{\"@type\":\"ListItem\",\"position\":2,\"name\":\"Cat\u00e1logo\",\"item\":\"https:\\\/\\\/albaluz.com\\\/catalogo\\\/\"},{\"@type\":\"ListItem\",\"position\":3,\"name\":\"Born\"}]},{\"@type\":\"WebSite\",\"@id\":\"https:\\\/\\\/albaluz.com\\\/#website\",\"url\":\"https:\\\/\\\/albaluz.com\\\/\",\"name\":\"ALBALUZ ILUMINACI\u00d3N\",\"description\":\"Proyectos de dise\u00f1o exclusivo\",\"publisher\":{\"@id\":\"https:\\\/\\\/albaluz.com\\\/#organization\"},\"potentialAction\":[{\"@type\":\"SearchAction\",\"target\":{\"@type\":\"EntryPoint\",\"urlTemplate\":\"https:\\\/\\\/albaluz.com\\\/?s={search_term_string}\"},\"query-input\":{\"@type\":\"PropertyValueSpecification\",\"valueRequired\":true,\"valueName\":\"search_term_string\"}}],\"inLanguage\":\"en-GB\"},{\"@type\":\"Organization\",\"@id\":\"https:\\\/\\\/albaluz.com\\\/#organization\",\"name\":\"ALBALUZ ILUMINACI\u00d3N\",\"url\":\"https:\\\/\\\/albaluz.com\\\/\",\"logo\":{\"@type\":\"ImageObject\",\"inLanguage\":\"en-GB\",\"@id\":\"https:\\\/\\\/albaluz.com\\\/#\\\/schema\\\/logo\\\/image\\\/\",\"url\":\"https:\\\/\\\/albaluz.com\\\/wp-content\\\/uploads\\\/2020\\\/06\\\/albaluz-new-logo.jpg\",\"contentUrl\":\"https:\\\/\\\/albaluz.com\\\/wp-content\\\/uploads\\\/2020\\\/06\\\/albaluz-new-logo.jpg\",\"width\":977,\"height\":176,\"caption\":\"ALBALUZ ILUMINACI\u00d3N\"},\"image\":{\"@id\":\"https:\\\/\\\/albaluz.com\\\/#\\\/schema\\\/logo\\\/image\\\/\"}}]}<\/script>\n<!-- \/ Yoast SEO plugin. -->","yoast_head_json":{"title":"Born - ALBALUZ ILUMINACI\u00d3N","robots":{"index":"index","follow":"follow","max-snippet":"max-snippet:-1","max-image-preview":"max-image-preview:large","max-video-preview":"max-video-preview:-1"},"canonical":"https:\/\/albaluz.com\/en\/catalogo\/born-coleccion\/","og_locale":"en_GB","og_type":"article","og_title":"Born - ALBALUZ ILUMINACI\u00d3N","og_description":"L\u00e1mpara suspendida met\u00e1lica, opci\u00f3n en madera ACABADOS Metal: blanco, negro y rojoDifusor: policarbonato opal","og_url":"https:\/\/albaluz.com\/en\/catalogo\/born-coleccion\/","og_site_name":"ALBALUZ ILUMINACI\u00d3N","article_modified_time":"2020-07-24T15:12:11+00:00","og_image":[{"width":726,"height":395,"url":"https:\/\/albaluz.com\/wp-content\/uploads\/2020\/06\/ALBALUZ-ILUMINACION-LIGTHING.jpg","type":"image\/jpeg"}],"twitter_card":"summary_large_image","schema":{"@context":"https:\/\/schema.org","@graph":[{"@type":"WebPage","@id":"https:\/\/albaluz.com\/catalogo\/born-coleccion\/","url":"https:\/\/albaluz.com\/catalogo\/born-coleccion\/","name":"Born - ALBALUZ ILUMINACI\u00d3N","isPartOf":{"@id":"https:\/\/albaluz.com\/#website"},"primaryImageOfPage":{"@id":"https:\/\/albaluz.com\/catalogo\/born-coleccion\/#primaryimage"},"image":{"@id":"https:\/\/albaluz.com\/catalogo\/born-coleccion\/#primaryimage"},"thumbnailUrl":"https:\/\/albaluz.com\/wp-content\/uploads\/2020\/06\/ALBALUZ-ILUMINACION-LIGTHING.jpg","datePublished":"2020-06-25T14:05:29+00:00","dateModified":"2020-07-24T15:12:11+00:00","breadcrumb":{"@id":"https:\/\/albaluz.com\/catalogo\/born-coleccion\/#breadcrumb"},"inLanguage":"en-GB","potentialAction":[{"@type":"ReadAction","target":["https:\/\/albaluz.com\/catalogo\/born-coleccion\/"]}]},{"@type":"ImageObject","inLanguage":"en-GB","@id":"https:\/\/albaluz.com\/catalogo\/born-coleccion\/#primaryimage","url":"https:\/\/albaluz.com\/wp-content\/uploads\/2020\/06\/ALBALUZ-ILUMINACION-LIGTHING.jpg","contentUrl":"https:\/\/albaluz.com\/wp-content\/uploads\/2020\/06\/ALBALUZ-ILUMINACION-LIGTHING.jpg","width":726,"height":395,"caption":"Albaluz Colecci\u00f3n Born"},{"@type":"BreadcrumbList","@id":"https:\/\/albaluz.com\/catalogo\/born-coleccion\/#breadcrumb","itemListElement":[{"@type":"ListItem","position":1,"name":"Portada","item":"https:\/\/albaluz.com\/"},{"@type":"ListItem","position":2,"name":"Cat\u00e1logo","item":"https:\/\/albaluz.com\/catalogo\/"},{"@type":"ListItem","position":3,"name":"Born"}]},{"@type":"WebSite","@id":"https:\/\/albaluz.com\/#website","url":"https:\/\/albaluz.com\/","name":"ALBALUZ ILUMINACI\u00d3N","description":"Proyectos de dise\u00f1o exclusivo","publisher":{"@id":"https:\/\/albaluz.com\/#organization"},"potentialAction":[{"@type":"SearchAction","target":{"@type":"EntryPoint","urlTemplate":"https:\/\/albaluz.com\/?s={search_term_string}"},"query-input":{"@type":"PropertyValueSpecification","valueRequired":true,"valueName":"search_term_string"}}],"inLanguage":"en-GB"},{"@type":"Organization","@id":"https:\/\/albaluz.com\/#organization","name":"ALBALUZ ILUMINACI\u00d3N","url":"https:\/\/albaluz.com\/","logo":{"@type":"ImageObject","inLanguage":"en-GB","@id":"https:\/\/albaluz.com\/#\/schema\/logo\/image\/","url":"https:\/\/albaluz.com\/wp-content\/uploads\/2020\/06\/albaluz-new-logo.jpg","contentUrl":"https:\/\/albaluz.com\/wp-content\/uploads\/2020\/06\/albaluz-new-logo.jpg","width":977,"height":176,"caption":"ALBALUZ ILUMINACI\u00d3N"},"image":{"@id":"https:\/\/albaluz.com\/#\/schema\/logo\/image\/"}}]}},"acf":[],"jetpack_sharing_enabled":true,"_links":{"self":[{"href":"http:\/\/albaluz.com\/en\/wp-json\/wp\/v2\/pages\/281","targetHints":{"allow":["GET"]}}],"collection":[{"href":"http:\/\/albaluz.com\/en\/wp-json\/wp\/v2\/pages"}],"about":[{"href":"http:\/\/albaluz.com\/en\/wp-json\/wp\/v2\/types\/page"}],"author":[{"embeddable":true,"href":"http:\/\/albaluz.com\/en\/wp-json\/wp\/v2\/users\/2"}],"replies":[{"embeddable":true,"href":"http:\/\/albaluz.com\/en\/wp-json\/wp\/v2\/comments?post=281"}],"version-history":[{"count":5,"href":"http:\/\/albaluz.com\/en\/wp-json\/wp\/v2\/pages\/281\/revisions"}],"predecessor-version":[{"id":506,"href":"http:\/\/albaluz.com\/en\/wp-json\/wp\/v2\/pages\/281\/revisions\/506"}],"up":[{"embeddable":true,"href":"http:\/\/albaluz.com\/en\/wp-json\/wp\/v2\/pages\/163"}],"wp:featuredmedia":[{"embeddable":true,"href":"http:\/\/albaluz.com\/en\/wp-json\/wp\/v2\/media\/70"}],"wp:attachment":[{"href":"http:\/\/albaluz.com\/en\/wp-json\/wp\/v2\/media?parent=281"}],"curies":[{"name":"wp","href":"https:\/\/api.w.org\/{rel}","templated":true}]}}