{"id":163,"date":"2020-06-22T17:19:41","date_gmt":"2020-06-22T15:19:41","guid":{"rendered":"https:\/\/albaluz.com\/?page_id=163"},"modified":"2020-08-04T11:29:33","modified_gmt":"2020-08-04T09:29:33","slug":"catalogo","status":"publish","type":"page","link":"http:\/\/albaluz.com\/en\/catalogo\/","title":{"rendered":"Catalogue"},"content":{"rendered":"<div class=\"wp-block-columns is-layout-flex wp-container-core-columns-is-layout-9d6595d7 wp-block-columns-is-layout-flex\">\n<div class=\"wp-block-column is-layout-flow wp-block-column-is-layout-flow\">\n<figure class=\"wp-block-image is-resized is-style-rounded\"><a href=\"https:\/\/albaluz.com\/en\/astoria-coleccion\/\"><img loading=\"lazy\" decoding=\"async\" src=\"https:\/\/albaluz.com\/wp-content\/uploads\/2020\/06\/astoria.png\" alt=\"\" class=\"wp-image-186\" width=\"175\" height=\"175\" srcset=\"https:\/\/albaluz.com\/wp-content\/uploads\/2020\/06\/astoria.png 350w, https:\/\/albaluz.com\/wp-content\/uploads\/2020\/06\/astoria-300x300.png 300w, https:\/\/albaluz.com\/wp-content\/uploads\/2020\/06\/astoria-150x150.png 150w, https:\/\/albaluz.com\/wp-content\/uploads\/2020\/06\/astoria-75x75.png 75w\" sizes=\"auto, (max-width: 175px) 100vw, 175px\" \/><\/a><figcaption><a href=\"https:\/\/albaluz.com\/en\/astoria-coleccion\/\">ASTORIA<\/a><\/figcaption><\/figure>\n<\/div>\n\n\n\n<div class=\"wp-block-column is-layout-flow wp-block-column-is-layout-flow\">\n<figure class=\"wp-block-image size-large is-resized is-style-rounded\"><a href=\"https:\/\/albaluz.com\/en\/az-coleccion\/\"><img loading=\"lazy\" decoding=\"async\" src=\"https:\/\/albaluz.com\/wp-content\/uploads\/2020\/06\/az.png\" alt=\"\" class=\"wp-image-212\" width=\"175\" height=\"175\" srcset=\"https:\/\/albaluz.com\/wp-content\/uploads\/2020\/06\/az.png 350w, https:\/\/albaluz.com\/wp-content\/uploads\/2020\/06\/az-300x300.png 300w, https:\/\/albaluz.com\/wp-content\/uploads\/2020\/06\/az-150x150.png 150w, https:\/\/albaluz.com\/wp-content\/uploads\/2020\/06\/az-75x75.png 75w\" sizes=\"auto, (max-width: 175px) 100vw, 175px\" \/><\/a><figcaption><a href=\"https:\/\/albaluz.com\/en\/az-coleccion\/\">AZ<\/a><\/figcaption><\/figure>\n<\/div>\n\n\n\n<div class=\"wp-block-column is-layout-flow wp-block-column-is-layout-flow\">\n<figure class=\"wp-block-image size-large is-resized is-style-rounded\"><a href=\"https:\/\/albaluz.com\/en\/balmes-coleccion\/\"><img loading=\"lazy\" decoding=\"async\" src=\"https:\/\/albaluz.com\/wp-content\/uploads\/2020\/06\/balmes.png\" alt=\"\" class=\"wp-image-229\" width=\"175\" height=\"175\" srcset=\"https:\/\/albaluz.com\/wp-content\/uploads\/2020\/06\/balmes.png 350w, https:\/\/albaluz.com\/wp-content\/uploads\/2020\/06\/balmes-300x300.png 300w, https:\/\/albaluz.com\/wp-content\/uploads\/2020\/06\/balmes-150x150.png 150w, https:\/\/albaluz.com\/wp-content\/uploads\/2020\/06\/balmes-75x75.png 75w\" sizes=\"auto, (max-width: 175px) 100vw, 175px\" \/><\/a><figcaption><a href=\"https:\/\/albaluz.com\/en\/az-coleccion\/\">B<\/a><a href=\"https:\/\/albaluz.com\/en\/balmes-coleccion\/\">ALMES<\/a><\/figcaption><\/figure>\n<\/div>\n\n\n\n<div class=\"wp-block-column is-layout-flow wp-block-column-is-layout-flow\">\n<figure class=\"wp-block-image size-large is-resized is-style-rounded\"><a href=\"https:\/\/albaluz.com\/en\/born-coleccion\/\"><img loading=\"lazy\" decoding=\"async\" src=\"https:\/\/albaluz.com\/wp-content\/uploads\/2020\/06\/born.png\" alt=\"\" class=\"wp-image-283\" width=\"175\" height=\"175\" srcset=\"https:\/\/albaluz.com\/wp-content\/uploads\/2020\/06\/born.png 350w, https:\/\/albaluz.com\/wp-content\/uploads\/2020\/06\/born-300x300.png 300w, https:\/\/albaluz.com\/wp-content\/uploads\/2020\/06\/born-150x150.png 150w, https:\/\/albaluz.com\/wp-content\/uploads\/2020\/06\/born-75x75.png 75w\" sizes=\"auto, (max-width: 175px) 100vw, 175px\" \/><\/a><figcaption><a href=\"https:\/\/albaluz.com\/en\/az-coleccion\/\">B<\/a><a href=\"https:\/\/albaluz.com\/en\/born-coleccion\/\">ORN<\/a><\/figcaption><\/figure>\n<\/div>\n\n\n\n<div class=\"wp-block-column is-layout-flow wp-block-column-is-layout-flow\">\n<figure class=\"wp-block-image size-large is-resized is-style-rounded\"><a href=\"https:\/\/albaluz.com\/en\/cumbia-coleccion\/\"><img loading=\"lazy\" decoding=\"async\" src=\"https:\/\/albaluz.com\/wp-content\/uploads\/2020\/06\/cumbia.png\" alt=\"\" class=\"wp-image-291\" width=\"175\" height=\"175\" srcset=\"https:\/\/albaluz.com\/wp-content\/uploads\/2020\/06\/cumbia.png 350w, https:\/\/albaluz.com\/wp-content\/uploads\/2020\/06\/cumbia-300x300.png 300w, https:\/\/albaluz.com\/wp-content\/uploads\/2020\/06\/cumbia-150x150.png 150w, https:\/\/albaluz.com\/wp-content\/uploads\/2020\/06\/cumbia-75x75.png 75w\" sizes=\"auto, (max-width: 175px) 100vw, 175px\" \/><\/a><figcaption><a href=\"https:\/\/albaluz.com\/en\/cumbia-coleccion\/\">CUMBIA<\/a><\/figcaption><\/figure>\n<\/div>\n<\/div>\n\n\n\n<div class=\"wp-block-columns is-layout-flex wp-container-core-columns-is-layout-9d6595d7 wp-block-columns-is-layout-flex\">\n<div class=\"wp-block-column is-layout-flow wp-block-column-is-layout-flow\">\n<figure class=\"wp-block-image size-large is-resized is-style-rounded\"><a href=\"https:\/\/albaluz.com\/en\/catalogo\/duck-coleccion\/\"><img loading=\"lazy\" decoding=\"async\" src=\"https:\/\/albaluz.com\/wp-content\/uploads\/2020\/06\/duck.png\" alt=\"\" class=\"wp-image-297\" width=\"175\" height=\"175\" srcset=\"https:\/\/albaluz.com\/wp-content\/uploads\/2020\/06\/duck.png 350w, https:\/\/albaluz.com\/wp-content\/uploads\/2020\/06\/duck-300x300.png 300w, https:\/\/albaluz.com\/wp-content\/uploads\/2020\/06\/duck-150x150.png 150w, https:\/\/albaluz.com\/wp-content\/uploads\/2020\/06\/duck-75x75.png 75w\" sizes=\"auto, (max-width: 175px) 100vw, 175px\" \/><\/a><figcaption><a href=\"https:\/\/albaluz.com\/en\/catalogo\/duck-coleccion\/\">DUCK<\/a><\/figcaption><\/figure>\n<\/div>\n\n\n\n<div class=\"wp-block-column is-layout-flow wp-block-column-is-layout-flow\">\n<figure class=\"wp-block-image size-large is-resized is-style-rounded\"><a href=\"https:\/\/albaluz.com\/en\/catalogo\/enzzio-coleccion\/\"><img loading=\"lazy\" decoding=\"async\" src=\"https:\/\/albaluz.com\/wp-content\/uploads\/2020\/06\/enzzio.png\" alt=\"\" class=\"wp-image-298\" width=\"175\" height=\"175\" srcset=\"https:\/\/albaluz.com\/wp-content\/uploads\/2020\/06\/enzzio.png 350w, https:\/\/albaluz.com\/wp-content\/uploads\/2020\/06\/enzzio-300x300.png 300w, https:\/\/albaluz.com\/wp-content\/uploads\/2020\/06\/enzzio-150x150.png 150w, https:\/\/albaluz.com\/wp-content\/uploads\/2020\/06\/enzzio-75x75.png 75w\" sizes=\"auto, (max-width: 175px) 100vw, 175px\" \/><\/a><figcaption><a href=\"https:\/\/albaluz.com\/en\/catalogo\/enzzio-coleccion\/\">ENZZIO<\/a><\/figcaption><\/figure>\n<\/div>\n\n\n\n<div class=\"wp-block-column is-layout-flow wp-block-column-is-layout-flow\">\n<figure class=\"wp-block-image size-large is-resized is-style-rounded\"><a href=\"https:\/\/albaluz.com\/en\/catalogo\/espejo-coleccion\/\"><img loading=\"lazy\" decoding=\"async\" src=\"https:\/\/albaluz.com\/wp-content\/uploads\/2020\/06\/espejo.png\" alt=\"\" class=\"wp-image-299\" width=\"175\" height=\"175\" srcset=\"https:\/\/albaluz.com\/wp-content\/uploads\/2020\/06\/espejo.png 350w, https:\/\/albaluz.com\/wp-content\/uploads\/2020\/06\/espejo-300x300.png 300w, https:\/\/albaluz.com\/wp-content\/uploads\/2020\/06\/espejo-150x150.png 150w, https:\/\/albaluz.com\/wp-content\/uploads\/2020\/06\/espejo-75x75.png 75w\" sizes=\"auto, (max-width: 175px) 100vw, 175px\" \/><\/a><figcaption><a href=\"https:\/\/albaluz.com\/en\/catalogo\/espejo-coleccion\/\">ESPEJO<\/a><\/figcaption><\/figure>\n<\/div>\n\n\n\n<div class=\"wp-block-column is-layout-flow wp-block-column-is-layout-flow\">\n<figure class=\"wp-block-image size-large is-resized is-style-rounded\"><a href=\"https:\/\/albaluz.com\/en\/catalogo\/fog-coleccion\/\"><img loading=\"lazy\" decoding=\"async\" src=\"https:\/\/albaluz.com\/wp-content\/uploads\/2020\/06\/fog.png\" alt=\"\" class=\"wp-image-300\" width=\"175\" height=\"175\" srcset=\"https:\/\/albaluz.com\/wp-content\/uploads\/2020\/06\/fog.png 350w, https:\/\/albaluz.com\/wp-content\/uploads\/2020\/06\/fog-300x300.png 300w, https:\/\/albaluz.com\/wp-content\/uploads\/2020\/06\/fog-150x150.png 150w, https:\/\/albaluz.com\/wp-content\/uploads\/2020\/06\/fog-75x75.png 75w\" sizes=\"auto, (max-width: 175px) 100vw, 175px\" \/><\/a><figcaption><a href=\"https:\/\/albaluz.com\/en\/catalogo\/fog-coleccion\/\">FOG<\/a><\/figcaption><\/figure>\n<\/div>\n\n\n\n<div class=\"wp-block-column is-layout-flow wp-block-column-is-layout-flow\">\n<figure class=\"wp-block-image size-large is-resized is-style-rounded\"><a href=\"https:\/\/albaluz.com\/en\/catalogo\/globe-coleccion\/\"><img loading=\"lazy\" decoding=\"async\" src=\"https:\/\/albaluz.com\/wp-content\/uploads\/2020\/06\/globe.png\" alt=\"\" class=\"wp-image-301\" width=\"175\" height=\"175\" srcset=\"https:\/\/albaluz.com\/wp-content\/uploads\/2020\/06\/globe.png 350w, https:\/\/albaluz.com\/wp-content\/uploads\/2020\/06\/globe-300x300.png 300w, https:\/\/albaluz.com\/wp-content\/uploads\/2020\/06\/globe-150x150.png 150w, https:\/\/albaluz.com\/wp-content\/uploads\/2020\/06\/globe-75x75.png 75w\" sizes=\"auto, (max-width: 175px) 100vw, 175px\" \/><\/a><figcaption><a href=\"https:\/\/albaluz.com\/en\/catalogo\/globe-coleccion\/\">GLOBE<\/a><\/figcaption><\/figure>\n<\/div>\n<\/div>\n\n\n\n<div class=\"wp-block-columns is-layout-flex wp-container-core-columns-is-layout-9d6595d7 wp-block-columns-is-layout-flex\">\n<div class=\"wp-block-column is-layout-flow wp-block-column-is-layout-flow\">\n<figure class=\"wp-block-image size-large is-resized is-style-rounded\"><a href=\"https:\/\/albaluz.com\/en\/catalogo\/guru-coleccion\/\"><img loading=\"lazy\" decoding=\"async\" src=\"https:\/\/albaluz.com\/wp-content\/uploads\/2020\/06\/guru.png\" alt=\"\" class=\"wp-image-302\" width=\"175\" height=\"175\" srcset=\"https:\/\/albaluz.com\/wp-content\/uploads\/2020\/06\/guru.png 350w, https:\/\/albaluz.com\/wp-content\/uploads\/2020\/06\/guru-300x300.png 300w, https:\/\/albaluz.com\/wp-content\/uploads\/2020\/06\/guru-150x150.png 150w, https:\/\/albaluz.com\/wp-content\/uploads\/2020\/06\/guru-75x75.png 75w\" sizes=\"auto, (max-width: 175px) 100vw, 175px\" \/><\/a><figcaption><a href=\"https:\/\/albaluz.com\/en\/catalogo\/guru-coleccion\/\">GURU<\/a><\/figcaption><\/figure>\n<\/div>\n\n\n\n<div class=\"wp-block-column is-layout-flow wp-block-column-is-layout-flow\">\n<figure class=\"wp-block-image size-large is-resized is-style-rounded\"><a href=\"https:\/\/albaluz.com\/en\/catalogo\/nim-coleccion\/\"><img loading=\"lazy\" decoding=\"async\" src=\"https:\/\/albaluz.com\/wp-content\/uploads\/2020\/06\/nim.png\" alt=\"\" class=\"wp-image-303\" width=\"175\" height=\"175\" srcset=\"https:\/\/albaluz.com\/wp-content\/uploads\/2020\/06\/nim.png 350w, https:\/\/albaluz.com\/wp-content\/uploads\/2020\/06\/nim-300x300.png 300w, https:\/\/albaluz.com\/wp-content\/uploads\/2020\/06\/nim-150x150.png 150w, https:\/\/albaluz.com\/wp-content\/uploads\/2020\/06\/nim-75x75.png 75w\" sizes=\"auto, (max-width: 175px) 100vw, 175px\" \/><\/a><figcaption><a href=\"https:\/\/albaluz.com\/en\/catalogo\/nim-coleccion\/\">NIM<\/a><\/figcaption><\/figure>\n<\/div>\n\n\n\n<div class=\"wp-block-column is-layout-flow wp-block-column-is-layout-flow\">\n<figure class=\"wp-block-image size-large is-resized is-style-rounded\"><a href=\"https:\/\/albaluz.com\/en\/catalogo\/ot-coleccion\/\"><img loading=\"lazy\" decoding=\"async\" src=\"https:\/\/albaluz.com\/wp-content\/uploads\/2020\/06\/ot.png\" alt=\"\" class=\"wp-image-304\" width=\"175\" height=\"175\" srcset=\"https:\/\/albaluz.com\/wp-content\/uploads\/2020\/06\/ot.png 350w, https:\/\/albaluz.com\/wp-content\/uploads\/2020\/06\/ot-300x300.png 300w, https:\/\/albaluz.com\/wp-content\/uploads\/2020\/06\/ot-150x150.png 150w, https:\/\/albaluz.com\/wp-content\/uploads\/2020\/06\/ot-75x75.png 75w\" sizes=\"auto, (max-width: 175px) 100vw, 175px\" \/><\/a><figcaption><a href=\"https:\/\/albaluz.com\/en\/catalogo\/ot-coleccion\/\">OT<\/a><\/figcaption><\/figure>\n<\/div>\n\n\n\n<div class=\"wp-block-column is-layout-flow wp-block-column-is-layout-flow\">\n<figure class=\"wp-block-image size-large is-resized is-style-rounded\"><a href=\"https:\/\/albaluz.com\/en\/catalogo\/perla-coleccion\/\"><img loading=\"lazy\" decoding=\"async\" src=\"https:\/\/albaluz.com\/wp-content\/uploads\/2020\/06\/perla.png\" alt=\"\" class=\"wp-image-305\" width=\"175\" height=\"175\" srcset=\"https:\/\/albaluz.com\/wp-content\/uploads\/2020\/06\/perla.png 350w, https:\/\/albaluz.com\/wp-content\/uploads\/2020\/06\/perla-300x300.png 300w, https:\/\/albaluz.com\/wp-content\/uploads\/2020\/06\/perla-150x150.png 150w, https:\/\/albaluz.com\/wp-content\/uploads\/2020\/06\/perla-75x75.png 75w\" sizes=\"auto, (max-width: 175px) 100vw, 175px\" \/><\/a><figcaption><a href=\"https:\/\/albaluz.com\/en\/catalogo\/perla-coleccion\/\">PERLA<\/a><\/figcaption><\/figure>\n<\/div>\n\n\n\n<div class=\"wp-block-column is-layout-flow wp-block-column-is-layout-flow\">\n<figure class=\"wp-block-image size-large is-resized is-style-rounded\"><a href=\"https:\/\/albaluz.com\/en\/catalogo\/slim-coleccion\/\"><img loading=\"lazy\" decoding=\"async\" src=\"https:\/\/albaluz.com\/wp-content\/uploads\/2020\/06\/slim.png\" alt=\"\" class=\"wp-image-306\" width=\"175\" height=\"175\" srcset=\"https:\/\/albaluz.com\/wp-content\/uploads\/2020\/06\/slim.png 350w, https:\/\/albaluz.com\/wp-content\/uploads\/2020\/06\/slim-300x300.png 300w, https:\/\/albaluz.com\/wp-content\/uploads\/2020\/06\/slim-150x150.png 150w, https:\/\/albaluz.com\/wp-content\/uploads\/2020\/06\/slim-75x75.png 75w\" sizes=\"auto, (max-width: 175px) 100vw, 175px\" \/><\/a><figcaption><a href=\"https:\/\/albaluz.com\/en\/catalogo\/slim-coleccion\/\">SLIM<\/a><\/figcaption><\/figure>\n<\/div>\n<\/div>\n\n\n\n<div class=\"wp-block-columns is-layout-flex wp-container-core-columns-is-layout-9d6595d7 wp-block-columns-is-layout-flex\">\n<div class=\"wp-block-column is-layout-flow wp-block-column-is-layout-flow\">\n<figure class=\"wp-block-image size-large is-resized is-style-rounded\"><a href=\"https:\/\/albaluz.com\/en\/catalogo\/yoe-coleccion\/\"><img loading=\"lazy\" decoding=\"async\" src=\"https:\/\/albaluz.com\/wp-content\/uploads\/2020\/06\/yoe.png\" alt=\"\" class=\"wp-image-307\" width=\"175\" height=\"175\" srcset=\"https:\/\/albaluz.com\/wp-content\/uploads\/2020\/06\/yoe.png 350w, https:\/\/albaluz.com\/wp-content\/uploads\/2020\/06\/yoe-300x300.png 300w, https:\/\/albaluz.com\/wp-content\/uploads\/2020\/06\/yoe-150x150.png 150w, https:\/\/albaluz.com\/wp-content\/uploads\/2020\/06\/yoe-75x75.png 75w\" sizes=\"auto, (max-width: 175px) 100vw, 175px\" \/><\/a><figcaption><a href=\"https:\/\/albaluz.com\/en\/catalogo\/yoe-coleccion\/\">YOE<\/a><\/figcaption><\/figure>\n<\/div>\n\n\n\n<div class=\"wp-block-column is-layout-flow wp-block-column-is-layout-flow\">\n<figure class=\"wp-block-image size-large is-resized is-style-rounded\"><a href=\"https:\/\/albaluz.com\/en\/catalogo\/zhero-coleccion\/\"><img loading=\"lazy\" decoding=\"async\" src=\"https:\/\/albaluz.com\/wp-content\/uploads\/2020\/06\/zhero.png\" alt=\"\" class=\"wp-image-308\" width=\"175\" height=\"175\" srcset=\"https:\/\/albaluz.com\/wp-content\/uploads\/2020\/06\/zhero.png 350w, https:\/\/albaluz.com\/wp-content\/uploads\/2020\/06\/zhero-300x300.png 300w, https:\/\/albaluz.com\/wp-content\/uploads\/2020\/06\/zhero-150x150.png 150w, https:\/\/albaluz.com\/wp-content\/uploads\/2020\/06\/zhero-75x75.png 75w\" sizes=\"auto, (max-width: 175px) 100vw, 175px\" \/><\/a><figcaption><a href=\"https:\/\/albaluz.com\/en\/catalogo\/zhero-coleccion\/\">ZHERO<\/a><\/figcaption><\/figure>\n<\/div>\n\n\n\n<div class=\"wp-block-column is-layout-flow wp-block-column-is-layout-flow\"><\/div>\n\n\n\n<div class=\"wp-block-column is-layout-flow wp-block-column-is-layout-flow\"><\/div>\n\n\n\n<div class=\"wp-block-column is-layout-flow wp-block-column-is-layout-flow\"><\/div>\n<\/div>\n\n\n\n<p>&gt;&gt; <a href=\"https:\/\/albaluz.com\/en\/descargas\/\"><strong>Get the complete Catalogue 2020<\/strong><\/a><\/p>","protected":false},"excerpt":{"rendered":"<p>&gt;&gt; Obtener el Cat\u00e1logo completo 2020<\/p>","protected":false},"author":2,"featured_media":0,"parent":0,"menu_order":0,"comment_status":"closed","ping_status":"closed","template":"","meta":{"footnotes":""},"class_list":["post-163","page","type-page","status-publish","hentry"],"yoast_head":"<!-- This site is optimized with the Yoast SEO plugin v27.4 - https:\/\/yoast.com\/product\/yoast-seo-wordpress\/ -->\n<title>Cat\u00e1logo - ALBALUZ ILUMINACI\u00d3N<\/title>\n<meta name=\"robots\" content=\"index, follow, max-snippet:-1, max-image-preview:large, max-video-preview:-1\" \/>\n<link rel=\"canonical\" href=\"https:\/\/albaluz.com\/en\/catalogo\/\" \/>\n<meta property=\"og:locale\" content=\"en_GB\" \/>\n<meta property=\"og:type\" content=\"article\" \/>\n<meta property=\"og:title\" content=\"Cat\u00e1logo - ALBALUZ ILUMINACI\u00d3N\" \/>\n<meta property=\"og:description\" content=\"&gt;&gt; Obtener el Cat\u00e1logo completo 2020\" \/>\n<meta property=\"og:url\" content=\"https:\/\/albaluz.com\/en\/catalogo\/\" \/>\n<meta property=\"og:site_name\" content=\"ALBALUZ ILUMINACI\u00d3N\" \/>\n<meta property=\"article:modified_time\" content=\"2020-08-04T09:29:33+00:00\" \/>\n<meta property=\"og:image\" content=\"https:\/\/albaluz.com\/wp-content\/uploads\/2020\/06\/astoria.png\" \/>\n\t<meta property=\"og:image:width\" content=\"350\" \/>\n\t<meta property=\"og:image:height\" content=\"350\" \/>\n\t<meta property=\"og:image:type\" content=\"image\/png\" \/>\n<meta name=\"twitter:card\" content=\"summary_large_image\" \/>\n<script type=\"application\/ld+json\" class=\"yoast-schema-graph\">{\"@context\":\"https:\\\/\\\/schema.org\",\"@graph\":[{\"@type\":\"WebPage\",\"@id\":\"https:\\\/\\\/albaluz.com\\\/catalogo\\\/\",\"url\":\"https:\\\/\\\/albaluz.com\\\/catalogo\\\/\",\"name\":\"Cat\u00e1logo - ALBALUZ ILUMINACI\u00d3N\",\"isPartOf\":{\"@id\":\"https:\\\/\\\/albaluz.com\\\/#website\"},\"primaryImageOfPage\":{\"@id\":\"https:\\\/\\\/albaluz.com\\\/catalogo\\\/#primaryimage\"},\"image\":{\"@id\":\"https:\\\/\\\/albaluz.com\\\/catalogo\\\/#primaryimage\"},\"thumbnailUrl\":\"https:\\\/\\\/albaluz.com\\\/wp-content\\\/uploads\\\/2020\\\/06\\\/astoria.png\",\"datePublished\":\"2020-06-22T15:19:41+00:00\",\"dateModified\":\"2020-08-04T09:29:33+00:00\",\"breadcrumb\":{\"@id\":\"https:\\\/\\\/albaluz.com\\\/catalogo\\\/#breadcrumb\"},\"inLanguage\":\"en-GB\",\"potentialAction\":[{\"@type\":\"ReadAction\",\"target\":[\"https:\\\/\\\/albaluz.com\\\/catalogo\\\/\"]}]},{\"@type\":\"ImageObject\",\"inLanguage\":\"en-GB\",\"@id\":\"https:\\\/\\\/albaluz.com\\\/catalogo\\\/#primaryimage\",\"url\":\"https:\\\/\\\/albaluz.com\\\/wp-content\\\/uploads\\\/2020\\\/06\\\/astoria.png\",\"contentUrl\":\"https:\\\/\\\/albaluz.com\\\/wp-content\\\/uploads\\\/2020\\\/06\\\/astoria.png\"},{\"@type\":\"BreadcrumbList\",\"@id\":\"https:\\\/\\\/albaluz.com\\\/catalogo\\\/#breadcrumb\",\"itemListElement\":[{\"@type\":\"ListItem\",\"position\":1,\"name\":\"Portada\",\"item\":\"https:\\\/\\\/albaluz.com\\\/\"},{\"@type\":\"ListItem\",\"position\":2,\"name\":\"Cat\u00e1logo\"}]},{\"@type\":\"WebSite\",\"@id\":\"https:\\\/\\\/albaluz.com\\\/#website\",\"url\":\"https:\\\/\\\/albaluz.com\\\/\",\"name\":\"ALBALUZ ILUMINACI\u00d3N\",\"description\":\"Proyectos de dise\u00f1o exclusivo\",\"publisher\":{\"@id\":\"https:\\\/\\\/albaluz.com\\\/#organization\"},\"potentialAction\":[{\"@type\":\"SearchAction\",\"target\":{\"@type\":\"EntryPoint\",\"urlTemplate\":\"https:\\\/\\\/albaluz.com\\\/?s={search_term_string}\"},\"query-input\":{\"@type\":\"PropertyValueSpecification\",\"valueRequired\":true,\"valueName\":\"search_term_string\"}}],\"inLanguage\":\"en-GB\"},{\"@type\":\"Organization\",\"@id\":\"https:\\\/\\\/albaluz.com\\\/#organization\",\"name\":\"ALBALUZ ILUMINACI\u00d3N\",\"url\":\"https:\\\/\\\/albaluz.com\\\/\",\"logo\":{\"@type\":\"ImageObject\",\"inLanguage\":\"en-GB\",\"@id\":\"https:\\\/\\\/albaluz.com\\\/#\\\/schema\\\/logo\\\/image\\\/\",\"url\":\"https:\\\/\\\/albaluz.com\\\/wp-content\\\/uploads\\\/2020\\\/06\\\/albaluz-new-logo.jpg\",\"contentUrl\":\"https:\\\/\\\/albaluz.com\\\/wp-content\\\/uploads\\\/2020\\\/06\\\/albaluz-new-logo.jpg\",\"width\":977,\"height\":176,\"caption\":\"ALBALUZ ILUMINACI\u00d3N\"},\"image\":{\"@id\":\"https:\\\/\\\/albaluz.com\\\/#\\\/schema\\\/logo\\\/image\\\/\"}}]}<\/script>\n<!-- \/ Yoast SEO plugin. -->","yoast_head_json":{"title":"Cat\u00e1logo - ALBALUZ ILUMINACI\u00d3N","robots":{"index":"index","follow":"follow","max-snippet":"max-snippet:-1","max-image-preview":"max-image-preview:large","max-video-preview":"max-video-preview:-1"},"canonical":"https:\/\/albaluz.com\/en\/catalogo\/","og_locale":"en_GB","og_type":"article","og_title":"Cat\u00e1logo - ALBALUZ ILUMINACI\u00d3N","og_description":"&gt;&gt; Obtener el Cat\u00e1logo completo 2020","og_url":"https:\/\/albaluz.com\/en\/catalogo\/","og_site_name":"ALBALUZ ILUMINACI\u00d3N","article_modified_time":"2020-08-04T09:29:33+00:00","og_image":[{"width":350,"height":350,"url":"https:\/\/albaluz.com\/wp-content\/uploads\/2020\/06\/astoria.png","type":"image\/png"}],"twitter_card":"summary_large_image","schema":{"@context":"https:\/\/schema.org","@graph":[{"@type":"WebPage","@id":"https:\/\/albaluz.com\/catalogo\/","url":"https:\/\/albaluz.com\/catalogo\/","name":"Cat\u00e1logo - ALBALUZ ILUMINACI\u00d3N","isPartOf":{"@id":"https:\/\/albaluz.com\/#website"},"primaryImageOfPage":{"@id":"https:\/\/albaluz.com\/catalogo\/#primaryimage"},"image":{"@id":"https:\/\/albaluz.com\/catalogo\/#primaryimage"},"thumbnailUrl":"https:\/\/albaluz.com\/wp-content\/uploads\/2020\/06\/astoria.png","datePublished":"2020-06-22T15:19:41+00:00","dateModified":"2020-08-04T09:29:33+00:00","breadcrumb":{"@id":"https:\/\/albaluz.com\/catalogo\/#breadcrumb"},"inLanguage":"en-GB","potentialAction":[{"@type":"ReadAction","target":["https:\/\/albaluz.com\/catalogo\/"]}]},{"@type":"ImageObject","inLanguage":"en-GB","@id":"https:\/\/albaluz.com\/catalogo\/#primaryimage","url":"https:\/\/albaluz.com\/wp-content\/uploads\/2020\/06\/astoria.png","contentUrl":"https:\/\/albaluz.com\/wp-content\/uploads\/2020\/06\/astoria.png"},{"@type":"BreadcrumbList","@id":"https:\/\/albaluz.com\/catalogo\/#breadcrumb","itemListElement":[{"@type":"ListItem","position":1,"name":"Portada","item":"https:\/\/albaluz.com\/"},{"@type":"ListItem","position":2,"name":"Cat\u00e1logo"}]},{"@type":"WebSite","@id":"https:\/\/albaluz.com\/#website","url":"https:\/\/albaluz.com\/","name":"ALBALUZ ILUMINACI\u00d3N","description":"Proyectos de dise\u00f1o exclusivo","publisher":{"@id":"https:\/\/albaluz.com\/#organization"},"potentialAction":[{"@type":"SearchAction","target":{"@type":"EntryPoint","urlTemplate":"https:\/\/albaluz.com\/?s={search_term_string}"},"query-input":{"@type":"PropertyValueSpecification","valueRequired":true,"valueName":"search_term_string"}}],"inLanguage":"en-GB"},{"@type":"Organization","@id":"https:\/\/albaluz.com\/#organization","name":"ALBALUZ ILUMINACI\u00d3N","url":"https:\/\/albaluz.com\/","logo":{"@type":"ImageObject","inLanguage":"en-GB","@id":"https:\/\/albaluz.com\/#\/schema\/logo\/image\/","url":"https:\/\/albaluz.com\/wp-content\/uploads\/2020\/06\/albaluz-new-logo.jpg","contentUrl":"https:\/\/albaluz.com\/wp-content\/uploads\/2020\/06\/albaluz-new-logo.jpg","width":977,"height":176,"caption":"ALBALUZ ILUMINACI\u00d3N"},"image":{"@id":"https:\/\/albaluz.com\/#\/schema\/logo\/image\/"}}]}},"acf":[],"jetpack_sharing_enabled":true,"_links":{"self":[{"href":"http:\/\/albaluz.com\/en\/wp-json\/wp\/v2\/pages\/163","targetHints":{"allow":["GET"]}}],"collection":[{"href":"http:\/\/albaluz.com\/en\/wp-json\/wp\/v2\/pages"}],"about":[{"href":"http:\/\/albaluz.com\/en\/wp-json\/wp\/v2\/types\/page"}],"author":[{"embeddable":true,"href":"http:\/\/albaluz.com\/en\/wp-json\/wp\/v2\/users\/2"}],"replies":[{"embeddable":true,"href":"http:\/\/albaluz.com\/en\/wp-json\/wp\/v2\/comments?post=163"}],"version-history":[{"count":31,"href":"http:\/\/albaluz.com\/en\/wp-json\/wp\/v2\/pages\/163\/revisions"}],"predecessor-version":[{"id":731,"href":"http:\/\/albaluz.com\/en\/wp-json\/wp\/v2\/pages\/163\/revisions\/731"}],"wp:attachment":[{"href":"http:\/\/albaluz.com\/en\/wp-json\/wp\/v2\/media?parent=163"}],"curies":[{"name":"wp","href":"https:\/\/api.w.org\/{rel}","templated":true}]}}